{"id":15019,"date":"2021-03-12T17:30:42","date_gmt":"2021-03-12T17:30:42","guid":{"rendered":"https:\/\/cryptocurrencycodes.com\/o-strankach\/"},"modified":"2022-10-24T07:02:38","modified_gmt":"2022-10-24T07:02:38","slug":"o-strankach","status":"publish","type":"page","link":"https:\/\/cryptocurrencycodes.com\/cs\/o-strankach\/","title":{"rendered":"O str\u00e1nk\u00e1ch"},"content":{"rendered":"\n<p>V\u00edtejte na str\u00e1nk\u00e1ch <a href=\"https:\/\/cryptocurrencycodes.com\/cs\/\" class=\"rank-math-link\">Cryptocurrency Codes<\/a>!<\/p>\n\n<p>Najdeme ty nejlep\u0161\u00ed bonusy, doporu\u010den\u00ed a nab\u00eddky ve sv\u011bt\u011b kryptom\u011bn a shrom\u00e1\u017ed\u00edme je na jednom m\u00edst\u011b &#8211; co\u017e z n\u00e1s d\u011bl\u00e1 nejlep\u0161\u00ed zdroj krypto nab\u00eddek na internetu.<\/p>\n\n<p>Tato str\u00e1nka byla zalo\u017eena v roce 2021 a je vlastn\u011bna a provozov\u00e1na spole\u010dnost\u00ed Black Sands Media Limited &#8211; digit\u00e1ln\u00ed medi\u00e1ln\u00ed spole\u010dnost\u00ed, kter\u00e1 slou\u017e\u00ed celosv\u011btov\u00e9mu publiku.<\/p>\n\n<p>Pot\u0159ebujete se spojit? Nav\u0161tivte <a href=\"https:\/\/cryptocurrencycodes.com\/cs\/kontakt\/\" class=\"rank-math-link\">kontaktn\u00ed str\u00e1nku<\/a> a vypl\u0148te formul\u00e1\u0159.<\/p>\n","protected":false},"excerpt":{"rendered":"<p>V\u00edtejte na str\u00e1nk\u00e1ch Cryptocurrency Codes! Najdeme ty nejlep\u0161\u00ed bonusy, doporu\u010den\u00ed a nab\u00eddky ve sv\u011bt\u011b kryptom\u011bn a shrom\u00e1\u017ed\u00edme je na jednom m\u00edst\u011b &#8211; co\u017e z n\u00e1s d\u011bl\u00e1 nejlep\u0161\u00ed zdroj krypto nab\u00eddek na internetu. Tato str\u00e1nka byla &#8230; <a title=\"O str\u00e1nk\u00e1ch\" class=\"read-more\" href=\"https:\/\/cryptocurrencycodes.com\/cs\/o-strankach\/\" aria-label=\"More on O str\u00e1nk\u00e1ch\">read more<\/a><\/p>\n","protected":false},"author":1,"featured_media":0,"parent":0,"menu_order":0,"comment_status":"closed","ping_status":"closed","template":"","meta":{"_uag_custom_page_level_css":"","footnotes":""},"class_list":{"0":"post-15019","1":"page","2":"type-page","3":"status-publish","5":"infinite-scroll-item"},"uagb_featured_image_src":{"full":false,"thumbnail":false,"medium":false,"medium_large":false,"large":false,"1536x1536":false,"2048x2048":false},"uagb_author_info":{"display_name":"CryptocurrencyCodes.com","author_link":"https:\/\/cryptocurrencycodes.com\/cs\/author\/blacksands\/"},"uagb_comment_info":0,"uagb_excerpt":"V\u00edtejte na str\u00e1nk\u00e1ch Cryptocurrency Codes! Najdeme ty nejlep\u0161\u00ed bonusy, doporu\u010den\u00ed a nab\u00eddky ve sv\u011bt\u011b kryptom\u011bn a shrom\u00e1\u017ed\u00edme je na jednom m\u00edst\u011b &#8211; co\u017e z n\u00e1s d\u011bl\u00e1 nejlep\u0161\u00ed zdroj krypto nab\u00eddek na internetu. Tato str\u00e1nka byla ... read more","_links":{"self":[{"href":"https:\/\/cryptocurrencycodes.com\/cs\/wp-json\/wp\/v2\/pages\/15019","targetHints":{"allow":["GET"]}}],"collection":[{"href":"https:\/\/cryptocurrencycodes.com\/cs\/wp-json\/wp\/v2\/pages"}],"about":[{"href":"https:\/\/cryptocurrencycodes.com\/cs\/wp-json\/wp\/v2\/types\/page"}],"author":[{"embeddable":true,"href":"https:\/\/cryptocurrencycodes.com\/cs\/wp-json\/wp\/v2\/users\/1"}],"replies":[{"embeddable":true,"href":"https:\/\/cryptocurrencycodes.com\/cs\/wp-json\/wp\/v2\/comments?post=15019"}],"version-history":[{"count":3,"href":"https:\/\/cryptocurrencycodes.com\/cs\/wp-json\/wp\/v2\/pages\/15019\/revisions"}],"predecessor-version":[{"id":15060,"href":"https:\/\/cryptocurrencycodes.com\/cs\/wp-json\/wp\/v2\/pages\/15019\/revisions\/15060"}],"wp:attachment":[{"href":"https:\/\/cryptocurrencycodes.com\/cs\/wp-json\/wp\/v2\/media?parent=15019"}],"curies":[{"name":"wp","href":"https:\/\/api.w.org\/{rel}","templated":true}]}}