{"id":15144,"date":"2021-03-12T20:22:13","date_gmt":"2021-03-12T20:22:13","guid":{"rendered":"https:\/\/cryptocurrencycodes.com\/zasady-ochrany-osobnich-udaju\/"},"modified":"2022-10-24T07:02:47","modified_gmt":"2022-10-24T07:02:47","slug":"zasady-ochrany-osobnich-udaju","status":"publish","type":"page","link":"https:\/\/cryptocurrencycodes.com\/cs\/zasady-ochrany-osobnich-udaju\/","title":{"rendered":"Z\u00e1sady ochrany osobn\u00edch \u00fadaj\u016f"},"content":{"rendered":"\n<p>Va\u0161e soukrom\u00ed je pro n\u00e1s d\u016fle\u017eit\u00e9. Z\u00e1sadou spole\u010dnosti Crypto Media Group je respektovat va\u0161e soukrom\u00ed, pokud jde o jak\u00e9koli informace, kter\u00e9 od v\u00e1s m\u016f\u017eeme shroma\u017e\u010fovat na na\u0161ich webov\u00fdch str\u00e1nk\u00e1ch cryptocurrencycodes.com a na dal\u0161\u00edch str\u00e1nk\u00e1ch, kter\u00e9 vlastn\u00edme a provozujeme.<\/p>\n\n<h3 class=\"wp-block-heading\"><strong>1. Informace, kter\u00e9 shroma\u017e\u010fujeme<\/strong><\/h3>\n\n<h4 class=\"wp-block-heading\"><strong>\u00dadaje z protokolu<\/strong><\/h4>\n\n<p>P\u0159i n\u00e1v\u0161t\u011bv\u011b na\u0161ich webov\u00fdch str\u00e1nek mohou na\u0161e servery automaticky zaznamen\u00e1vat standardn\u00ed \u00fadaje poskytovan\u00e9 va\u0161\u00edm webov\u00fdm prohl\u00ed\u017ee\u010dem. M\u016f\u017ee obsahovat adresu IP va\u0161eho po\u010d\u00edta\u010de, typ a verzi prohl\u00ed\u017ee\u010de, nav\u0161t\u00edven\u00e9 str\u00e1nky, \u010das a datum n\u00e1v\u0161t\u011bvy, \u010das str\u00e1ven\u00fd na jednotliv\u00fdch str\u00e1nk\u00e1ch a dal\u0161\u00ed podrobnosti.<\/p>\n\n<h4 class=\"wp-block-heading\"><strong>\u00dadaje o za\u0159\u00edzen\u00ed<\/strong><\/h4>\n\n<p>M\u016f\u017eeme tak\u00e9 shroma\u017e\u010fovat \u00fadaje o za\u0159\u00edzen\u00ed, kter\u00e9 pou\u017e\u00edv\u00e1te k p\u0159\u00edstupu na na\u0161e webov\u00e9 str\u00e1nky. Tyto \u00fadaje mohou zahrnovat typ za\u0159\u00edzen\u00ed, opera\u010dn\u00ed syst\u00e9m, jedine\u010dn\u00e9 identifik\u00e1tory za\u0159\u00edzen\u00ed, nastaven\u00ed za\u0159\u00edzen\u00ed a \u00fadaje o zem\u011bpisn\u00e9 poloze. To, co shroma\u017e\u010fujeme, m\u016f\u017ee z\u00e1viset na individu\u00e1ln\u00edm nastaven\u00ed va\u0161eho za\u0159\u00edzen\u00ed a softwaru. Doporu\u010dujeme zkontrolovat z\u00e1sady v\u00fdrobce za\u0159\u00edzen\u00ed nebo poskytovatele softwaru a zjistit, jak\u00e9 informace n\u00e1m zp\u0159\u00edstup\u0148uj\u00ed.<\/p>\n\n<h4 class=\"wp-block-heading\"><strong>Osobn\u00ed \u00fadaje<\/strong><\/h4>\n\n<p>M\u016f\u017eeme v\u00e1s po\u017e\u00e1dat o osobn\u00ed \u00fadaje, jako jsou:<\/p>\n\n<ul class=\"wp-block-list\"><li>N\u00e1zev<\/li><li>E-mail<\/li><li>Profily na soci\u00e1ln\u00edch s\u00edt\u00edch<\/li><li>Datum narozen\u00ed<\/li><li>Telefonn\u00ed \u010d\u00edslo\/mobiln\u00ed \u010d\u00edslo<\/li><li>Domovsk\u00e1\/po\u0161tovn\u00ed adresa<\/li><li>Pracovn\u00ed adresa<\/li><li>Informace o platb\u011b<\/li><\/ul>\n\n<h3 class=\"wp-block-heading\"><strong>2. Pr\u00e1vn\u00ed z\u00e1klady pro zpracov\u00e1n\u00ed<\/strong><\/h3>\n\n<p>Va\u0161e osobn\u00ed \u00fadaje budeme zpracov\u00e1vat z\u00e1konn\u00fdm, spravedliv\u00fdm a transparentn\u00edm zp\u016fsobem. Informace o v\u00e1s shroma\u017e\u010fujeme a zpracov\u00e1v\u00e1me pouze v p\u0159\u00edpadech, kdy k tomu m\u00e1me pr\u00e1vn\u00ed z\u00e1klad.<\/p>\n\n<p>Tyto pr\u00e1vn\u00ed z\u00e1klady z\u00e1vis\u00ed na slu\u017eb\u00e1ch, kter\u00e9 vyu\u017e\u00edv\u00e1te, a na tom, jak je vyu\u017e\u00edv\u00e1te, co\u017e znamen\u00e1, \u017ee va\u0161e \u00fadaje shroma\u017e\u010fujeme a pou\u017e\u00edv\u00e1me pouze tehdy, pokud:<\/p>\n\n<ul class=\"wp-block-list\"><li>je to nezbytn\u00e9 pro pln\u011bn\u00ed smlouvy, jej\u00ed\u017e jste smluvn\u00ed stranou, nebo pro proveden\u00ed krok\u016f na va\u0161i \u017e\u00e1dost p\u0159ed uzav\u0159en\u00edm takov\u00e9 smlouvy (nap\u0159\u00edklad kdy\u017e poskytujeme slu\u017ebu, kterou od n\u00e1s po\u017eadujete);<\/li><li>je to v souladu s opr\u00e1vn\u011bn\u00fdm z\u00e1jmem (kter\u00fd nep\u0159eva\u017euje nad va\u0161imi z\u00e1jmy na ochranu \u00fadaj\u016f), nap\u0159\u00edklad pro \u00fa\u010dely v\u00fdzkumu a v\u00fdvoje, pro uv\u00e1d\u011bn\u00ed na\u0161ich slu\u017eeb na trh a jejich propagaci a pro ochranu na\u0161ich z\u00e1konn\u00fdch pr\u00e1v a z\u00e1jm\u016f;<\/li><li>n\u00e1m k tomu ud\u011bl\u00edte souhlas za ur\u010dit\u00fdm \u00fa\u010delem (nap\u0159\u00edklad n\u00e1m d\u00e1te souhlas se zas\u00edl\u00e1n\u00edm na\u0161eho newsletteru); nebo<\/li><li>mus\u00edme zpracov\u00e1vat va\u0161e \u00fadaje, abychom splnili z\u00e1konnou povinnost.<\/li><\/ul>\n\n<p>Pokud n\u00e1m ud\u011bl\u00edte souhlas s pou\u017eit\u00edm informac\u00ed o v\u00e1s pro ur\u010dit\u00fd \u00fa\u010del, m\u00e1te pr\u00e1vo si to kdykoli rozmyslet (to v\u0161ak nem\u00e1 vliv na ji\u017e proveden\u00e9 zpracov\u00e1n\u00ed).<\/p>\n\n<p>Osobn\u00ed \u00fadaje neuchov\u00e1v\u00e1me d\u00e9le, ne\u017e je nutn\u00e9. Zat\u00edmco tyto informace uchov\u00e1v\u00e1me, chr\u00e1n\u00edme je v r\u00e1mci komer\u010dn\u011b p\u0159ijateln\u00fdch prost\u0159edk\u016f, abychom zabr\u00e1nili jejich ztr\u00e1t\u011b a kr\u00e1de\u017ei, jako\u017e i neopr\u00e1vn\u011bn\u00e9mu p\u0159\u00edstupu, zve\u0159ejn\u011bn\u00ed, kop\u00edrov\u00e1n\u00ed, pou\u017eit\u00ed nebo \u00faprav\u00e1m. P\u0159esto upozor\u0148ujeme, \u017ee \u017e\u00e1dn\u00fd zp\u016fsob elektronick\u00e9ho p\u0159enosu nebo ukl\u00e1d\u00e1n\u00ed nen\u00ed 100% bezpe\u010dn\u00fd a nelze zaru\u010dit absolutn\u00ed bezpe\u010dnost dat. V p\u0159\u00edpad\u011b pot\u0159eby m\u016f\u017eeme va\u0161e osobn\u00ed \u00fadaje uchov\u00e1vat za \u00fa\u010delem spln\u011bn\u00ed z\u00e1konn\u00e9 povinnosti nebo ochrany va\u0161ich \u017eivotn\u011b d\u016fle\u017eit\u00fdch z\u00e1jm\u016f nebo \u017eivotn\u011b d\u016fle\u017eit\u00fdch z\u00e1jm\u016f jin\u00e9 fyzick\u00e9 osoby.<\/p>\n\n<h3 class=\"wp-block-heading\"><strong>3. Shroma\u017e\u010fov\u00e1n\u00ed a pou\u017e\u00edv\u00e1n\u00ed informac\u00ed<\/strong><\/h3>\n\n<p>Informace m\u016f\u017eeme shroma\u017e\u010fovat, uchov\u00e1vat, pou\u017e\u00edvat a zve\u0159ej\u0148ovat pro n\u00e1sleduj\u00edc\u00ed \u00fa\u010dely a osobn\u00ed \u00fadaje nebudou d\u00e1le zpracov\u00e1v\u00e1ny zp\u016fsobem, kter\u00fd je s t\u011bmito \u00fa\u010dely neslu\u010diteln\u00fd:<\/p>\n\n<ul class=\"wp-block-list\"><li>abyste si mohli p\u0159izp\u016fsobit nebo personalizovat na\u0161e webov\u00e9 str\u00e1nky;<\/li><li>abyste mohli p\u0159istupovat k na\u0161im webov\u00fdm str\u00e1nk\u00e1m, p\u0159idru\u017een\u00fdm aplikac\u00edm a p\u0159idru\u017een\u00fdm platform\u00e1m soci\u00e1ln\u00edch m\u00e9di\u00ed a pou\u017e\u00edvat je;<\/li><li>kontaktovat v\u00e1s a komunikovat s v\u00e1mi;<\/li><li>pro intern\u00ed evidenci a administrativn\u00ed \u00fa\u010dely;<\/li><li>pro anal\u00fdzu, pr\u016fzkum trhu a rozvoj podnik\u00e1n\u00ed, v\u010detn\u011b provozov\u00e1n\u00ed a zlep\u0161ov\u00e1n\u00ed na\u0161ich webov\u00fdch str\u00e1nek, souvisej\u00edc\u00edch aplikac\u00ed a souvisej\u00edc\u00edch platforem soci\u00e1ln\u00edch m\u00e9di\u00ed;<\/li><li>po\u0159\u00e1dat sout\u011b\u017ee a\/nebo v\u00e1m nab\u00edzet dal\u0161\u00ed v\u00fdhody;<\/li><li>pro \u00fa\u010dely reklamy a marketingu, v\u010detn\u011b zas\u00edl\u00e1n\u00ed propaga\u010dn\u00edch informac\u00ed o na\u0161ich produktech a slu\u017eb\u00e1ch a informac\u00ed o t\u0159et\u00edch stran\u00e1ch, kter\u00e9 by v\u00e1s podle na\u0161eho n\u00e1zoru mohly zaj\u00edmat;<\/li><li>dodr\u017eovat na\u0161e z\u00e1konn\u00e9 povinnosti a \u0159e\u0161it p\u0159\u00edpadn\u00e9 spory; a<\/li><li>zv\u00e1\u017eit va\u0161i \u017e\u00e1dost o zam\u011bstn\u00e1n\u00ed.<\/li><\/ul>\n\n<h3 class=\"wp-block-heading\"><strong>4. Poskytov\u00e1n\u00ed osobn\u00edch \u00fadaj\u016f t\u0159et\u00edm stran\u00e1m<\/strong><\/h3>\n\n<p>Osobn\u00ed \u00fadaje m\u016f\u017eeme zp\u0159\u00edstupnit:<\/p>\n\n<ul class=\"wp-block-list\"><li>poskytovatel\u016fm slu\u017eeb t\u0159et\u00edch stran za \u00fa\u010delem umo\u017en\u011bn\u00ed poskytov\u00e1n\u00ed jejich slu\u017eeb, v\u010detn\u011b (bez omezen\u00ed) poskytovatel\u016f IT slu\u017eeb, poskytovatel\u016f datov\u00fdch \u00falo\u017ei\u0161\u0165, hostingov\u00fdch slu\u017eeb a server\u016f, reklamn\u00edch s\u00edt\u00ed, analytick\u00fdch slu\u017eeb, z\u00e1znamn\u00edk\u016f chyb, vymaha\u010d\u016f dluh\u016f, poskytovatel\u016f \u00fadr\u017eby nebo \u0159e\u0161en\u00ed probl\u00e9m\u016f, poskytovatel\u016f marketingov\u00fdch nebo reklamn\u00edch slu\u017eeb, odborn\u00fdch poradc\u016f a provozovatel\u016f platebn\u00edch syst\u00e9m\u016f;<\/li><li>na\u0161i zam\u011bstnanci, dodavatel\u00e9 a\/nebo sp\u0159\u00edzn\u011bn\u00e9 subjekty;<\/li><li>sponzo\u0159i nebo po\u0159adatel\u00e9 jak\u00e9koli sout\u011b\u017ee, kterou po\u0159\u00e1d\u00e1me;<\/li><li>agentur\u00e1m poskytuj\u00edc\u00edm \u00fav\u011brov\u00e9 informace, soud\u016fm, tribun\u00e1l\u016fm a regula\u010dn\u00edm org\u00e1n\u016fm v p\u0159\u00edpad\u011b, \u017ee nezaplat\u00edte za zbo\u017e\u00ed nebo slu\u017eby, kter\u00e9 jsme v\u00e1m poskytli;<\/li><li>soud\u016fm, tribun\u00e1l\u016fm, regula\u010dn\u00edm org\u00e1n\u016fm a org\u00e1n\u016fm \u010dinn\u00fdm v trestn\u00edm \u0159\u00edzen\u00ed, pokud to vy\u017eaduje z\u00e1kon, v souvislosti s jak\u00fdmkoli aktu\u00e1ln\u00edm nebo budouc\u00edm soudn\u00edm \u0159\u00edzen\u00edm nebo za \u00fa\u010delem ur\u010den\u00ed, v\u00fdkonu nebo obhajoby na\u0161ich z\u00e1konn\u00fdch pr\u00e1v;<\/li><li>t\u0159et\u00ed strany, v\u010detn\u011b z\u00e1stupc\u016f nebo subdodavatel\u016f, kte\u0159\u00ed n\u00e1m pom\u00e1haj\u00ed p\u0159i poskytov\u00e1n\u00ed informac\u00ed, produkt\u016f, slu\u017eeb nebo p\u0159\u00edm\u00e9ho marketingu pro v\u00e1s; a<\/li><li>t\u0159et\u00ed strany ke shroma\u017e\u010fov\u00e1n\u00ed a zpracov\u00e1n\u00ed \u00fadaj\u016f.<\/li><\/ul>\n\n<h3 class=\"wp-block-heading\"><strong>5. Mezin\u00e1rodn\u00ed p\u0159ed\u00e1v\u00e1n\u00ed osobn\u00edch \u00fadaj\u016f<\/strong><\/h3>\n\n<p>Osobn\u00ed \u00fadaje, kter\u00e9 shroma\u017e\u010fujeme, jsou ukl\u00e1d\u00e1ny a zpracov\u00e1v\u00e1ny ve Spojen\u00e9m kr\u00e1lovstv\u00ed a Spojen\u00fdch st\u00e1tech americk\u00fdch nebo tam, kde m\u00e1me my nebo na\u0161i partne\u0159i, p\u0159idru\u017een\u00e9 spole\u010dnosti a poskytovatel\u00e9 t\u0159et\u00edch stran sv\u00e1 za\u0159\u00edzen\u00ed. T\u00edm, \u017ee n\u00e1m poskytnete sv\u00e9 osobn\u00ed \u00fadaje, souhlas\u00edte s jejich zp\u0159\u00edstupn\u011bn\u00edm t\u011bmto zahrani\u010dn\u00edm t\u0159et\u00edm stran\u00e1m.<\/p>\n\n<p>Zajist\u00edme, aby jak\u00fdkoli p\u0159enos osobn\u00edch \u00fadaj\u016f ze zem\u00ed Evropsk\u00e9ho hospod\u00e1\u0159sk\u00e9ho prostoru (EHP) do zem\u00ed mimo EHP byl chr\u00e1n\u011bn vhodn\u00fdmi ochrann\u00fdmi opat\u0159en\u00edmi, nap\u0159\u00edklad pou\u017eit\u00edm standardn\u00edch dolo\u017eek o ochran\u011b \u00fadaj\u016f schv\u00e1len\u00fdch Evropskou komis\u00ed nebo pou\u017eit\u00edm z\u00e1vazn\u00fdch podnikov\u00fdch pravidel \u010di jin\u00fdch pr\u00e1vn\u011b uzn\u00e1van\u00fdch prost\u0159edk\u016f.<\/p>\n\n<p>Pokud p\u0159ed\u00e1v\u00e1me osobn\u00ed \u00fadaje ze zem\u011b mimo EHP do jin\u00e9 zem\u011b, berete na v\u011bdom\u00ed, \u017ee t\u0159et\u00ed strany v jin\u00fdch jurisdikc\u00edch nemus\u00ed podl\u00e9hat podobn\u00fdm z\u00e1kon\u016fm o ochran\u011b \u00fadaj\u016f jako v na\u0161\u00ed jurisdikci. Existuje riziko, \u017ee se jak\u00e1koli takov\u00e1 t\u0159et\u00ed strana dopust\u00ed jedn\u00e1n\u00ed nebo praktik, kter\u00e9 by byly v rozporu se z\u00e1kony o ochran\u011b osobn\u00edch \u00fadaj\u016f v na\u0161\u00ed jurisdikci, co\u017e by mohlo znamenat, \u017ee nebudete moci po\u017eadovat n\u00e1pravu podle z\u00e1kon\u016f o ochran\u011b osobn\u00edch \u00fadaj\u016f v na\u0161\u00ed jurisdikci.<\/p>\n\n<h3 class=\"wp-block-heading\"><strong>6. Va\u0161e pr\u00e1va a kontrola va\u0161ich osobn\u00edch \u00fadaj\u016f<\/strong><\/h3>\n\n<p><strong>Volba a souhlas:<\/strong> Poskytnut\u00edm osobn\u00edch \u00fadaj\u016f n\u00e1m d\u00e1v\u00e1te souhlas se shroma\u017e\u010fov\u00e1n\u00edm, uchov\u00e1v\u00e1n\u00edm, pou\u017e\u00edv\u00e1n\u00edm a zve\u0159ej\u0148ov\u00e1n\u00edm va\u0161ich osobn\u00edch \u00fadaj\u016f v souladu s t\u011bmito z\u00e1sadami ochrany osobn\u00edch \u00fadaj\u016f. Pokud je v\u00e1m m\u00e9n\u011b ne\u017e 16 let, mus\u00edte m\u00edt a v rozsahu povolen\u00e9m z\u00e1konem n\u00e1m zaru\u010dit, \u017ee m\u00e1te souhlas rodi\u010d\u016f nebo z\u00e1konn\u00fdch z\u00e1stupc\u016f s p\u0159\u00edstupem a pou\u017e\u00edv\u00e1n\u00edm webov\u00fdch str\u00e1nek a \u017ee oni (va\u0161i rodi\u010de nebo z\u00e1konn\u00ed z\u00e1stupci) souhlasili s t\u00edm, abyste n\u00e1m poskytli sv\u00e9 osobn\u00ed \u00fadaje. Osobn\u00ed \u00fadaje n\u00e1m nemus\u00edte poskytovat, pokud n\u00e1m je v\u0161ak neposkytnete, m\u016f\u017ee to m\u00edt vliv na va\u0161e pou\u017e\u00edv\u00e1n\u00ed t\u011bchto webov\u00fdch str\u00e1nek nebo produkt\u016f a\/nebo slu\u017eeb nab\u00edzen\u00fdch na t\u011bchto str\u00e1nk\u00e1ch nebo jejich prost\u0159ednictv\u00edm.<\/p>\n\n<p><strong>Informace od t\u0159et\u00edch stran:<\/strong> Pokud o v\u00e1s obdr\u017e\u00edme osobn\u00ed \u00fadaje od t\u0159et\u00ed strany, budeme je chr\u00e1nit tak, jak je uvedeno v t\u011bchto z\u00e1sad\u00e1ch ochrany osobn\u00edch \u00fadaj\u016f. Pokud jste t\u0159et\u00ed stranou, kter\u00e1 poskytuje osobn\u00ed \u00fadaje o n\u011bkom jin\u00e9m, prohla\u0161ujete a zaru\u010dujete, \u017ee m\u00e1te souhlas t\u00e9to osoby s poskytnut\u00edm osobn\u00edch \u00fadaj\u016f n\u00e1m.<\/p>\n\n<p><strong>Omezit:<\/strong> M\u016f\u017eete se rozhodnout omezit shroma\u017e\u010fov\u00e1n\u00ed nebo pou\u017e\u00edv\u00e1n\u00ed sv\u00fdch osobn\u00edch \u00fadaj\u016f. Pokud jste ji\u017e d\u0159\u00edve souhlasili s pou\u017eit\u00edm va\u0161ich osobn\u00edch \u00fadaj\u016f pro \u00fa\u010dely p\u0159\u00edm\u00e9ho marketingu, m\u016f\u017eete sv\u016fj souhlas kdykoli zm\u011bnit tak, \u017ee n\u00e1s kontaktujete pomoc\u00ed n\u00ed\u017ee uveden\u00fdch \u00fadaj\u016f. Pokud n\u00e1s po\u017e\u00e1d\u00e1te o omezen\u00ed nebo omezen\u00ed zp\u016fsobu zpracov\u00e1n\u00ed va\u0161ich osobn\u00edch \u00fadaj\u016f, sd\u011bl\u00edme v\u00e1m, jak omezen\u00ed ovlivn\u00ed va\u0161e pou\u017e\u00edv\u00e1n\u00ed na\u0161ich webov\u00fdch str\u00e1nek nebo produkt\u016f a slu\u017eeb.<\/p>\n\n<p><strong>P\u0159\u00edstup a p\u0159enositelnost \u00fadaj\u016f:<\/strong> M\u016f\u017eete si vy\u017e\u00e1dat podrobnosti o osobn\u00edch \u00fadaj\u00edch, kter\u00e9 o v\u00e1s uchov\u00e1v\u00e1me. M\u016f\u017eete si vy\u017e\u00e1dat kopii osobn\u00edch \u00fadaj\u016f, kter\u00e9 o v\u00e1s uchov\u00e1v\u00e1me. Pokud je to mo\u017en\u00e9, poskytneme tyto informace ve form\u00e1tu CSV nebo v jin\u00e9m snadno \u010diteln\u00e9m strojov\u00e9m form\u00e1tu. Kdykoli m\u016f\u017eete po\u017e\u00e1dat o vymaz\u00e1n\u00ed osobn\u00edch \u00fadaj\u016f, kter\u00e9 o v\u00e1s uchov\u00e1v\u00e1me. M\u016f\u017eete tak\u00e9 po\u017e\u00e1dat, abychom tyto osobn\u00ed \u00fadaje p\u0159edali jin\u00e9 t\u0159et\u00ed stran\u011b.<\/p>\n\n<p><strong>Oprava:<\/strong> Pokud se domn\u00edv\u00e1te, \u017ee informace, kter\u00e9 o v\u00e1s m\u00e1me, jsou nep\u0159esn\u00e9, neaktu\u00e1ln\u00ed, ne\u00fapln\u00e9, nerelevantn\u00ed nebo zav\u00e1d\u011bj\u00edc\u00ed, kontaktujte n\u00e1s pros\u00edm pomoc\u00ed n\u00ed\u017ee uveden\u00fdch \u00fadaj\u016f. Podnikneme p\u0159im\u011b\u0159en\u00e9 kroky k oprav\u011b v\u0161ech zji\u0161t\u011bn\u00fdch nep\u0159esn\u00fdch, ne\u00fapln\u00fdch, zav\u00e1d\u011bj\u00edc\u00edch nebo neaktu\u00e1ln\u00edch informac\u00ed.<\/p>\n\n<p><strong>Oznamov\u00e1n\u00ed naru\u0161en\u00ed bezpe\u010dnosti \u00fadaj\u016f:<\/strong> V p\u0159\u00edpad\u011b jak\u00e9hokoli poru\u0161en\u00ed ochrany osobn\u00edch \u00fadaj\u016f budeme dodr\u017eovat platn\u00e9 z\u00e1kony.<\/p>\n\n<p><strong>St\u00ed\u017enosti:<\/strong> Pokud se domn\u00edv\u00e1te, \u017ee jsme poru\u0161ili p\u0159\u00edslu\u0161n\u00fd z\u00e1kon o ochran\u011b osobn\u00edch \u00fadaj\u016f, a chcete podat st\u00ed\u017enost, kontaktujte n\u00e1s pomoc\u00ed n\u00ed\u017ee uveden\u00fdch \u00fadaj\u016f a poskytn\u011bte n\u00e1m ve\u0161ker\u00e9 podrobnosti o \u00fadajn\u00e9m poru\u0161en\u00ed. Va\u0161i st\u00ed\u017enost neprodlen\u011b pro\u0161et\u0159\u00edme a p\u00edsemn\u011b v\u00e1m odpov\u00edme, p\u0159i\u010dem\u017e uvedeme v\u00fdsledek na\u0161eho \u0161et\u0159en\u00ed a kroky, kter\u00e9 podnikneme k vy\u0159\u00edzen\u00ed va\u0161\u00ed st\u00ed\u017enosti. V souvislosti se svou st\u00ed\u017enost\u00ed m\u00e1te rovn\u011b\u017e pr\u00e1vo obr\u00e1tit se na regula\u010dn\u00ed org\u00e1n nebo \u00fa\u0159ad pro ochranu osobn\u00edch \u00fadaj\u016f.<\/p>\n\n<p><strong>Odhl\u00e1sit se z odb\u011bru:<\/strong> Pokud se chcete odhl\u00e1sit z na\u0161\u00ed e-mailov\u00e9 datab\u00e1ze nebo odm\u00edtnout zas\u00edl\u00e1n\u00ed sd\u011blen\u00ed (v\u010detn\u011b marketingov\u00fdch sd\u011blen\u00ed), kontaktujte n\u00e1s pomoc\u00ed n\u00ed\u017ee uveden\u00fdch \u00fadaj\u016f nebo se odhlaste pomoc\u00ed mo\u017enost\u00ed odhl\u00e1\u0161en\u00ed uveden\u00fdch ve sd\u011blen\u00ed.<\/p>\n\n<h3 class=\"wp-block-heading\"><strong>7. Soubory cookie<\/strong><\/h3>\n\n<p>Ke shroma\u017e\u010fov\u00e1n\u00ed informac\u00ed o v\u00e1s a va\u0161\u00ed aktivit\u011b na na\u0161ich str\u00e1nk\u00e1ch pou\u017e\u00edv\u00e1me soubory cookie. Soubor cookie je mal\u00fd soubor dat, kter\u00fd na\u0161e webov\u00e9 str\u00e1nky ukl\u00e1daj\u00ed do va\u0161eho po\u010d\u00edta\u010de a p\u0159istupuj\u00ed k n\u011bmu p\u0159i ka\u017ed\u00e9 va\u0161\u00ed n\u00e1v\u0161t\u011bv\u011b, abychom mohli pochopit, jak na\u0161e str\u00e1nky pou\u017e\u00edv\u00e1te. To n\u00e1m pom\u00e1h\u00e1 zobrazovat v\u00e1m obsah na z\u00e1klad\u011b v\u00e1mi zadan\u00fdch preferenc\u00ed. Dal\u0161\u00ed informace naleznete v na\u0161ich Z\u00e1sad\u00e1ch pou\u017e\u00edv\u00e1n\u00ed soubor\u016f cookie.<\/p>\n\n<h3 class=\"wp-block-heading\"><strong>8. P\u0159evody podnik\u016f<\/strong><\/h3>\n\n<p>Pokud dojde k p\u0159evzet\u00ed n\u00e1s nebo na\u0161ich aktiv nebo v nepravd\u011bpodobn\u00e9m p\u0159\u00edpad\u011b, \u017ee ukon\u010d\u00edme \u010dinnost nebo vstoup\u00edme do \u00fapadku, zahrneme \u00fadaje mezi aktiva p\u0159eveden\u00e1 na strany, kter\u00e9 n\u00e1s p\u0159evezmou. Berete na v\u011bdom\u00ed, \u017ee k takov\u00fdm p\u0159evod\u016fm m\u016f\u017ee doj\u00edt a \u017ee strany, kter\u00e9 n\u00e1s z\u00edskaj\u00ed, mohou nad\u00e1le pou\u017e\u00edvat va\u0161e osobn\u00ed \u00fadaje v souladu s t\u011bmito z\u00e1sadami.<\/p>\n\n<h3 class=\"wp-block-heading\"><strong>9. Limity na\u0161\u00ed politiky<\/strong><\/h3>\n\n<p>Na\u0161e webov\u00e9 str\u00e1nky mohou odkazovat na extern\u00ed str\u00e1nky, kter\u00e9 neprovozujeme. Upozor\u0148ujeme, \u017ee nem\u00e1me kontrolu nad obsahem a z\u00e1sadami t\u011bchto str\u00e1nek a nem\u016f\u017eeme p\u0159evz\u00edt odpov\u011bdnost za jejich postupy ochrany osobn\u00edch \u00fadaj\u016f.<\/p>\n\n<h3 class=\"wp-block-heading\"><strong>10. Zm\u011bny t\u011bchto z\u00e1sad<\/strong><\/h3>\n\n<p>Podle na\u0161eho uv\u00e1\u017een\u00ed m\u016f\u017eeme zm\u011bnit na\u0161e z\u00e1sady ochrany osobn\u00edch \u00fadaj\u016f tak, aby odr\u00e1\u017eely aktu\u00e1ln\u00ed p\u0159ijateln\u00e9 postupy. P\u0159ijmeme p\u0159im\u011b\u0159en\u00e1 opat\u0159en\u00ed, abychom u\u017eivatele informovali o zm\u011bn\u00e1ch prost\u0159ednictv\u00edm na\u0161ich webov\u00fdch str\u00e1nek. Va\u0161e dal\u0161\u00ed pou\u017e\u00edv\u00e1n\u00ed t\u011bchto str\u00e1nek po jak\u00fdchkoli zm\u011bn\u00e1ch t\u011bchto z\u00e1sad bude pova\u017eov\u00e1no za souhlas s na\u0161imi postupy t\u00fdkaj\u00edc\u00edmi se ochrany soukrom\u00ed a osobn\u00edch \u00fadaj\u016f.<\/p>\n\n<p>Pokud provedeme v\u00fdznamnou zm\u011bnu t\u011bchto z\u00e1sad ochrany osobn\u00edch \u00fadaj\u016f, nap\u0159\u00edklad zm\u011bnu z\u00e1konn\u00e9ho z\u00e1kladu, na jeho\u017e z\u00e1klad\u011b zpracov\u00e1v\u00e1me va\u0161e osobn\u00ed \u00fadaje, po\u017e\u00e1d\u00e1me v\u00e1s o op\u011btovn\u00fd souhlas s upraven\u00fdmi z\u00e1sadami ochrany osobn\u00edch \u00fadaj\u016f.<\/p>\n\n<p><strong>Crypto Media Group Spr\u00e1vce \u00fadaj\u016f<\/strong><\/p>\n\n<p>info [at] cryptocurrencycodes[dot]com<\/p>\n\n<p>Tato politika je \u00fa\u010dinn\u00e1 od 12. b\u0159ezna 2021.<\/p>\n","protected":false},"excerpt":{"rendered":"<p>Va\u0161e soukrom\u00ed je pro n\u00e1s d\u016fle\u017eit\u00e9. Z\u00e1sadou spole\u010dnosti Crypto Media Group je respektovat va\u0161e soukrom\u00ed, pokud jde o jak\u00e9koli informace, kter\u00e9 od v\u00e1s m\u016f\u017eeme shroma\u017e\u010fovat na na\u0161ich webov\u00fdch str\u00e1nk\u00e1ch cryptocurrencycodes.com a na dal\u0161\u00edch str\u00e1nk\u00e1ch, kter\u00e9 &#8230; <a title=\"Z\u00e1sady ochrany osobn\u00edch \u00fadaj\u016f\" class=\"read-more\" href=\"https:\/\/cryptocurrencycodes.com\/cs\/zasady-ochrany-osobnich-udaju\/\" aria-label=\"More on Z\u00e1sady ochrany osobn\u00edch \u00fadaj\u016f\">read more<\/a><\/p>\n","protected":false},"author":1,"featured_media":0,"parent":0,"menu_order":0,"comment_status":"closed","ping_status":"closed","template":"","meta":{"_uag_custom_page_level_css":"","footnotes":""},"class_list":{"0":"post-15144","1":"page","2":"type-page","3":"status-publish","5":"infinite-scroll-item"},"uagb_featured_image_src":{"full":false,"thumbnail":false,"medium":false,"medium_large":false,"large":false,"1536x1536":false,"2048x2048":false},"uagb_author_info":{"display_name":"CryptocurrencyCodes.com","author_link":"https:\/\/cryptocurrencycodes.com\/cs\/author\/blacksands\/"},"uagb_comment_info":0,"uagb_excerpt":"Va\u0161e soukrom\u00ed je pro n\u00e1s d\u016fle\u017eit\u00e9. Z\u00e1sadou spole\u010dnosti Crypto Media Group je respektovat va\u0161e soukrom\u00ed, pokud jde o jak\u00e9koli informace, kter\u00e9 od v\u00e1s m\u016f\u017eeme shroma\u017e\u010fovat na na\u0161ich webov\u00fdch str\u00e1nk\u00e1ch cryptocurrencycodes.com a na dal\u0161\u00edch str\u00e1nk\u00e1ch, kter\u00e9 ... read more","_links":{"self":[{"href":"https:\/\/cryptocurrencycodes.com\/cs\/wp-json\/wp\/v2\/pages\/15144","targetHints":{"allow":["GET"]}}],"collection":[{"href":"https:\/\/cryptocurrencycodes.com\/cs\/wp-json\/wp\/v2\/pages"}],"about":[{"href":"https:\/\/cryptocurrencycodes.com\/cs\/wp-json\/wp\/v2\/types\/page"}],"author":[{"embeddable":true,"href":"https:\/\/cryptocurrencycodes.com\/cs\/wp-json\/wp\/v2\/users\/1"}],"replies":[{"embeddable":true,"href":"https:\/\/cryptocurrencycodes.com\/cs\/wp-json\/wp\/v2\/comments?post=15144"}],"version-history":[{"count":1,"href":"https:\/\/cryptocurrencycodes.com\/cs\/wp-json\/wp\/v2\/pages\/15144\/revisions"}],"predecessor-version":[{"id":15148,"href":"https:\/\/cryptocurrencycodes.com\/cs\/wp-json\/wp\/v2\/pages\/15144\/revisions\/15148"}],"wp:attachment":[{"href":"https:\/\/cryptocurrencycodes.com\/cs\/wp-json\/wp\/v2\/media?parent=15144"}],"curies":[{"name":"wp","href":"https:\/\/api.w.org\/{rel}","templated":true}]}}