{"id":15156,"date":"2021-03-17T16:14:34","date_gmt":"2021-03-17T16:14:34","guid":{"rendered":"https:\/\/cryptocurrencycodes.com\/mapa-stranek\/"},"modified":"2023-01-21T12:53:53","modified_gmt":"2023-01-21T12:53:53","slug":"mapa-stranek","status":"publish","type":"page","link":"https:\/\/cryptocurrencycodes.com\/cs\/mapa-stranek\/","title":{"rendered":"Mapa str\u00e1nek"},"content":{"rendered":"\n<p>Tuto str\u00e1nku jsme vytvo\u0159ili, abychom v\u00e1m pomohli zorientovat se na str\u00e1nk\u00e1ch <a href=\"https:\/\/cryptocurrencycodes.com\/cs\/\" class=\"rank-math-link\">CryptocurrencyCodes.com<\/a>.<\/p>\n<form role=\"search\" method=\"get\" action=\"https:\/\/cryptocurrencycodes.com\/cs\/\" class=\"wp-block-search__button-outside wp-block-search__text-button wp-block-search\"    ><label class=\"wp-block-search__label screen-reader-text\" for=\"wp-block-search__input-2\" >Hledat<\/label><div class=\"wp-block-search__inside-wrapper\" ><input class=\"wp-block-search__input\" id=\"wp-block-search__input-2\" placeholder=\"Vyhled\u00e1v\u00e1n\u00ed\" value=\"\" type=\"search\" name=\"s\" required \/><button aria-label=\"Vyhled\u00e1v\u00e1n\u00ed\" class=\"wp-block-search__button wp-element-button\" type=\"submit\" >Vyhled\u00e1v\u00e1n\u00ed<\/button><\/div><\/form>\n<h2 class=\"wp-block-heading\">V\u00fdm\u011bny<\/h2>\n\n<ul class=\"wp-block-list\"><li>FTX<\/li><li>AAX<\/li><li><a href=\"https:\/\/cryptocurrencycodes.com\/cs\/ascendex\/\" class=\"rank-math-link\">AscendEX<\/a><\/li><li><a href=\"https:\/\/cryptocurrencycodes.com\/cs\/bityard\/\" class=\"rank-math-link\">Bityard<\/a><\/li><li>Bexplus<\/li><li><a href=\"https:\/\/cryptocurrencycodes.com\/cs\/coinbase\/\" class=\"rank-math-link\">Coinbase<\/a><\/li><li>Dsdaq<\/li><li><a href=\"https:\/\/cryptocurrencycodes.com\/cs\/bitforex\/\" class=\"rank-math-link\">BitForex<\/a><\/li><li>Bit.com<\/li><li>CoinSpot<\/li><li><a href=\"https:\/\/cryptocurrencycodes.com\/cs\/stormgain\/\" class=\"rank-math-link\">StormGain<\/a><\/li><li><a href=\"https:\/\/cryptocurrencycodes.com\/cs\/phemex\/\" class=\"rank-math-link\">Phemex<\/a><\/li><li>BitZ<\/li><li><a href=\"https:\/\/cryptocurrencycodes.com\/cs\/binance\/\" class=\"rank-math-link\">Binance<\/a><\/li><li>BKEX<\/li><li><a href=\"https:\/\/cryptocurrencycodes.com\/cs\/bitfinex\/\" class=\"rank-math-link\">Bitfinex<\/a><\/li><li><a href=\"https:\/\/cryptocurrencycodes.com\/cs\/bitmart\/\" class=\"rank-math-link\">BitMart<\/a><\/li><li><a href=\"https:\/\/cryptocurrencycodes.com\/cs\/btse\/\" class=\"rank-math-link\">BTSE<\/a><\/li><li><a href=\"https:\/\/cryptocurrencycodes.com\/cs\/crypto-com\/\" class=\"rank-math-link\">Crypto.com<\/a><\/li><li><a href=\"https:\/\/cryptocurrencycodes.com\/cs\/margex\/\" class=\"rank-math-link\">Margex<\/a><\/li><\/ul>\n\n<h2 class=\"wp-block-heading\">Obchody<\/h2>\n\n<ul class=\"wp-block-list\"><li><a href=\"https:\/\/cryptocurrencycodes.com\/cs\/bitrefill\/\" class=\"rank-math-link\">Bitrefill<\/a><\/li><\/ul>\n\n<h2 class=\"wp-block-heading\">Aplikace<\/h2>\n\n<ul class=\"wp-block-list\"><li><a href=\"https:\/\/cryptocurrencycodes.com\/cs\/stormx-2\/\" class=\"rank-math-link\">StormX<\/a><\/li><li>Maiar<\/li><\/ul>\n\n<h2 class=\"wp-block-heading\"><a href=\"https:\/\/cryptocurrencycodes.com\/cs\/nejlepsi-nabidky-bitcoinu-a-kryptopenezenek-2021\/\" class=\"rank-math-link\">Pen\u011b\u017eenky<\/a><\/h2>\n\n<h2 class=\"wp-block-heading\">Informace<\/h2>\n\n<ul class=\"wp-block-list\"><li><a href=\"https:\/\/cryptocurrencycodes.com\/cs\/o-strankach\/\" class=\"rank-math-link\">O str\u00e1nk\u00e1ch<\/a><\/li><li><a href=\"https:\/\/cryptocurrencycodes.com\/cs\/kontakt\/\" class=\"rank-math-link\">Kontakt<\/a><\/li><li><a href=\"https:\/\/cryptocurrencycodes.com\/cs\/zasady-ochrany-osobnich-udaju\/\" class=\"rank-math-link\">Z\u00e1sady ochrany osobn\u00edch \u00fadaj\u016f<\/a><\/li><\/ul>\n\n<h2 class=\"wp-block-heading\">Dal\u0161\u00ed<\/h2>\n\n<ul class=\"wp-block-list\"><li><a href=\"https:\/\/cryptocurrencycodes.com\/cs\/\" class=\"rank-math-link\">Nejlep\u0161\u00ed kryptografick\u00e9 nab\u00eddky<\/a><\/li><\/ul>\n","protected":false},"excerpt":{"rendered":"<p>Tuto str\u00e1nku jsme vytvo\u0159ili, abychom v\u00e1m pomohli zorientovat se na str\u00e1nk\u00e1ch CryptocurrencyCodes.com. V\u00fdm\u011bny FTX AAX AscendEX Bityard Bexplus Coinbase Dsdaq BitForex Bit.com CoinSpot StormGain Phemex BitZ Binance BKEX Bitfinex BitMart BTSE Crypto.com Margex Obchody Bitrefill &#8230; <a title=\"Mapa str\u00e1nek\" class=\"read-more\" href=\"https:\/\/cryptocurrencycodes.com\/cs\/mapa-stranek\/\" aria-label=\"More on Mapa str\u00e1nek\">read more<\/a><\/p>\n","protected":false},"author":1,"featured_media":0,"parent":0,"menu_order":0,"comment_status":"closed","ping_status":"closed","template":"","meta":{"_uag_custom_page_level_css":"","footnotes":""},"class_list":{"0":"post-15156","1":"page","2":"type-page","3":"status-publish","5":"infinite-scroll-item"},"uagb_featured_image_src":{"full":false,"thumbnail":false,"medium":false,"medium_large":false,"large":false,"1536x1536":false,"2048x2048":false},"uagb_author_info":{"display_name":"CryptocurrencyCodes.com","author_link":"https:\/\/cryptocurrencycodes.com\/cs\/author\/blacksands\/"},"uagb_comment_info":0,"uagb_excerpt":"Tuto str\u00e1nku jsme vytvo\u0159ili, abychom v\u00e1m pomohli zorientovat se na str\u00e1nk\u00e1ch CryptocurrencyCodes.com. V\u00fdm\u011bny FTX AAX AscendEX Bityard Bexplus Coinbase Dsdaq BitForex Bit.com CoinSpot StormGain Phemex BitZ Binance BKEX Bitfinex BitMart BTSE Crypto.com Margex Obchody Bitrefill ... read more","_links":{"self":[{"href":"https:\/\/cryptocurrencycodes.com\/cs\/wp-json\/wp\/v2\/pages\/15156","targetHints":{"allow":["GET"]}}],"collection":[{"href":"https:\/\/cryptocurrencycodes.com\/cs\/wp-json\/wp\/v2\/pages"}],"about":[{"href":"https:\/\/cryptocurrencycodes.com\/cs\/wp-json\/wp\/v2\/types\/page"}],"author":[{"embeddable":true,"href":"https:\/\/cryptocurrencycodes.com\/cs\/wp-json\/wp\/v2\/users\/1"}],"replies":[{"embeddable":true,"href":"https:\/\/cryptocurrencycodes.com\/cs\/wp-json\/wp\/v2\/comments?post=15156"}],"version-history":[{"count":10,"href":"https:\/\/cryptocurrencycodes.com\/cs\/wp-json\/wp\/v2\/pages\/15156\/revisions"}],"predecessor-version":[{"id":23271,"href":"https:\/\/cryptocurrencycodes.com\/cs\/wp-json\/wp\/v2\/pages\/15156\/revisions\/23271"}],"wp:attachment":[{"href":"https:\/\/cryptocurrencycodes.com\/cs\/wp-json\/wp\/v2\/media?parent=15156"}],"curies":[{"name":"wp","href":"https:\/\/api.w.org\/{rel}","templated":true}]}}