{"id":15155,"date":"2021-03-12T20:22:13","date_gmt":"2021-03-12T20:22:13","guid":{"rendered":"https:\/\/cryptocurrencycodes.com\/politik-om-beskyttelse-af-personlige-oplysninger\/"},"modified":"2022-10-24T07:02:51","modified_gmt":"2022-10-24T07:02:51","slug":"politik-om-beskyttelse-af-personlige-oplysninger","status":"publish","type":"page","link":"https:\/\/cryptocurrencycodes.com\/da\/politik-om-beskyttelse-af-personlige-oplysninger\/","title":{"rendered":"Politik om beskyttelse af personlige oplysninger"},"content":{"rendered":"\n<p>Dit privatliv er vigtigt for os. Det er Crypto Media Groups politik at respektere dit privatliv med hensyn til alle oplysninger, som vi m\u00e5tte indsamle fra dig p\u00e5 vores websted, cryptocurrencycodes.com, og andre websteder, som vi ejer og driver.<\/p>\n\n<h3 class=\"wp-block-heading\"><strong>1. Oplysninger, vi indsamler<\/strong><\/h3>\n\n<h4 class=\"wp-block-heading\"><strong>Logdata<\/strong><\/h4>\n\n<p>N\u00e5r du bes\u00f8ger vores websted, kan vores servere automatisk logge de standarddata, der leveres af din webbrowser. De kan omfatte din computers Internet Protocol (IP)-adresse, din browsertype og -version, de sider, du bes\u00f8ger, tidspunktet og datoen for dit bes\u00f8g, den tid, du bruger p\u00e5 hver side, og andre oplysninger.<\/p>\n\n<h4 class=\"wp-block-heading\"><strong>Enhedsdata<\/strong><\/h4>\n\n<p>Vi kan ogs\u00e5 indsamle data om den enhed, du bruger til at f\u00e5 adgang til vores websted. Disse data kan omfatte enhedstype, operativsystem, unikke enhedsidentifikatorer, enhedsindstillinger og geo-lokaliseringsdata. Hvad vi indsamler, kan afh\u00e6nge af de individuelle indstillinger for din enhed og software. Vi anbefaler, at du tjekker politikkerne hos din enhedsproducent eller softwareudbyder for at f\u00e5 at vide, hvilke oplysninger de stiller til r\u00e5dighed for os.<\/p>\n\n<h4 class=\"wp-block-heading\"><strong>Personlige oplysninger<\/strong><\/h4>\n\n<p>Vi kan bede om personlige oplysninger, s\u00e5som din:<\/p>\n\n<ul class=\"wp-block-list\"><li>Navn<\/li><li>E-mail<\/li><li>Profiler p\u00e5 sociale medier<\/li><li>F\u00f8dselsdato<\/li><li>Telefon\/mobilnummer<\/li><li>Hjem-\/postadresse<\/li><li>Arbejdsadresse<\/li><li>Betalingsoplysninger<\/li><\/ul>\n\n<h3 class=\"wp-block-heading\"><strong>2. Retsgrundlag for behandling<\/strong><\/h3>\n\n<p>Vi behandler dine personlige oplysninger lovligt, retf\u00e6rdigt og p\u00e5 en gennemsigtig m\u00e5de. Vi indsamler og behandler kun oplysninger om dig, n\u00e5r vi har et lovligt grundlag for at g\u00f8re det.<\/p>\n\n<p>Disse retsgrundlag afh\u00e6nger af de tjenester, du bruger, og hvordan du bruger dem, hvilket betyder, at vi kun indsamler og bruger dine oplysninger, n\u00e5r:<\/p>\n\n<ul class=\"wp-block-list\"><li>det er n\u00f8dvendigt for at opfylde en kontrakt, som du er part i, eller for at tr\u00e6ffe foranstaltninger p\u00e5 din anmodning, f\u00f8r vi indg\u00e5r en s\u00e5dan kontrakt (f.eks. n\u00e5r vi leverer en tjeneste, som du anmoder om fra os);<\/li><li>det opfylder en legitim interesse (som ikke tilsides\u00e6ttes af dine databeskyttelsesinteresser), f.eks. til forskning og udvikling, til at markedsf\u00f8re og fremme vores tjenester og til at beskytte vores juridiske rettigheder og interesser;<\/li><li>du giver os dit samtykke til at g\u00f8re det til et specifikt form\u00e5l (du kan f.eks. give dit samtykke til, at vi m\u00e5 sende dig vores nyhedsbrev), eller<\/li><li>vi har brug for at behandle dine oplysninger for at overholde en retlig forpligtelse.<\/li><\/ul>\n\n<p>Hvis du giver dit samtykke til, at vi m\u00e5 bruge oplysninger om dig til et bestemt form\u00e5l, har du ret til at \u00e6ndre mening n\u00e5r som helst (men dette p\u00e5virker ikke behandling, der allerede har fundet sted).<\/p>\n\n<p>Vi opbevarer ikke personlige oplysninger l\u00e6ngere end n\u00f8dvendigt. Mens vi opbevarer disse oplysninger, beskytter vi dem med kommercielt acceptable midler for at forhindre tab og tyveri samt uautoriseret adgang, videregivelse, kopiering, brug eller \u00e6ndring. Vi g\u00f8r dog opm\u00e6rksom p\u00e5, at ingen metode til elektronisk overf\u00f8rsel eller lagring er 100 % sikker, og vi kan ikke garantere absolut datasikkerhed. Hvis det er n\u00f8dvendigt, kan vi opbevare dine personlige oplysninger for at overholde en juridisk forpligtelse eller for at beskytte dine vitale interesser eller en anden fysisk persons vitale interesser.<\/p>\n\n<h3 class=\"wp-block-heading\"><strong>3. Indsamling og anvendelse af oplysninger<\/strong><\/h3>\n\n<p>Vi kan indsamle, opbevare, bruge og videregive oplysninger til f\u00f8lgende form\u00e5l, og personlige oplysninger vil ikke blive viderebehandlet p\u00e5 en m\u00e5de, der er uforenelig med disse form\u00e5l:<\/p>\n\n<ul class=\"wp-block-list\"><li>for at g\u00f8re det muligt for dig at tilpasse eller personligg\u00f8re din oplevelse af vores websted;<\/li><li>for at g\u00f8re det muligt for dig at f\u00e5 adgang til og bruge vores websted, tilknyttede applikationer og tilknyttede sociale medieplatforme;<\/li><li>til at kontakte og kommunikere med dig;<\/li><li>til interne registrerings- og administrative form\u00e5l;<\/li><li>til analyse, markedsunders\u00f8gelser og forretningsudvikling, herunder til at drive og forbedre vores websted, tilknyttede applikationer og tilknyttede sociale medieplatforme;<\/li><li>at afholde konkurrencer og\/eller tilbyde dig yderligere fordele;<\/li><li>til reklame og markedsf\u00f8ring, herunder til at sende dig salgsfremmende oplysninger om vores produkter og tjenester og oplysninger om tredjeparter, som vi mener kan v\u00e6re af interesse for dig;<\/li><li>at overholde vores juridiske forpligtelser og l\u00f8se eventuelle tvister, som vi m\u00e5tte have; og<\/li><li>til at overveje din ans\u00f8gning om ans\u00e6ttelse.<\/li><\/ul>\n\n<h3 class=\"wp-block-heading\"><strong>4. Videregivelse af personoplysninger til tredjemand<\/strong><\/h3>\n\n<p>Vi kan videregive personlige oplysninger til:<\/p>\n\n<ul class=\"wp-block-list\"><li>tredjepartstjenesteudbydere med henblik p\u00e5 at g\u00f8re det muligt for dem at levere deres tjenester, herunder (uden begr\u00e6nsning) leverand\u00f8rer af IT-tjenester, datalagring, hosting- og serverudbydere, annoncenetv\u00e6rk, analytik, fejlloggere, inkassofirmaer, vedligeholdelses- eller probleml\u00f8sningsudbydere, marketing- eller reklameudbydere, professionelle r\u00e5dgivere og betalingssystemoperat\u00f8rer;<\/li><li>vores medarbejdere, kontrahenter og\/eller tilknyttede enheder;<\/li><li>sponsorer eller promotorer af enhver konkurrence, som vi afholder;<\/li><li>kreditoplysningsbureauer, domstole, domstole og tilsynsmyndigheder, hvis du ikke betaler for varer eller tjenester, som vi har leveret til dig;<\/li><li>domstole, domstole, tilsynsmyndigheder og retsh\u00e5ndh\u00e6vende myndigheder, som kr\u00e6vet af loven, i forbindelse med aktuelle eller potentielle retssager eller for at fastsl\u00e5, ud\u00f8ve eller forsvare vores juridiske rettigheder;<\/li><li>tredjeparter, herunder agenter eller underleverand\u00f8rer, som hj\u00e6lper os med at levere oplysninger, produkter, tjenester eller direkte markedsf\u00f8ring til dig; og<\/li><li>tredjeparter til at indsamle og behandle data.<\/li><\/ul>\n\n<h3 class=\"wp-block-heading\"><strong>5. Internationale overf\u00f8rsler af personlige oplysninger<\/strong><\/h3>\n\n<p>De personlige oplysninger, vi indsamler, opbevares og behandles i Storbritannien og USA, eller hvor vi eller vores partnere, tilknyttede selskaber og tredjepartsleverand\u00f8rer har faciliteter. Ved at give os dine personlige oplysninger giver du dit samtykke til videregivelse til disse udenlandske tredjeparter.<\/p>\n\n<p>Vi vil sikre, at enhver overf\u00f8rsel af personlige oplysninger fra lande i Det Europ\u00e6iske \u00d8konomiske Samarbejdsomr\u00e5de (E\u00d8S) til lande uden for E\u00d8S vil blive beskyttet af passende sikkerhedsforanstaltninger, f.eks. ved at anvende standardklausuler om databeskyttelse, der er godkendt af Europa-Kommissionen, eller ved at anvende bindende virksomhedsregler eller andre juridisk accepterede midler.<\/p>\n\n<p>N\u00e5r vi overf\u00f8rer personlige oplysninger fra et land uden for E\u00d8S til et andet land, anerkender du, at tredjeparter i andre jurisdiktioner muligvis ikke er underlagt samme databeskyttelseslovgivning som i vores jurisdiktion. Der er risici, hvis en s\u00e5dan tredjepart foretager handlinger eller ud\u00f8ver en praksis, der er i strid med lovgivningen om databeskyttelse i vores jurisdiktion, og dette kan betyde, at du ikke kan s\u00f8ge erstatning i henhold til vores jurisdiktions lovgivning om beskyttelse af personlige oplysninger.<\/p>\n\n<h3 class=\"wp-block-heading\"><strong>6. Dine rettigheder og kontrol med dine personlige oplysninger<\/strong><\/h3>\n\n<p><strong>Valg og samtykke:<\/strong> Ved at give os personlige oplysninger giver du dit samtykke til, at vi indsamler, opbevarer, bruger og videregiver dine personlige oplysninger i overensstemmelse med denne privatlivspolitik. Hvis du er under 16 \u00e5r, skal du have, og garantere os i det omfang loven tillader det, at du har dine for\u00e6ldres eller din v\u00e6rges tilladelse til at f\u00e5 adgang til og bruge hjemmesiden, og at de (dine for\u00e6ldre eller din v\u00e6rge) har givet samtykke til, at du giver os dine personlige oplysninger. Du beh\u00f8ver ikke at give os personlige oplysninger, men hvis du ikke g\u00f8r det, kan det p\u00e5virke din brug af dette websted eller de produkter og\/eller tjenester, der tilbydes p\u00e5 eller via det.<\/p>\n\n<p><strong>Oplysninger fra tredjeparter:<\/strong> Hvis vi modtager personlige oplysninger om dig fra en tredjepart, beskytter vi dem som beskrevet i denne politik om beskyttelse af personlige oplysninger. Hvis du er en tredjepart, der leverer personlige oplysninger om en anden person, erkl\u00e6rer og garanterer du, at du har den p\u00e5g\u00e6ldende persons samtykke til at levere de personlige oplysninger til os.<\/p>\n\n<p><strong>Begr\u00e6ns:<\/strong> Du kan v\u00e6lge at begr\u00e6nse indsamlingen eller brugen af dine personlige oplysninger. Hvis du tidligere har givet dit samtykke til, at vi m\u00e5 bruge dine personlige oplysninger til direkte markedsf\u00f8ring, kan du til enhver tid \u00e6ndre mening ved at kontakte os ved hj\u00e6lp af nedenst\u00e5ende oplysninger. Hvis du beder os om at begr\u00e6nse eller begr\u00e6nse den m\u00e5de, hvorp\u00e5 vi behandler dine personlige oplysninger, vil vi fort\u00e6lle dig, hvordan begr\u00e6nsningen p\u00e5virker din brug af vores websted eller produkter og tjenester.<\/p>\n\n<p><strong>Adgang og dataportabilitet:<\/strong> Du kan anmode om oplysninger om de personlige oplysninger, som vi har om dig. Du kan anmode om en kopi af de personlige oplysninger, som vi har om dig. Hvor det er muligt, giver vi disse oplysninger i CSV-format eller et andet letl\u00e6seligt maskinformat. Du kan til enhver tid anmode om, at vi sletter de personlige oplysninger, som vi har om dig, n\u00e5r som helst. Du kan ogs\u00e5 anmode om, at vi overf\u00f8rer disse personlige oplysninger til en anden tredjepart.<\/p>\n\n<p><strong>Rettelse:<\/strong> Hvis du mener, at de oplysninger, vi har om dig, er un\u00f8jagtige, for\u00e6ldede, ufuldst\u00e6ndige, irrelevante eller vildledende, bedes du kontakte os p\u00e5 nedenst\u00e5ende m\u00e5de. Vi vil tage rimelige skridt til at rette alle oplysninger, der viser sig at v\u00e6re un\u00f8jagtige, ufuldst\u00e6ndige, misvisende eller for\u00e6ldede.<\/p>\n\n<p><strong>Underretning om brud p\u00e5 datasikkerheden:<\/strong> Vi overholder de love, der g\u00e6lder for os, i forbindelse med ethvert databrud.<\/p>\n\n<p><strong>Klager:<\/strong> Hvis du mener, at vi har overtr\u00e5dt en relevant databeskyttelseslovgivning og \u00f8nsker at indgive en klage, bedes du kontakte os ved hj\u00e6lp af nedenst\u00e5ende oplysninger og give os alle detaljer om den p\u00e5st\u00e5ede overtr\u00e6delse. Vi vil straks unders\u00f8ge din klage og svare dig skriftligt med resultatet af vores unders\u00f8gelse og de skridt, vi vil tage for at behandle din klage. Du har ogs\u00e5 ret til at kontakte et tilsynsorgan eller en databeskyttelsesmyndighed i forbindelse med din klage.<\/p>\n\n<p><strong>Afmeld dig:<\/strong> Hvis du vil afmelde dig fra vores e-mail-database eller frav\u00e6lge kommunikation (herunder markedsf\u00f8ringskommunikation), bedes du kontakte os ved hj\u00e6lp af nedenst\u00e5ende oplysninger eller frav\u00e6lge ved hj\u00e6lp af de muligheder for fravalg, der findes i kommunikationen.<\/p>\n\n<h3 class=\"wp-block-heading\"><strong>7. Cookies<\/strong><\/h3>\n\n<p>Vi bruger &#8220;cookies&#8221; til at indsamle oplysninger om dig og din aktivitet p\u00e5 vores websted. En cookie er et lille stykke data, som vores websted gemmer p\u00e5 din computer og f\u00e5r adgang til hver gang du bes\u00f8ger det, s\u00e5 vi kan forst\u00e5, hvordan du bruger vores websted. Det hj\u00e6lper os med at vise dig indhold baseret p\u00e5 de pr\u00e6ferencer, du har angivet. Se vores politik om cookies for at f\u00e5 flere oplysninger.<\/p>\n\n<h3 class=\"wp-block-heading\"><strong>8. Virksomhedsoverdragelser<\/strong><\/h3>\n\n<p>Hvis vi eller vores aktiver bliver overtaget, eller i det usandsynlige tilf\u00e6lde, at vi g\u00e5r konkurs eller g\u00e5r konkurs, vil vi inkludere data blandt de aktiver, der overf\u00f8res til enhver part, der overtager os. Du anerkender, at s\u00e5danne overf\u00f8rsler kan finde sted, og at enhver part, der overtager os, kan forts\u00e6tte med at bruge dine personlige oplysninger i henhold til denne politik.<\/p>\n\n<h3 class=\"wp-block-heading\"><strong>9. Gr\u00e6nserne for vores politik<\/strong><\/h3>\n\n<p>Vores websted kan indeholde links til eksterne websteder, som ikke drives af os. V\u00e6r opm\u00e6rksom p\u00e5, at vi ikke har nogen kontrol over indholdet og politikkerne p\u00e5 disse websteder, og vi kan ikke p\u00e5tage os ansvar for deres respektive privatlivspraksis.<\/p>\n\n<h3 class=\"wp-block-heading\"><strong>10. \u00c6ndringer af denne politik<\/strong><\/h3>\n\n<p>Vi kan efter eget sk\u00f8n \u00e6ndre vores fortrolighedspolitik for at afspejle den aktuelle acceptable praksis. Vi vil tage rimelige skridt til at informere brugerne om \u00e6ndringer via vores websted. Din fortsatte brug af dette websted efter eventuelle \u00e6ndringer af denne politik vil blive betragtet som accept af vores praksis vedr\u00f8rende beskyttelse af personlige oplysninger og privatlivets fred.<\/p>\n\n<p>Hvis vi foretager en v\u00e6sentlig \u00e6ndring af denne fortrolighedspolitik, f.eks. ved at \u00e6ndre det lovlige grundlag, som vi behandler dine personlige oplysninger p\u00e5, vil vi bede dig om at give dit samtykke til den \u00e6ndrede fortrolighedspolitik igen.<\/p>\n\n<p><strong>Crypto Media Group Dataansvarlig<\/strong><\/p>\n\n<p>info [at] cryptocurrencycodes[dot]com<\/p>\n\n<p>Denne politik tr\u00e6der i kraft den 12. marts 2021.<\/p>\n","protected":false},"excerpt":{"rendered":"<p>Dit privatliv er vigtigt for os. Det er Crypto Media Groups politik at respektere dit privatliv med hensyn til alle oplysninger, som vi m\u00e5tte indsamle fra dig p\u00e5 vores websted, cryptocurrencycodes.com, og andre websteder, som &#8230; <a title=\"Politik om beskyttelse af personlige oplysninger\" class=\"read-more\" href=\"https:\/\/cryptocurrencycodes.com\/da\/politik-om-beskyttelse-af-personlige-oplysninger\/\" aria-label=\"More on Politik om beskyttelse af personlige oplysninger\">read more<\/a><\/p>\n","protected":false},"author":1,"featured_media":0,"parent":0,"menu_order":0,"comment_status":"closed","ping_status":"closed","template":"","meta":{"_uag_custom_page_level_css":"","footnotes":""},"class_list":{"0":"post-15155","1":"page","2":"type-page","3":"status-publish","5":"infinite-scroll-item"},"uagb_featured_image_src":{"full":false,"thumbnail":false,"medium":false,"medium_large":false,"large":false,"1536x1536":false,"2048x2048":false},"uagb_author_info":{"display_name":"CryptocurrencyCodes.com","author_link":"https:\/\/cryptocurrencycodes.com\/da\/author\/blacksands\/"},"uagb_comment_info":0,"uagb_excerpt":"Dit privatliv er vigtigt for os. Det er Crypto Media Groups politik at respektere dit privatliv med hensyn til alle oplysninger, som vi m\u00e5tte indsamle fra dig p\u00e5 vores websted, cryptocurrencycodes.com, og andre websteder, som ... read more","_links":{"self":[{"href":"https:\/\/cryptocurrencycodes.com\/da\/wp-json\/wp\/v2\/pages\/15155","targetHints":{"allow":["GET"]}}],"collection":[{"href":"https:\/\/cryptocurrencycodes.com\/da\/wp-json\/wp\/v2\/pages"}],"about":[{"href":"https:\/\/cryptocurrencycodes.com\/da\/wp-json\/wp\/v2\/types\/page"}],"author":[{"embeddable":true,"href":"https:\/\/cryptocurrencycodes.com\/da\/wp-json\/wp\/v2\/users\/1"}],"replies":[{"embeddable":true,"href":"https:\/\/cryptocurrencycodes.com\/da\/wp-json\/wp\/v2\/comments?post=15155"}],"version-history":[{"count":1,"href":"https:\/\/cryptocurrencycodes.com\/da\/wp-json\/wp\/v2\/pages\/15155\/revisions"}],"predecessor-version":[{"id":15157,"href":"https:\/\/cryptocurrencycodes.com\/da\/wp-json\/wp\/v2\/pages\/15155\/revisions\/15157"}],"wp:attachment":[{"href":"https:\/\/cryptocurrencycodes.com\/da\/wp-json\/wp\/v2\/media?parent=15155"}],"curies":[{"name":"wp","href":"https:\/\/api.w.org\/{rel}","templated":true}]}}