{"id":15159,"date":"2021-03-12T20:22:13","date_gmt":"2021-03-12T20:22:13","guid":{"rendered":"https:\/\/cryptocurrencycodes.com\/datenschutzbestimmungen\/"},"modified":"2022-10-24T07:03:08","modified_gmt":"2022-10-24T07:03:08","slug":"datenschutzbestimmungen","status":"publish","type":"page","link":"https:\/\/cryptocurrencycodes.com\/de\/datenschutzbestimmungen\/","title":{"rendered":"Datenschutzbestimmungen"},"content":{"rendered":"\n<p>Ihre Privatsph\u00e4re ist uns wichtig. Die Crypto Media Group respektiert Ihre Privatsph\u00e4re in Bezug auf alle Informationen, die wir von Ihnen \u00fcber unsere Website cryptocurrencycodes.com und andere Websites, die wir besitzen und betreiben, sammeln.<\/p>\n\n<h3 class=\"wp-block-heading\"><strong>1. Informationen, die wir sammeln<\/strong><\/h3>\n\n<h4 class=\"wp-block-heading\"><strong>Protokolldaten<\/strong><\/h4>\n\n<p>Wenn Sie unsere Website besuchen, k\u00f6nnen unsere Server automatisch die von Ihrem Webbrowser \u00fcbermittelten Standarddaten aufzeichnen. Dazu geh\u00f6ren die Internet-Protokoll-Adresse (IP-Adresse) Ihres Computers, der Typ und die Version Ihres Browsers, die von Ihnen besuchten Seiten, die Uhrzeit und das Datum Ihres Besuchs, die auf jeder Seite verbrachte Zeit und andere Details.<\/p>\n\n<h4 class=\"wp-block-heading\"><strong>Ger\u00e4tedaten<\/strong><\/h4>\n\n<p>Wir k\u00f6nnen auch Daten \u00fcber das Ger\u00e4t sammeln, das Sie f\u00fcr den Zugriff auf unsere Website verwenden. Diese Daten k\u00f6nnen den Ger\u00e4tetyp, das Betriebssystem, eindeutige Ger\u00e4tekennungen, Ger\u00e4teeinstellungen und geografische Standortdaten umfassen. Was wir erfassen, kann von den individuellen Einstellungen Ihres Ger\u00e4ts und Ihrer Software abh\u00e4ngen. Wir empfehlen, die Richtlinien Ihres Ger\u00e4teherstellers oder Softwareanbieters zu pr\u00fcfen, um zu erfahren, welche Informationen sie uns zur Verf\u00fcgung stellen.<\/p>\n\n<h4 class=\"wp-block-heading\"><strong>Pers\u00f6nliche Informationen<\/strong><\/h4>\n\n<p>Wir k\u00f6nnen Sie um pers\u00f6nliche Informationen bitten, wie z. B. Ihre:<\/p>\n\n<ul class=\"wp-block-list\"><li>Name<\/li><li>E-Mail<\/li><li>Profile in sozialen Medien<\/li><li>Datum der Geburt<\/li><li>Telefon\/Handynummer<\/li><li>Anschrift\/Postanschrift<\/li><li>Arbeitsadresse<\/li><li>Zahlungsinformationen<\/li><\/ul>\n\n<h3 class=\"wp-block-heading\"><strong>2. Rechtsgrundlagen f\u00fcr die Verarbeitung<\/strong><\/h3>\n\n<p>Wir verarbeiten Ihre personenbezogenen Daten auf rechtm\u00e4\u00dfige, faire und transparente Weise. Wir sammeln und verarbeiten Informationen \u00fcber Sie nur dann, wenn wir eine rechtliche Grundlage daf\u00fcr haben.<\/p>\n\n<p>Diese Rechtsgrundlagen h\u00e4ngen davon ab, welche Dienste Sie in Anspruch nehmen und wie Sie diese nutzen, d. h. wir erfassen und verwenden Ihre Daten nur dann, wenn dies der Fall ist:<\/p>\n\n<ul class=\"wp-block-list\"><li>es f\u00fcr die Erf\u00fcllung eines Vertrags, dessen Vertragspartei Sie sind, erforderlich ist oder um auf Ihren Wunsch hin Schritte vor Abschluss eines solchen Vertrags zu unternehmen (z. B. wenn wir eine von Ihnen angeforderte Dienstleistung erbringen);<\/li><li>es dient einem berechtigten Interesse (das nicht durch Ihre Datenschutzinteressen \u00fcberlagert wird), z. B. f\u00fcr Forschung und Entwicklung, zur Vermarktung und F\u00f6rderung unserer Dienstleistungen und zum Schutz unserer gesetzlichen Rechte und Interessen;<\/li><li>Sie uns Ihre Zustimmung f\u00fcr einen bestimmten Zweck geben (z. B. k\u00f6nnen Sie uns Ihr Einverst\u00e4ndnis geben, Ihnen unseren Newsletter zuzusenden); oder<\/li><li>wir Ihre Daten verarbeiten m\u00fcssen, um einer gesetzlichen Verpflichtung nachzukommen.<\/li><\/ul>\n\n<p>Wenn Sie der Verwendung Ihrer Daten f\u00fcr einen bestimmten Zweck zustimmen, haben Sie das Recht, Ihre Meinung jederzeit zu \u00e4ndern (dies hat jedoch keine Auswirkungen auf eine bereits erfolgte Verarbeitung).<\/p>\n\n<p>Wir bewahren personenbezogene Daten nicht l\u00e4nger als n\u00f6tig auf. W\u00e4hrend wir diese Informationen aufbewahren, sch\u00fctzen wir sie mit wirtschaftlich vertretbaren Mitteln, um Verlust und Diebstahl sowie unbefugten Zugriff, Offenlegung, Kopieren, Verwendung oder \u00c4nderung zu verhindern. Wir weisen jedoch darauf hin, dass keine Methode der elektronischen \u00dcbertragung oder Speicherung zu 100 % sicher ist und wir keine absolute Datensicherheit garantieren k\u00f6nnen. Falls erforderlich, k\u00f6nnen wir Ihre personenbezogenen Daten aufbewahren, um einer rechtlichen Verpflichtung nachzukommen oder um Ihre lebenswichtigen Interessen oder die einer anderen nat\u00fcrlichen Person zu sch\u00fctzen.<\/p>\n\n<h3 class=\"wp-block-heading\"><strong>3. Sammlung und Nutzung von Informationen<\/strong><\/h3>\n\n<p>Wir sind berechtigt, Daten f\u00fcr die folgenden Zwecke zu erheben, zu speichern, zu verwenden und weiterzugeben, und personenbezogene Daten werden nicht in einer Weise weiterverarbeitet, die mit diesen Zwecken unvereinbar ist:<\/p>\n\n<ul class=\"wp-block-list\"><li>um Ihnen die M\u00f6glichkeit zu geben, die Nutzung unserer Website individuell zu gestalten oder zu personalisieren;<\/li><li>um Ihnen den Zugang und die Nutzung unserer Website, der damit verbundenen Anwendungen und der damit verbundenen Plattformen f\u00fcr soziale Medien zu erm\u00f6glichen;<\/li><li>Sie zu kontaktieren und mit Ihnen zu kommunizieren;<\/li><li>f\u00fcr interne Aufzeichnungen und Verwaltungszwecke;<\/li><li>f\u00fcr Analysen, Marktforschung und Gesch\u00e4ftsentwicklung, einschlie\u00dflich des Betriebs und der Verbesserung unserer Website, der zugeh\u00f6rigen Anwendungen und der zugeh\u00f6rigen Social-Media-Plattformen;<\/li><li>um Wettbewerbe zu veranstalten und\/oder Ihnen zus\u00e4tzliche Vorteile zu bieten;<\/li><li>f\u00fcr Werbe- und Marketingzwecke, einschlie\u00dflich der Zusendung von Werbeinformationen \u00fcber unsere Produkte und Dienstleistungen sowie Informationen \u00fcber Dritte, die unserer Ansicht nach f\u00fcr Sie von Interesse sein k\u00f6nnten;<\/li><li>um unseren rechtlichen Verpflichtungen nachzukommen und etwaige Streitigkeiten zu schlichten; und<\/li><li>um Ihre Bewerbung zu pr\u00fcfen.<\/li><\/ul>\n\n<h3 class=\"wp-block-heading\"><strong>4. Weitergabe von personenbezogenen Informationen an Dritte<\/strong><\/h3>\n\n<p>Wir k\u00f6nnen personenbezogene Daten weitergeben an:<\/p>\n\n<ul class=\"wp-block-list\"><li>Drittdienstleister, damit diese ihre Dienstleistungen erbringen k\u00f6nnen, einschlie\u00dflich (ohne Einschr\u00e4nkung) IT-Dienstleister, Datenspeicher-, Hosting- und Serveranbieter, Werbenetzwerke, Analytiker, Fehlerprotokollierer, Inkassob\u00fcros, Wartungs- oder Probleml\u00f6sungsanbieter, Marketing- oder Werbeanbieter, professionelle Berater und Betreiber von Zahlungssystemen;<\/li><li>unsere Mitarbeiter, Auftragnehmer und\/oder verbundenen Unternehmen;<\/li><li>Sponsoren oder F\u00f6rderer von Wettbewerben, die wir durchf\u00fchren;<\/li><li>Kreditauskunfteien, Gerichte, Tribunale und Aufsichtsbeh\u00f6rden, falls Sie f\u00fcr Waren oder Dienstleistungen, die wir Ihnen zur Verf\u00fcgung gestellt haben, nicht zahlen;<\/li><li>Gerichte, Tribunale, Aufsichtsbeh\u00f6rden und Strafverfolgungsbeh\u00f6rden, soweit dies gesetzlich vorgeschrieben ist, in Verbindung mit tats\u00e4chlichen oder bevorstehenden Gerichtsverfahren oder um unsere gesetzlichen Rechte zu begr\u00fcnden, auszu\u00fcben oder zu verteidigen;<\/li><li>Dritte, einschlie\u00dflich Vertreter oder Unterauftragnehmer, die uns bei der Bereitstellung von Informationen, Produkten, Dienstleistungen oder Direktmarketing f\u00fcr Sie unterst\u00fctzen; und<\/li><li>Dritte, um Daten zu sammeln und zu verarbeiten.<\/li><\/ul>\n\n<h3 class=\"wp-block-heading\"><strong>5. Internationale \u00dcbermittlung von personenbezogenen Daten<\/strong><\/h3>\n\n<p>Die von uns erfassten personenbezogenen Daten werden im Vereinigten K\u00f6nigreich und in den Vereinigten Staaten gespeichert und verarbeitet, oder dort, wo wir oder unsere Partner, verbundenen Unternehmen und Drittanbieter Einrichtungen unterhalten. Indem Sie uns Ihre pers\u00f6nlichen Daten zur Verf\u00fcgung stellen, erkl\u00e4ren Sie sich mit der Weitergabe an diese Dritten im Ausland einverstanden.<\/p>\n\n<p>Wir stellen sicher, dass jede \u00dcbermittlung personenbezogener Daten aus L\u00e4ndern des Europ\u00e4ischen Wirtschaftsraums (EWR) in L\u00e4nder au\u00dferhalb des EWR durch angemessene Schutzma\u00dfnahmen gesch\u00fctzt wird, z. B. durch von der Europ\u00e4ischen Kommission genehmigte Standard-Datenschutzklauseln oder die Verwendung verbindlicher unternehmensinterner Vorschriften oder anderer rechtlich anerkannter Mittel.<\/p>\n\n<p>F\u00fcr den Fall, dass wir personenbezogene Daten aus einem Nicht-EWR-Land in ein anderes Land \u00fcbermitteln, erkennen Sie an, dass Dritte in anderen L\u00e4ndern m\u00f6glicherweise nicht den gleichen Datenschutzgesetzen unterliegen wie in unserem Land. Es besteht das Risiko, dass ein solcher Dritter Handlungen oder Praktiken vornimmt, die gegen die Datenschutzgesetze in unserem Land versto\u00dfen, und dies k\u00f6nnte bedeuten, dass Sie nicht in der Lage sind, gem\u00e4\u00df den Datenschutzgesetzen in unserem Land Rechtsmittel einzulegen.<\/p>\n\n<h3 class=\"wp-block-heading\"><strong>6. Ihre Rechte und die Kontrolle Ihrer pers\u00f6nlichen Daten<\/strong><\/h3>\n\n<p><strong>Wahlm\u00f6glichkeit und Zustimmung:<\/strong> Indem Sie uns personenbezogene Daten zur Verf\u00fcgung stellen, erkl\u00e4ren Sie sich damit einverstanden, dass wir Ihre personenbezogenen Daten in \u00dcbereinstimmung mit dieser Datenschutzrichtlinie erfassen, aufbewahren, verwenden und weitergeben. Wenn Sie unter 16 Jahre alt sind, m\u00fcssen Sie \u00fcber die Erlaubnis Ihrer Eltern oder Erziehungsberechtigten f\u00fcr den Zugang und die Nutzung der Website verf\u00fcgen, und diese (Ihre Eltern oder Erziehungsberechtigten) m\u00fcssen uns gegen\u00fcber garantieren, dass Sie uns Ihre pers\u00f6nlichen Daten zur Verf\u00fcgung stellen d\u00fcrfen. Sie sind nicht verpflichtet, uns personenbezogene Daten mitzuteilen. Wenn Sie dies jedoch nicht tun, kann dies Ihre Nutzung dieser Website oder der auf ihr oder \u00fcber sie angebotenen Produkte und\/oder Dienstleistungen beeintr\u00e4chtigen.<\/p>\n\n<p><strong>Informationen von Drittparteien:<\/strong> Wenn wir personenbezogene Daten \u00fcber Sie von Dritten erhalten, werden wir diese gem\u00e4\u00df dieser Datenschutzrichtlinie sch\u00fctzen. Wenn Sie eine dritte Partei sind, die pers\u00f6nliche Informationen \u00fcber eine andere Person zur Verf\u00fcgung stellt, sichern Sie zu, dass Sie die Zustimmung dieser Person haben, die pers\u00f6nlichen Informationen an uns weiterzugeben.<\/p>\n\n<p><strong>Einschr\u00e4nken:<\/strong> Sie haben die M\u00f6glichkeit, die Erfassung oder Verwendung Ihrer pers\u00f6nlichen Daten einzuschr\u00e4nken. Wenn Sie zuvor zugestimmt haben, dass wir Ihre personenbezogenen Daten f\u00fcr Direktmarketingzwecke verwenden d\u00fcrfen, k\u00f6nnen Sie Ihre Meinung jederzeit \u00e4ndern, indem Sie sich mit uns in Verbindung setzen (siehe unten). Wenn Sie uns bitten, die Verarbeitung Ihrer personenbezogenen Daten einzuschr\u00e4nken oder zu begrenzen, werden wir Sie dar\u00fcber informieren, wie sich die Einschr\u00e4nkung auf Ihre Nutzung unserer Website oder unserer Produkte und Dienstleistungen auswirkt.<\/p>\n\n<p><strong>Zugang und Daten\u00fcbertragbarkeit:<\/strong> Sie k\u00f6nnen Auskunft \u00fcber die personenbezogenen Daten verlangen, die wir \u00fcber Sie gespeichert haben. Sie k\u00f6nnen eine Kopie der pers\u00f6nlichen Daten, die wir \u00fcber Sie gespeichert haben, anfordern. Wenn m\u00f6glich, stellen wir diese Informationen im CSV-Format oder einem anderen leicht lesbaren Maschinenformat zur Verf\u00fcgung. Sie k\u00f6nnen jederzeit verlangen, dass wir die \u00fcber Sie gespeicherten personenbezogenen Daten l\u00f6schen. Sie k\u00f6nnen auch verlangen, dass wir diese personenbezogenen Daten an einen anderen Dritten weitergeben.<\/p>\n\n<p><strong>Berichtigung:<\/strong> Wenn Sie der Meinung sind, dass Informationen, die wir \u00fcber Sie gespeichert haben, ungenau, veraltet, unvollst\u00e4ndig, irrelevant oder irref\u00fchrend sind, kontaktieren Sie uns bitte unter den unten angegebenen Kontaktdaten. Wir werden angemessene Schritte unternehmen, um alle Informationen zu korrigieren, die sich als ungenau, unvollst\u00e4ndig, irref\u00fchrend oder veraltet erweisen.<\/p>\n\n<p><strong>Benachrichtigung \u00fcber Datenschutzverletzungen:<\/strong> Wir werden die auf uns anwendbaren Gesetze in Bezug auf jede Datenverletzung einhalten.<\/p>\n\n<p><strong>Reklamationen:<\/strong> Wenn Sie der Meinung sind, dass wir gegen ein einschl\u00e4giges Datenschutzgesetz versto\u00dfen haben, und eine Beschwerde einreichen m\u00f6chten, wenden Sie sich bitte an uns unter Verwendung der nachstehenden Angaben und teilen Sie uns alle Einzelheiten zu dem angeblichen Versto\u00df mit. Wir werden Ihre Beschwerde unverz\u00fcglich untersuchen und Ihnen schriftlich antworten, wobei wir Ihnen das Ergebnis unserer Untersuchung und die Schritte mitteilen, die wir zur Bearbeitung Ihrer Beschwerde unternehmen werden. Sie haben auch das Recht, sich im Zusammenhang mit Ihrer Beschwerde an eine Aufsichtsbeh\u00f6rde oder eine Datenschutzbeh\u00f6rde zu wenden.<\/p>\n\n<p><strong>Abbestellen:<\/strong> Um sich von unserer E-Mail-Datenbank abzumelden oder Mitteilungen (einschlie\u00dflich Marketingmitteilungen) abzubestellen, wenden Sie sich bitte an uns unter Verwendung der nachstehenden Angaben oder nutzen Sie die in der Mitteilung enthaltenen Abmeldem\u00f6glichkeiten.<\/p>\n\n<h3 class=\"wp-block-heading\"><strong>7. Cookies<\/strong><\/h3>\n\n<p>Wir verwenden &#8222;Cookies&#8220;, um Informationen \u00fcber Sie und Ihre Aktivit\u00e4ten auf unserer Website zu sammeln. Ein Cookie ist ein kleiner Datensatz, den unsere Website auf Ihrem Computer speichert und bei jedem Besuch abruft, damit wir verstehen k\u00f6nnen, wie Sie unsere Website nutzen. So k\u00f6nnen wir Ihnen Inhalte auf der Grundlage der von Ihnen angegebenen Pr\u00e4ferenzen anbieten. Weitere Informationen finden Sie in unserer Cookie-Richtlinie.<\/p>\n\n<h3 class=\"wp-block-heading\"><strong>8. Unternehmens\u00fcbertragungen<\/strong><\/h3>\n\n<p>Wenn wir oder unsere Verm\u00f6genswerte \u00fcbernommen werden oder in dem unwahrscheinlichen Fall, dass wir unser Gesch\u00e4ft aufgeben oder in Konkurs gehen, w\u00fcrden wir Daten zu den Verm\u00f6genswerten z\u00e4hlen, die an Parteien \u00fcbertragen werden, die uns \u00fcbernehmen. Sie erkennen an, dass es zu solchen \u00dcbertragungen kommen kann und dass die Parteien, die uns \u00fcbernehmen, Ihre personenbezogenen Daten weiterhin gem\u00e4\u00df dieser Richtlinie verwenden k\u00f6nnen.<\/p>\n\n<h3 class=\"wp-block-heading\"><strong>9. Die Grenzen unserer Politik<\/strong><\/h3>\n\n<p>Unsere Website kann Links zu externen Websites enthalten, die nicht von uns betrieben werden. Bitte beachten Sie, dass wir keine Kontrolle \u00fcber den Inhalt und die Richtlinien dieser Websites haben und keine Verantwortung oder Haftung f\u00fcr deren Datenschutzpraktiken \u00fcbernehmen k\u00f6nnen.<\/p>\n\n<h3 class=\"wp-block-heading\"><strong>10. \u00c4nderungen an dieser Politik<\/strong><\/h3>\n\n<p>Es liegt in unserem Ermessen, unsere Datenschutzrichtlinien zu \u00e4ndern, um den aktuellen akzeptablen Praktiken Rechnung zu tragen. Wir werden angemessene Ma\u00dfnahmen ergreifen, um die Nutzer \u00fcber \u00c4nderungen auf unserer Website zu informieren. Ihre fortgesetzte Nutzung dieser Website nach einer \u00c4nderung dieser Richtlinie wird als Zustimmung zu unseren Praktiken in Bezug auf den Datenschutz und pers\u00f6nliche Daten betrachtet.<\/p>\n\n<p>Wenn wir eine wesentliche \u00c4nderung an dieser Datenschutzrichtlinie vornehmen, z. B. eine \u00c4nderung der Rechtsgrundlage, auf der wir Ihre personenbezogenen Daten verarbeiten, werden wir Sie bitten, der ge\u00e4nderten Datenschutzrichtlinie erneut zuzustimmen.<\/p>\n\n<p><strong>Crypto Media Group Datenverantwortlicher<\/strong><\/p>\n\n<p>info [at] kryptow\u00e4hrungscodes[dot]com<\/p>\n\n<p>Diese Politik ist ab dem 12. M\u00e4rz 2021 g\u00fcltig.<\/p>\n","protected":false},"excerpt":{"rendered":"<p>Ihre Privatsph\u00e4re ist uns wichtig. Die Crypto Media Group respektiert Ihre Privatsph\u00e4re in Bezug auf alle Informationen, die wir von Ihnen \u00fcber unsere Website cryptocurrencycodes.com und andere Websites, die wir besitzen und betreiben, sammeln. 1. &#8230; <a title=\"Datenschutzbestimmungen\" class=\"read-more\" href=\"https:\/\/cryptocurrencycodes.com\/de\/datenschutzbestimmungen\/\" aria-label=\"Mehr zu Datenschutzbestimmungen\">read more<\/a><\/p>\n","protected":false},"author":1,"featured_media":0,"parent":0,"menu_order":0,"comment_status":"closed","ping_status":"closed","template":"","meta":{"_uag_custom_page_level_css":"","footnotes":""},"class_list":{"0":"post-15159","1":"page","2":"type-page","3":"status-publish","5":"infinite-scroll-item"},"uagb_featured_image_src":{"full":false,"thumbnail":false,"medium":false,"medium_large":false,"large":false,"1536x1536":false,"2048x2048":false},"uagb_author_info":{"display_name":"CryptocurrencyCodes.com","author_link":"https:\/\/cryptocurrencycodes.com\/de\/author\/blacksands\/"},"uagb_comment_info":0,"uagb_excerpt":"Ihre Privatsph\u00e4re ist uns wichtig. Die Crypto Media Group respektiert Ihre Privatsph\u00e4re in Bezug auf alle Informationen, die wir von Ihnen \u00fcber unsere Website cryptocurrencycodes.com und andere Websites, die wir besitzen und betreiben, sammeln. 1. ... read more","_links":{"self":[{"href":"https:\/\/cryptocurrencycodes.com\/de\/wp-json\/wp\/v2\/pages\/15159","targetHints":{"allow":["GET"]}}],"collection":[{"href":"https:\/\/cryptocurrencycodes.com\/de\/wp-json\/wp\/v2\/pages"}],"about":[{"href":"https:\/\/cryptocurrencycodes.com\/de\/wp-json\/wp\/v2\/types\/page"}],"author":[{"embeddable":true,"href":"https:\/\/cryptocurrencycodes.com\/de\/wp-json\/wp\/v2\/users\/1"}],"replies":[{"embeddable":true,"href":"https:\/\/cryptocurrencycodes.com\/de\/wp-json\/wp\/v2\/comments?post=15159"}],"version-history":[{"count":1,"href":"https:\/\/cryptocurrencycodes.com\/de\/wp-json\/wp\/v2\/pages\/15159\/revisions"}],"predecessor-version":[{"id":15162,"href":"https:\/\/cryptocurrencycodes.com\/de\/wp-json\/wp\/v2\/pages\/15159\/revisions\/15162"}],"wp:attachment":[{"href":"https:\/\/cryptocurrencycodes.com\/de\/wp-json\/wp\/v2\/media?parent=15159"}],"curies":[{"name":"wp","href":"https:\/\/api.w.org\/{rel}","templated":true}]}}