{"id":15166,"date":"2021-03-12T20:22:13","date_gmt":"2021-03-12T20:22:13","guid":{"rendered":"https:\/\/cryptocurrencycodes.com\/politica-de-privacidad\/"},"modified":"2022-10-24T07:03:08","modified_gmt":"2022-10-24T07:03:08","slug":"politica-de-privacidad","status":"publish","type":"page","link":"https:\/\/cryptocurrencycodes.com\/es\/politica-de-privacidad\/","title":{"rendered":"Pol\u00edtica de privacidad"},"content":{"rendered":"\n<p>Su privacidad es importante para nosotros. La pol\u00edtica de Crypto Media Group es respetar su privacidad con respecto a cualquier informaci\u00f3n que podamos recopilar de usted a trav\u00e9s de nuestro sitio web, cryptocurrencycodes.com, y otros sitios que poseemos y operamos.<\/p>\n\n<h3 class=\"wp-block-heading\"><strong>1. Informaci\u00f3n que recopilamos<\/strong><\/h3>\n\n<h4 class=\"wp-block-heading\"><strong>Datos del registro<\/strong><\/h4>\n\n<p>Cuando usted visita nuestro sitio web, nuestros servidores pueden registrar autom\u00e1ticamente los datos est\u00e1ndar proporcionados por su navegador web. Puede incluir la direcci\u00f3n del Protocolo de Internet (IP) de su ordenador, el tipo y la versi\u00f3n de su navegador, las p\u00e1ginas que visita, la hora y la fecha de su visita, el tiempo que pasa en cada p\u00e1gina y otros detalles.<\/p>\n\n<h4 class=\"wp-block-heading\"><strong>Datos del dispositivo<\/strong><\/h4>\n\n<p>Tambi\u00e9n podemos recopilar datos sobre el dispositivo que utiliza para acceder a nuestro sitio web. Estos datos pueden incluir el tipo de dispositivo, el sistema operativo, los identificadores \u00fanicos del dispositivo, los ajustes del dispositivo y los datos de geolocalizaci\u00f3n. Lo que recogemos puede depender de la configuraci\u00f3n individual de su dispositivo y del software. Le recomendamos que compruebe las pol\u00edticas del fabricante de su dispositivo o del proveedor de software para saber qu\u00e9 informaci\u00f3n ponen a nuestra disposici\u00f3n.<\/p>\n\n<h4 class=\"wp-block-heading\"><strong>Informaci\u00f3n personal<\/strong><\/h4>\n\n<p>Es posible que le pidamos informaci\u00f3n personal, como su:<\/p>\n\n<ul class=\"wp-block-list\"><li>Nombre<\/li><li>Env\u00ede un correo electr\u00f3nico a<\/li><li>Perfiles en las redes sociales<\/li><li>Fecha de nacimiento<\/li><li>N\u00famero de tel\u00e9fono\/m\u00f3vil<\/li><li>Direcci\u00f3n de casa\/correo<\/li><li>Direcci\u00f3n del trabajo<\/li><li>Informaci\u00f3n sobre el pago<\/li><\/ul>\n\n<h3 class=\"wp-block-heading\"><strong>2. Bases legales para el tratamiento<\/strong><\/h3>\n\n<p>Trataremos sus datos personales de forma legal, justa y transparente. Recogemos y procesamos informaci\u00f3n sobre usted s\u00f3lo cuando tenemos bases legales para hacerlo.<\/p>\n\n<p>Estas bases legales dependen de los servicios que usted utiliza y de c\u00f3mo los utiliza, lo que significa que recogemos y utilizamos su informaci\u00f3n s\u00f3lo cuando:<\/p>\n\n<ul class=\"wp-block-list\"><li>es necesario para la ejecuci\u00f3n de un contrato en el que usted es parte o para tomar medidas a petici\u00f3n suya antes de celebrar dicho contrato (por ejemplo, cuando prestamos un servicio que usted nos solicita);<\/li><li>satisface un inter\u00e9s leg\u00edtimo (que no se ve anulado por sus intereses en materia de protecci\u00f3n de datos), como por ejemplo para la investigaci\u00f3n y el desarrollo, para comercializar y promover nuestros servicios, y para proteger nuestros derechos e intereses legales;<\/li><li>nos da su consentimiento para hacerlo con un fin espec\u00edfico (por ejemplo, puede consentir que le enviemos nuestro bolet\u00edn de noticias); o<\/li><li>necesitamos tratar sus datos para cumplir con una obligaci\u00f3n legal.<\/li><\/ul>\n\n<p>Cuando consienta que utilicemos sus datos para un fin determinado, tendr\u00e1 derecho a cambiar de opini\u00f3n en cualquier momento (pero esto no afectar\u00e1 al tratamiento que ya se haya realizado).<\/p>\n\n<p>No conservamos la informaci\u00f3n personal durante m\u00e1s tiempo del necesario. Mientras conservemos esta informaci\u00f3n, la protegeremos con medios comercialmente aceptables para evitar la p\u00e9rdida y el robo, as\u00ed como el acceso, la divulgaci\u00f3n, la copia, el uso o la modificaci\u00f3n no autorizados. Dicho esto, advertimos que ning\u00fan m\u00e9todo de transmisi\u00f3n o almacenamiento electr\u00f3nico es 100% seguro y no podemos garantizar la seguridad absoluta de los datos. Si es necesario, podemos conservar su informaci\u00f3n personal para cumplir con una obligaci\u00f3n legal o para proteger sus intereses vitales o los de otra persona f\u00edsica.<\/p>\n\n<h3 class=\"wp-block-heading\"><strong>3. Recogida y uso de la informaci\u00f3n<\/strong><\/h3>\n\n<p>Podemos recopilar, conservar, utilizar y divulgar informaci\u00f3n para los siguientes fines y la informaci\u00f3n personal no se procesar\u00e1 de forma incompatible con estos fines:<\/p>\n\n<ul class=\"wp-block-list\"><li>para permitirle adaptar o personalizar su experiencia en nuestro sitio web;<\/li><li>para permitirle acceder y utilizar nuestro sitio web, las aplicaciones asociadas y las plataformas de medios sociales asociadas;<\/li><li>para contactar y comunicarse con usted;<\/li><li>para el mantenimiento de registros internos y fines administrativos;<\/li><li>para el an\u00e1lisis, la investigaci\u00f3n de mercado y el desarrollo empresarial, incluyendo el funcionamiento y la mejora de nuestro sitio web, las aplicaciones asociadas y las plataformas de medios sociales asociadas;<\/li><li>para organizar concursos y ofrecerle ventajas adicionales;<\/li><li>para publicidad y marketing, incluyendo el env\u00edo de informaci\u00f3n promocional sobre nuestros productos y servicios e informaci\u00f3n sobre terceros que consideramos puede ser de su inter\u00e9s;<\/li><li>para cumplir con nuestras obligaciones legales y resolver los litigios que podamos tener; y<\/li><li>para considerar su solicitud de empleo.<\/li><\/ul>\n\n<h3 class=\"wp-block-heading\"><strong>4. Revelaci\u00f3n de informaci\u00f3n personal a terceros<\/strong><\/h3>\n\n<p>Podemos revelar informaci\u00f3n personal a:<\/p>\n\n<ul class=\"wp-block-list\"><li>terceros proveedores de servicios con el fin de permitirles prestar sus servicios, incluidos (sin limitaci\u00f3n) los proveedores de servicios inform\u00e1ticos, de almacenamiento de datos, de alojamiento y de servidores, las redes publicitarias, los analizadores, los registradores de errores, los cobradores de deudas, los proveedores de mantenimiento o de resoluci\u00f3n de problemas, los proveedores de marketing o publicidad, los asesores profesionales y los operadores de sistemas de pago;<\/li><li>nuestros empleados, contratistas y\/o entidades relacionadas;<\/li><li>patrocinadores o promotores de cualquier concurso que organicemos;<\/li><li>agencias de informaci\u00f3n crediticia, juzgados, tribunales y autoridades reguladoras, en caso de que no pague los bienes o servicios que le hemos proporcionado;<\/li><li>los juzgados, los tribunales, las autoridades reguladoras y los funcionarios encargados de hacer cumplir la ley, seg\u00fan lo exija la ley, en relaci\u00f3n con cualquier procedimiento legal actual o futuro, o para establecer, ejercer o defender nuestros derechos legales;<\/li><li>terceros, incluidos agentes o subcontratistas, que nos ayudan a proporcionarle informaci\u00f3n, productos, servicios o marketing directo; y<\/li><li>terceros para recoger y procesar los datos.<\/li><\/ul>\n\n<h3 class=\"wp-block-heading\"><strong>5. Transferencias internacionales de informaci\u00f3n personal<\/strong><\/h3>\n\n<p>La informaci\u00f3n personal que recopilamos se almacena y se procesa en el Reino Unido y en los Estados Unidos, o donde nosotros o nuestros socios, afiliados y terceros proveedores tienen instalaciones. Al proporcionarnos su informaci\u00f3n personal, usted consiente la divulgaci\u00f3n a estos terceros en el extranjero.<\/p>\n\n<p>Nos aseguraremos de que cualquier transferencia de informaci\u00f3n personal desde pa\u00edses del Espacio Econ\u00f3mico Europeo (EEE) a pa\u00edses fuera del EEE est\u00e9 protegida por las salvaguardias adecuadas, por ejemplo, mediante el uso de cl\u00e1usulas est\u00e1ndar de protecci\u00f3n de datos aprobadas por la Comisi\u00f3n Europea, o el uso de normas corporativas vinculantes u otros medios legalmente aceptados.<\/p>\n\n<p>Cuando transferimos informaci\u00f3n personal desde un pa\u00eds no perteneciente al EEE a otro pa\u00eds, usted reconoce que los terceros de otras jurisdicciones pueden no estar sujetos a leyes de protecci\u00f3n de datos similares a las de nuestra jurisdicci\u00f3n. Existen riesgos si cualquiera de estos terceros realiza alg\u00fan acto o pr\u00e1ctica que contravenga las leyes de privacidad de datos en nuestra jurisdicci\u00f3n y esto podr\u00eda significar que usted no podr\u00e1 buscar compensaci\u00f3n bajo las leyes de privacidad de nuestra jurisdicci\u00f3n.<\/p>\n\n<h3 class=\"wp-block-heading\"><strong>6. Sus derechos y el control de su informaci\u00f3n personal<\/strong><\/h3>\n\n<p><strong>Elecci\u00f3n y consentimiento:<\/strong> Al proporcionarnos informaci\u00f3n personal, usted acepta que recopilemos, conservemos, utilicemos y divulguemos su informaci\u00f3n personal de acuerdo con esta pol\u00edtica de privacidad. Si usted es menor de 16 a\u00f1os, debe tener, y garantizarnos en la medida en que lo permita la ley, que tiene el permiso de sus padres o de su tutor legal para acceder y utilizar el sitio web y que ellos (sus padres o su tutor) han dado su consentimiento para que nos proporcione su informaci\u00f3n personal. No es necesario que nos proporcione informaci\u00f3n personal, sin embargo, si no lo hace, puede afectar a su uso de este sitio web o de los productos y\/o servicios ofrecidos en \u00e9l o a trav\u00e9s de \u00e9l.<\/p>\n\n<p><strong>Informaci\u00f3n de terceros:<\/strong> Si recibimos informaci\u00f3n personal sobre usted de un tercero, la protegeremos como se establece en esta pol\u00edtica de privacidad. Si usted es un tercero que proporciona informaci\u00f3n personal sobre otra persona, declara y garantiza que tiene el consentimiento de dicha persona para proporcionarnos la informaci\u00f3n personal.<\/p>\n\n<p><strong>Restringir:<\/strong> Puede elegir restringir la recopilaci\u00f3n o el uso de su informaci\u00f3n personal. Si ha aceptado previamente que utilicemos su informaci\u00f3n personal para fines de marketing directo, puede cambiar de opini\u00f3n en cualquier momento poni\u00e9ndose en contacto con nosotros utilizando los datos que figuran a continuaci\u00f3n. Si nos pide que restrinjamos o limitemos el tratamiento de sus datos personales, le informaremos de c\u00f3mo afecta la restricci\u00f3n a su uso de nuestro sitio web o de nuestros productos y servicios.<\/p>\n\n<p><strong>Acceso y portabilidad de datos:<\/strong> Puede solicitar detalles de la informaci\u00f3n personal que tenemos sobre usted. Puede solicitar una copia de la informaci\u00f3n personal que tenemos sobre usted. En la medida de lo posible, proporcionaremos esta informaci\u00f3n en formato CSV o en otro formato de f\u00e1cil lectura para m\u00e1quinas. Puede solicitar que borremos la informaci\u00f3n personal que tenemos sobre usted en cualquier momento. Tambi\u00e9n puede solicitar que transfiramos esta informaci\u00f3n personal a otro tercero.<\/p>\n\n<p><strong>Correcci\u00f3n:<\/strong> Si cree que cualquier informaci\u00f3n que tenemos sobre usted es inexacta, obsoleta, incompleta, irrelevante o enga\u00f1osa, p\u00f3ngase en contacto con nosotros a trav\u00e9s de los siguientes datos. Tomaremos las medidas razonables para corregir cualquier informaci\u00f3n que resulte ser inexacta, incompleta, enga\u00f1osa o desactualizada.<\/p>\n\n<p><strong>Notificaci\u00f3n de violaciones de datos:<\/strong> Cumpliremos las leyes que nos sean aplicables respecto a cualquier violaci\u00f3n de datos.<\/p>\n\n<p><strong>Reclamaciones:<\/strong> Si cree que hemos infringido una ley de protecci\u00f3n de datos pertinente y desea presentar una reclamaci\u00f3n, p\u00f3ngase en contacto con nosotros utilizando los datos que figuran a continuaci\u00f3n y facil\u00edtenos todos los detalles de la supuesta infracci\u00f3n. Investigaremos r\u00e1pidamente su queja y le responderemos, por escrito, exponiendo el resultado de nuestra investigaci\u00f3n y los pasos que daremos para tratar su queja. Tambi\u00e9n tiene derecho a ponerse en contacto con un organismo regulador o una autoridad de protecci\u00f3n de datos en relaci\u00f3n con su queja.<\/p>\n\n<p><strong>Cancelar la suscripci\u00f3n:<\/strong> Para darse de baja de nuestra base de datos de correo electr\u00f3nico o excluirse de las comunicaciones (incluidas las comunicaciones de marketing), p\u00f3ngase en contacto con nosotros utilizando los datos que figuran a continuaci\u00f3n o excl\u00fayase utilizando las posibilidades de exclusi\u00f3n previstas en la comunicaci\u00f3n.<\/p>\n\n<h3 class=\"wp-block-heading\"><strong>7. Cookies<\/strong><\/h3>\n\n<p>Utilizamos \u00abcookies\u00bb para recoger informaci\u00f3n sobre usted y su actividad en nuestro sitio. Una cookie es un peque\u00f1o dato que nuestro sitio web almacena en su ordenador, y al que se accede cada vez que lo visita, para que podamos entender c\u00f3mo utiliza nuestro sitio. Esto nos ayuda a servirle contenido basado en las preferencias que usted ha especificado. Por favor, consulte nuestra Pol\u00edtica de Cookies para m\u00e1s informaci\u00f3n.<\/p>\n\n<h3 class=\"wp-block-heading\"><strong>8. Transferencia de empresas<\/strong><\/h3>\n\n<p>Si nosotros o nuestros activos son adquiridos, o en el improbable caso de que quebremos o entremos en bancarrota, incluir\u00edamos los datos entre los activos transferidos a cualquier parte que nos adquiera. Usted reconoce que dichas transferencias pueden producirse, y que cualquier parte que nos adquiera puede seguir utilizando su informaci\u00f3n personal de acuerdo con esta pol\u00edtica.<\/p>\n\n<h3 class=\"wp-block-heading\"><strong>9. L\u00edmites de nuestra pol\u00edtica<\/strong><\/h3>\n\n<p>Nuestro sitio web puede tener enlaces a sitios externos que no son operados por nosotros. Tenga en cuenta que no tenemos ning\u00fan control sobre el contenido y las pol\u00edticas de esos sitios, y no podemos aceptar la responsabilidad de sus respectivas pr\u00e1cticas de privacidad.<\/p>\n\n<h3 class=\"wp-block-heading\"><strong>10. Cambios en esta pol\u00edtica<\/strong><\/h3>\n\n<p>A nuestra discreci\u00f3n, podemos cambiar nuestra pol\u00edtica de privacidad para reflejar las pr\u00e1cticas aceptables actuales. Tomaremos medidas razonables para informar a los usuarios sobre los cambios a trav\u00e9s de nuestro sitio web. Su uso continuado de este sitio despu\u00e9s de cualquier cambio en esta pol\u00edtica se considerar\u00e1 como la aceptaci\u00f3n de nuestras pr\u00e1cticas en torno a la privacidad y la informaci\u00f3n personal.<\/p>\n\n<p>Si introducimos un cambio significativo en esta pol\u00edtica de privacidad, por ejemplo, cambiando una base legal sobre la que procesamos su informaci\u00f3n personal, le pediremos que vuelva a dar su consentimiento a la pol\u00edtica de privacidad modificada.<\/p>\n\n<p><strong>Controlador de datos de Crypto Media Group<\/strong><\/p>\n\n<p>info [at] cryptocurrencycodes[dot]com<\/p>\n\n<p>Esta pol\u00edtica es efectiva a partir del 12 de marzo de 2021.<\/p>\n","protected":false},"excerpt":{"rendered":"<p>Su privacidad es importante para nosotros. La pol\u00edtica de Crypto Media Group es respetar su privacidad con respecto a cualquier informaci\u00f3n que podamos recopilar de usted a trav\u00e9s de nuestro sitio web, cryptocurrencycodes.com, y otros &#8230; <a title=\"Pol\u00edtica de privacidad\" class=\"read-more\" href=\"https:\/\/cryptocurrencycodes.com\/es\/politica-de-privacidad\/\" aria-label=\"M\u00e1s en Pol\u00edtica de privacidad\">read more<\/a><\/p>\n","protected":false},"author":1,"featured_media":0,"parent":0,"menu_order":0,"comment_status":"closed","ping_status":"closed","template":"","meta":{"_uag_custom_page_level_css":"","footnotes":""},"class_list":{"0":"post-15166","1":"page","2":"type-page","3":"status-publish","5":"infinite-scroll-item"},"uagb_featured_image_src":{"full":false,"thumbnail":false,"medium":false,"medium_large":false,"large":false,"1536x1536":false,"2048x2048":false},"uagb_author_info":{"display_name":"CryptocurrencyCodes.com","author_link":"https:\/\/cryptocurrencycodes.com\/es\/author\/blacksands\/"},"uagb_comment_info":0,"uagb_excerpt":"Su privacidad es importante para nosotros. La pol\u00edtica de Crypto Media Group es respetar su privacidad con respecto a cualquier informaci\u00f3n que podamos recopilar de usted a trav\u00e9s de nuestro sitio web, cryptocurrencycodes.com, y otros ... read more","_links":{"self":[{"href":"https:\/\/cryptocurrencycodes.com\/es\/wp-json\/wp\/v2\/pages\/15166","targetHints":{"allow":["GET"]}}],"collection":[{"href":"https:\/\/cryptocurrencycodes.com\/es\/wp-json\/wp\/v2\/pages"}],"about":[{"href":"https:\/\/cryptocurrencycodes.com\/es\/wp-json\/wp\/v2\/types\/page"}],"author":[{"embeddable":true,"href":"https:\/\/cryptocurrencycodes.com\/es\/wp-json\/wp\/v2\/users\/1"}],"replies":[{"embeddable":true,"href":"https:\/\/cryptocurrencycodes.com\/es\/wp-json\/wp\/v2\/comments?post=15166"}],"version-history":[{"count":1,"href":"https:\/\/cryptocurrencycodes.com\/es\/wp-json\/wp\/v2\/pages\/15166\/revisions"}],"predecessor-version":[{"id":15169,"href":"https:\/\/cryptocurrencycodes.com\/es\/wp-json\/wp\/v2\/pages\/15166\/revisions\/15169"}],"wp:attachment":[{"href":"https:\/\/cryptocurrencycodes.com\/es\/wp-json\/wp\/v2\/media?parent=15166"}],"curies":[{"name":"wp","href":"https:\/\/api.w.org\/{rel}","templated":true}]}}