{"id":15023,"date":"2021-03-12T17:30:42","date_gmt":"2021-03-12T17:30:42","guid":{"rendered":"https:\/\/cryptocurrencycodes.com\/tietoja\/"},"modified":"2022-10-24T07:02:39","modified_gmt":"2022-10-24T07:02:39","slug":"tietoja","status":"publish","type":"page","link":"https:\/\/cryptocurrencycodes.com\/fi\/tietoja\/","title":{"rendered":"Tietoja"},"content":{"rendered":"\n<p>Tervetuloa <a href=\"https:\/\/cryptocurrencycodes.com\/fi\/\" class=\"rank-math-link\">Cryptocurrency Codes<\/a>!<\/p>\n\n<p>L\u00f6yd\u00e4mme parhaat bonukset, suositukset ja tarjoukset kryptomaailmassa ja kokoamme ne kaikki yhteen paikkaan &#8211; mik\u00e4 tekee meist\u00e4 kryptotarjousten perimm\u00e4isen resurssin internetiss\u00e4.<\/p>\n\n<p>T\u00e4m\u00e4 sivusto perustettiin vuonna 2021, ja sen omistaa ja sit\u00e4 yll\u00e4pit\u00e4\u00e4 Black Sands Media Limited &#8211; digitaalinen mediayhti\u00f6, joka palvelee maailmanlaajuista yleis\u00f6\u00e4.<\/p>\n\n<p>Haluatko ottaa yhteytt\u00e4? K\u00e4y <a href=\"https:\/\/cryptocurrencycodes.com\/fi\/ota-yhteytta\/\" class=\"rank-math-link\">yhteystietosivulla<\/a> ja t\u00e4yt\u00e4 lomake.<\/p>\n","protected":false},"excerpt":{"rendered":"<p>Tervetuloa Cryptocurrency Codes! L\u00f6yd\u00e4mme parhaat bonukset, suositukset ja tarjoukset kryptomaailmassa ja kokoamme ne kaikki yhteen paikkaan &#8211; mik\u00e4 tekee meist\u00e4 kryptotarjousten perimm\u00e4isen resurssin internetiss\u00e4. T\u00e4m\u00e4 sivusto perustettiin vuonna 2021, ja sen omistaa ja sit\u00e4 yll\u00e4pit\u00e4\u00e4 &#8230; <a title=\"Tietoja\" class=\"read-more\" href=\"https:\/\/cryptocurrencycodes.com\/fi\/tietoja\/\" aria-label=\"Lis\u00e4\u00e4 Tietoja\">read more<\/a><\/p>\n","protected":false},"author":1,"featured_media":0,"parent":0,"menu_order":0,"comment_status":"closed","ping_status":"closed","template":"","meta":{"_uag_custom_page_level_css":"","footnotes":""},"class_list":{"0":"post-15023","1":"page","2":"type-page","3":"status-publish","5":"infinite-scroll-item"},"uagb_featured_image_src":{"full":false,"thumbnail":false,"medium":false,"medium_large":false,"large":false,"1536x1536":false,"2048x2048":false},"uagb_author_info":{"display_name":"CryptocurrencyCodes.com","author_link":"https:\/\/cryptocurrencycodes.com\/fi\/author\/blacksands\/"},"uagb_comment_info":0,"uagb_excerpt":"Tervetuloa Cryptocurrency Codes! L\u00f6yd\u00e4mme parhaat bonukset, suositukset ja tarjoukset kryptomaailmassa ja kokoamme ne kaikki yhteen paikkaan &#8211; mik\u00e4 tekee meist\u00e4 kryptotarjousten perimm\u00e4isen resurssin internetiss\u00e4. T\u00e4m\u00e4 sivusto perustettiin vuonna 2021, ja sen omistaa ja sit\u00e4 yll\u00e4pit\u00e4\u00e4 ... read more","_links":{"self":[{"href":"https:\/\/cryptocurrencycodes.com\/fi\/wp-json\/wp\/v2\/pages\/15023","targetHints":{"allow":["GET"]}}],"collection":[{"href":"https:\/\/cryptocurrencycodes.com\/fi\/wp-json\/wp\/v2\/pages"}],"about":[{"href":"https:\/\/cryptocurrencycodes.com\/fi\/wp-json\/wp\/v2\/types\/page"}],"author":[{"embeddable":true,"href":"https:\/\/cryptocurrencycodes.com\/fi\/wp-json\/wp\/v2\/users\/1"}],"replies":[{"embeddable":true,"href":"https:\/\/cryptocurrencycodes.com\/fi\/wp-json\/wp\/v2\/comments?post=15023"}],"version-history":[{"count":3,"href":"https:\/\/cryptocurrencycodes.com\/fi\/wp-json\/wp\/v2\/pages\/15023\/revisions"}],"predecessor-version":[{"id":15095,"href":"https:\/\/cryptocurrencycodes.com\/fi\/wp-json\/wp\/v2\/pages\/15023\/revisions\/15095"}],"wp:attachment":[{"href":"https:\/\/cryptocurrencycodes.com\/fi\/wp-json\/wp\/v2\/media?parent=15023"}],"curies":[{"name":"wp","href":"https:\/\/api.w.org\/{rel}","templated":true}]}}