{"id":15152,"date":"2021-03-12T20:22:13","date_gmt":"2021-03-12T20:22:13","guid":{"rendered":"https:\/\/cryptocurrencycodes.com\/tietosuojakaytanto\/"},"modified":"2022-10-24T07:02:50","modified_gmt":"2022-10-24T07:02:50","slug":"tietosuojakaytanto","status":"publish","type":"page","link":"https:\/\/cryptocurrencycodes.com\/fi\/tietosuojakaytanto\/","title":{"rendered":"Tietosuojak\u00e4yt\u00e4nt\u00f6"},"content":{"rendered":"\n<p>Yksityisyytesi on meille t\u00e4rke\u00e4\u00e4. Crypto Media Groupin politiikkana on kunnioittaa yksityisyytt\u00e4si kaikkien niiden tietojen osalta, joita voimme ker\u00e4t\u00e4 sinulta verkkosivustollamme cryptocurrencycodes.com ja muilla omistamillamme ja yll\u00e4pit\u00e4mill\u00e4mme sivustoilla.<\/p>\n\n<h3 class=\"wp-block-heading\"><strong>1. Ker\u00e4\u00e4m\u00e4mme tiedot<\/strong><\/h3>\n\n<h4 class=\"wp-block-heading\"><strong>Lokitiedot<\/strong><\/h4>\n\n<p>Kun vierailet verkkosivustollamme, palvelimemme voivat automaattisesti tallentaa selaimesi antamat vakiotiedot. Se voi sis\u00e4lt\u00e4\u00e4 tietokoneesi IP-osoitteen (Internet Protocol), selaimesi tyypin ja version, vierailemasi sivut, vierailusi ajankohdan ja p\u00e4iv\u00e4m\u00e4\u00e4r\u00e4n, kullakin sivulla vietetyn ajan sek\u00e4 muita tietoja.<\/p>\n\n<h4 class=\"wp-block-heading\"><strong>Laitteen tiedot<\/strong><\/h4>\n\n<p>Saatamme my\u00f6s ker\u00e4t\u00e4 tietoja laitteesta, jolla k\u00e4yt\u00e4t verkkosivustoamme. N\u00e4ihin tietoihin voivat kuulua laitetyyppi, k\u00e4ytt\u00f6j\u00e4rjestelm\u00e4, yksil\u00f6lliset laitetunnisteet, laiteasetukset ja maantieteelliset sijaintitiedot. Ker\u00e4\u00e4m\u00e4mme tiedot voivat riippua laitteesi ja ohjelmistosi yksil\u00f6llisist\u00e4 asetuksista. Suosittelemme tarkistamaan laitevalmistajan tai ohjelmistotoimittajan k\u00e4yt\u00e4nn\u00f6t saadaksesi tiet\u00e4\u00e4, mit\u00e4 tietoja ne antavat meid\u00e4n k\u00e4ytt\u00f6\u00f6n.<\/p>\n\n<h4 class=\"wp-block-heading\"><strong>Henkil\u00f6kohtaiset tiedot<\/strong><\/h4>\n\n<p>Saatamme pyyt\u00e4\u00e4 henkil\u00f6kohtaisia tietoja, kuten:<\/p>\n\n<ul class=\"wp-block-list\"><li>Nimi<\/li><li>S\u00e4hk\u00f6posti<\/li><li>Sosiaalisen median profiilit<\/li><li>Syntym\u00e4aika<\/li><li>Puhelin\/matkapuhelinnumero<\/li><li>Koti\/s\u00e4hk\u00f6postiosoite<\/li><li>Ty\u00f6paikan osoite<\/li><li>Maksutiedot<\/li><\/ul>\n\n<h3 class=\"wp-block-heading\"><strong>2. K\u00e4sittelyn oikeusperustat<\/strong><\/h3>\n\n<p>K\u00e4sittelemme henkil\u00f6tietojasi laillisesti, oikeudenmukaisesti ja avoimesti. Ker\u00e4\u00e4mme ja k\u00e4sittelemme sinua koskevia tietoja vain, jos meill\u00e4 on siihen lailliset perusteet.<\/p>\n\n<p>N\u00e4m\u00e4 oikeusperustat riippuvat k\u00e4ytt\u00e4mist\u00e4si palveluista ja siit\u00e4, miten k\u00e4yt\u00e4t niit\u00e4, mik\u00e4 tarkoittaa, ett\u00e4 ker\u00e4\u00e4mme ja k\u00e4yt\u00e4mme tietojasi vain, jos:<\/p>\n\n<ul class=\"wp-block-list\"><li>se on tarpeen sellaisen sopimuksen t\u00e4ytt\u00e4miseksi, jonka osapuolena olet, tai toimenpiteiden toteuttamiseksi pyynn\u00f6st\u00e4si ennen t\u00e4llaisen sopimuksen tekemist\u00e4 (esimerkiksi kun tarjoamme palvelua, jota pyyd\u00e4t meilt\u00e4);<\/li><li>se t\u00e4ytt\u00e4\u00e4 oikeutetun edun (jota tietosuojaetusi eiv\u00e4t syrj\u00e4yt\u00e4), kuten tutkimus- ja kehitysty\u00f6n, palveluidemme markkinoinnin ja edist\u00e4misen sek\u00e4 lakis\u00e4\u00e4teisten oikeuksiemme ja etujemme suojaamisen;<\/li><li>annat meille suostumuksen tehd\u00e4 niin tietty\u00e4 tarkoitusta varten (voit esimerkiksi antaa suostumuksesi siihen, ett\u00e4 l\u00e4het\u00e4mme sinulle uutiskirjeemme); tai<\/li><li>meid\u00e4n on k\u00e4sitelt\u00e4v\u00e4 tietojasi lakis\u00e4\u00e4teisen velvoitteen noudattamiseksi.<\/li><\/ul>\n\n<p>Jos annat suostumuksesi siihen, ett\u00e4 k\u00e4yt\u00e4mme sinua koskevia tietoja tiettyyn tarkoitukseen, sinulla on oikeus muuttaa mielesi milloin tahansa (mutta t\u00e4m\u00e4 ei vaikuta jo tapahtuneeseen k\u00e4sittelyyn).<\/p>\n\n<p>Emme s\u00e4ilyt\u00e4 henkil\u00f6tietoja pidemp\u00e4\u00e4n kuin on tarpeen. Kun s\u00e4ilyt\u00e4mme n\u00e4it\u00e4 tietoja, suojaamme niit\u00e4 kaupallisesti hyv\u00e4ksytt\u00e4vin keinoin est\u00e4\u00e4kseen tietojen katoamisen ja varastamisen sek\u00e4 luvattoman p\u00e4\u00e4syn, paljastamisen, kopioinnin, k\u00e4yt\u00f6n tai muuttamisen. T\u00e4st\u00e4 huolimatta huomautamme, ett\u00e4 mik\u00e4\u00e4n s\u00e4hk\u00f6inen l\u00e4hetys- tai tallennusmenetelm\u00e4 ei ole 100-prosenttisen turvallinen, emmek\u00e4 voi taata ehdotonta tietoturvaa. Voimme tarvittaessa s\u00e4ilytt\u00e4\u00e4 henkil\u00f6tietojasi lakis\u00e4\u00e4teisen velvoitteen noudattamiseksi tai sinun tai jonkun muun luonnollisen henkil\u00f6n elint\u00e4rkeiden etujen suojaamiseksi.<\/p>\n\n<h3 class=\"wp-block-heading\"><strong>3. Tietojen ker\u00e4\u00e4minen ja k\u00e4ytt\u00f6<\/strong><\/h3>\n\n<p>Voimme ker\u00e4t\u00e4, s\u00e4ilytt\u00e4\u00e4, k\u00e4ytt\u00e4\u00e4 ja luovuttaa tietoja seuraaviin tarkoituksiin, eik\u00e4 henkil\u00f6tietoja k\u00e4sitell\u00e4 edelleen tavalla, joka on ristiriidassa n\u00e4iden tarkoitusten kanssa:<\/p>\n\n<ul class=\"wp-block-list\"><li>jotta voit mukauttaa tai personoida kokemustasi verkkosivustollamme;<\/li><li>jotta voit k\u00e4ytt\u00e4\u00e4 verkkosivustoamme, siihen liittyvi\u00e4 sovelluksia ja sosiaalisen median alustoja;<\/li><li>ottaa sinuun yhteytt\u00e4 ja viesti\u00e4 kanssasi;<\/li><li>sis\u00e4iseen kirjanpitoon ja hallinnollisiin tarkoituksiin;<\/li><li>analytiikkaan, markkinatutkimukseen ja liiketoiminnan kehitt\u00e4miseen, mukaan lukien verkkosivuston, siihen liittyvien sovellusten ja sosiaalisen median alustojen k\u00e4ytt\u00e4minen ja parantaminen;<\/li><li>j\u00e4rjest\u00e4\u00e4 kilpailuja ja\/tai tarjota sinulle lis\u00e4etuja;<\/li><li>mainontaan ja markkinointiin, mukaan lukien mainostiedon l\u00e4hett\u00e4minen sinulle tuotteistamme ja palveluistamme sek\u00e4 kolmansista osapuolista, jotka mielest\u00e4mme saattavat kiinnostaa sinua;<\/li><li>lakis\u00e4\u00e4teisten velvoitteidemme noudattaminen ja mahdollisten riitojen ratkaiseminen; ja<\/li><li>harkitsemaan ty\u00f6hakemustasi.<\/li><\/ul>\n\n<h3 class=\"wp-block-heading\"><strong>4. Henkil\u00f6tietojen luovuttaminen kolmansille osapuolille<\/strong><\/h3>\n\n<p>Voimme luovuttaa henkil\u00f6tietoja seuraaville tahoille:<\/p>\n\n<ul class=\"wp-block-list\"><li>kolmannen osapuolen palveluntarjoajat, jotta ne voivat tarjota palvelujaan, mukaan lukien (rajoituksetta) tietotekniikkapalvelujen tarjoajat, tietojen tallennuksen, is\u00e4nn\u00f6innin ja palvelinten tarjoajat, mainosverkostot, analytiikka, virheiden kirjaajat, velanperint\u00e4toimistot, huolto- tai ongelmanratkaisutoimistot, markkinointi- tai mainostoimistot, ammatilliset neuvonantajat ja maksuj\u00e4rjestelmien yll\u00e4pit\u00e4j\u00e4t;<\/li><li>ty\u00f6ntekij\u00f6it\u00e4mme, alihankkijoitamme ja\/tai niihin liittyvi\u00e4 yhteis\u00f6j\u00e4;<\/li><li>j\u00e4rjest\u00e4miemme kilpailujen sponsorit tai promoottorit;<\/li><li>luottotietotoimistot, tuomioistuimet, tribunaalit ja s\u00e4\u00e4ntelyviranomaiset, jos et maksa sinulle toimittamiamme tavaroita tai palveluita;<\/li><li>tuomioistuimille, tribunaaleille, s\u00e4\u00e4ntelyviranomaisille ja lainvalvontaviranomaisille lain edellytt\u00e4m\u00e4ll\u00e4 tavalla, todellisten tai tulevien oikeudenk\u00e4yntien yhteydess\u00e4 tai laillisten oikeuksiemme vahvistamiseksi, k\u00e4ytt\u00e4miseksi tai puolustamiseksi;<\/li><li>kolmannet osapuolet, mukaan lukien edustajat tai alihankkijat, jotka avustavat meit\u00e4 tietojen, tuotteiden, palvelujen tai suoramarkkinoinnin tarjoamisessa sinulle; ja<\/li><li>kolmansia osapuolia ker\u00e4\u00e4m\u00e4\u00e4n ja k\u00e4sittelem\u00e4\u00e4n tietoja.<\/li><\/ul>\n\n<h3 class=\"wp-block-heading\"><strong>5. Henkil\u00f6tietojen kansainv\u00e4liset siirrot<\/strong><\/h3>\n\n<p>Ker\u00e4\u00e4mi\u00e4mme henkil\u00f6tietoja s\u00e4ilytet\u00e4\u00e4n ja k\u00e4sitell\u00e4\u00e4n Yhdistyneess\u00e4 kuningaskunnassa ja Yhdysvalloissa tai siell\u00e4, miss\u00e4 meill\u00e4 tai yhteisty\u00f6kumppaneillamme, tyt\u00e4ryhti\u00f6ill\u00e4mme ja kolmansien osapuolten palveluntarjoajilla on toimipisteit\u00e4. Antamalla meille henkil\u00f6tietojasi annat suostumuksesi tietojen luovuttamiseen n\u00e4ille ulkomaisille kolmansille osapuolille.<\/p>\n\n<p>Varmistamme, ett\u00e4 kaikki henkil\u00f6tietojen siirrot Euroopan talousalueen (ETA) maista ETA:n ulkopuolisiin maihin suojataan asianmukaisilla suojatoimilla, esimerkiksi k\u00e4ytt\u00e4m\u00e4ll\u00e4 Euroopan komission hyv\u00e4ksymi\u00e4 vakiomuotoisia tietosuojalausekkeita tai k\u00e4ytt\u00e4m\u00e4ll\u00e4 sitovia yrityss\u00e4\u00e4nt\u00f6j\u00e4 tai muita oikeudellisesti hyv\u00e4ksyttyj\u00e4 keinoja.<\/p>\n\n<p>Jos siirr\u00e4mme henkil\u00f6tietoja ETA:n ulkopuolisesta maasta toiseen maahan, hyv\u00e4ksyt, ett\u00e4 muiden maiden kolmansia osapuolia ei v\u00e4ltt\u00e4m\u00e4tt\u00e4 koske samanlainen tietosuojalains\u00e4\u00e4d\u00e4nt\u00f6 kuin meid\u00e4n laink\u00e4ytt\u00f6alueellamme. On olemassa riskej\u00e4, jos t\u00e4llainen kolmas osapuoli syyllistyy mihink\u00e4\u00e4n sellaiseen toimintaan tai k\u00e4yt\u00e4nt\u00f6\u00f6n, joka rikkoo laink\u00e4ytt\u00f6alueemme tietosuojalakeja, ja t\u00e4m\u00e4 saattaa tarkoittaa, ett\u00e4 et voi hakea korvausta laink\u00e4ytt\u00f6alueemme tietosuojalakien nojalla.<\/p>\n\n<h3 class=\"wp-block-heading\"><strong>6. Oikeutesi ja henkil\u00f6tietojesi valvonta<\/strong><\/h3>\n\n<p><strong>Valinta ja suostumus:<\/strong> Jos annat meille henkil\u00f6tietojasi, annat suostumuksesi siihen, ett\u00e4 ker\u00e4\u00e4mme, s\u00e4ilyt\u00e4mme, k\u00e4yt\u00e4mme ja luovutamme henkil\u00f6tietojasi t\u00e4m\u00e4n tietosuojak\u00e4yt\u00e4nn\u00f6n mukaisesti. Jos olet alle 16-vuotias, sinulla on oltava, ja lain sallimissa rajoissa takaat meille, ett\u00e4 sinulla on vanhempiesi tai laillisen huoltajasi lupa p\u00e4\u00e4st\u00e4 verkkosivustolle ja k\u00e4ytt\u00e4\u00e4 sit\u00e4 ja ett\u00e4 he (vanhempasi tai huoltajasi) ovat antaneet suostumuksensa siihen, ett\u00e4 annat meille henkil\u00f6tietojasi. Sinun ei tarvitse antaa meille henkil\u00f6kohtaisia tietoja, mutta jos et anna, se voi vaikuttaa t\u00e4m\u00e4n verkkosivuston tai sen kautta tarjottujen tuotteiden ja\/tai palveluiden k\u00e4ytt\u00f6\u00f6n.<\/p>\n\n<p><strong>Kolmansilta osapuolilta saadut tiedot:<\/strong> Jos saamme henkil\u00f6tietojasi kolmannelta osapuolelta, suojaamme niit\u00e4 t\u00e4m\u00e4n tietosuojak\u00e4yt\u00e4nn\u00f6n mukaisesti. Jos olet kolmas osapuoli, joka antaa henkil\u00f6tietoja jostakin toisesta henkil\u00f6st\u00e4, vakuutat ja takaat, ett\u00e4 sinulla on kyseisen henkil\u00f6n suostumus henkil\u00f6tietojen antamiseen meille.<\/p>\n\n<p><strong>Rajoita:<\/strong> Voit halutessasi rajoittaa henkil\u00f6tietojesi ker\u00e4\u00e4mist\u00e4 tai k\u00e4ytt\u00f6\u00e4. Jos olet aiemmin suostunut siihen, ett\u00e4 k\u00e4yt\u00e4mme henkil\u00f6tietojasi suoramarkkinointitarkoituksiin, voit muuttaa mielt\u00e4si milloin tahansa ottamalla meihin yhteytt\u00e4 alla olevilla tiedoilla. Jos pyyd\u00e4t meit\u00e4 rajoittamaan tai rajoittamaan henkil\u00f6tietojesi k\u00e4sittely\u00e4, kerromme sinulle, miten rajoitus vaikuttaa verkkosivustomme tai tuotteidemme ja palveluidemme k\u00e4ytt\u00f6\u00f6n.<\/p>\n\n<p><strong>P\u00e4\u00e4sy ja tietojen siirrett\u00e4vyys:<\/strong> Voit pyyt\u00e4\u00e4 yksityiskohtaisia tietoja sinusta hallussamme olevista henkil\u00f6tiedoista. Voit pyyt\u00e4\u00e4 kopion sinusta hallussamme olevista henkil\u00f6tiedoista. Toimitamme n\u00e4m\u00e4 tiedot mahdollisuuksien mukaan CSV-muodossa tai muussa helposti luettavassa konemuodossa. Voit milloin tahansa pyyt\u00e4\u00e4, ett\u00e4 poistamme hallussamme olevat henkil\u00f6tietosi. Voit my\u00f6s pyyt\u00e4\u00e4, ett\u00e4 siirr\u00e4mme n\u00e4m\u00e4 henkil\u00f6tiedot toiselle kolmannelle osapuolelle.<\/p>\n\n<p><strong>Korjaus:<\/strong> Jos uskot, ett\u00e4 hallussamme olevat tietosi ovat ep\u00e4tarkkoja, vanhentuneita, ep\u00e4t\u00e4ydellisi\u00e4, ep\u00e4relevantteja tai harhaanjohtavia, ota meihin yhteytt\u00e4 alla olevilla tiedoilla. Ryhdymme kohtuullisiin toimenpiteisiin korjatakseen kaikki ep\u00e4tarkat, ep\u00e4t\u00e4ydelliset, harhaanjohtavat tai vanhentuneet tiedot.<\/p>\n\n<p><strong>Tietoturvaloukkauksista ilmoittaminen:<\/strong> Noudatamme meihin sovellettavia lakeja kaikkien tietomurtojen osalta.<\/p>\n\n<p><strong>Valitukset:<\/strong> Jos uskot, ett\u00e4 olemme rikkoneet asiaankuuluvaa tietosuojalakia ja haluat tehd\u00e4 valituksen, ota meihin yhteytt\u00e4 alla olevilla tiedoilla ja ilmoita meille kaikki yksityiskohdat v\u00e4itetyst\u00e4 rikkomuksesta. Tutkimme valituksesi viipym\u00e4tt\u00e4 ja vastaamme sinulle kirjallisesti, jossa kerromme tutkimustulokset ja toimenpiteet, joihin ryhdymme valituksesi k\u00e4sittelemiseksi. Sinulla on my\u00f6s oikeus ottaa yhteytt\u00e4 s\u00e4\u00e4ntelyelimeen tai tietosuojaviranomaiseen valituksesi johdosta.<\/p>\n\n<p><strong>Poistu tilauksesta:<\/strong> Jos haluat peruuttaa s\u00e4hk\u00f6postitietokannastamme tai kielt\u00e4yty\u00e4 viestinn\u00e4st\u00e4 (mukaan lukien markkinointiviestint\u00e4), ota meihin yhteytt\u00e4 alla olevilla tiedoilla tai poistu viestinn\u00e4st\u00e4 viestinn\u00e4ss\u00e4 olevien poissulkutoimintojen avulla.<\/p>\n\n<h3 class=\"wp-block-heading\"><strong>7. Ev\u00e4steet<\/strong><\/h3>\n\n<p>K\u00e4yt\u00e4mme ev\u00e4steit\u00e4 ker\u00e4t\u00e4ksemme tietoja sinusta ja toiminnastasi sivustollamme. Ev\u00e4ste on pieni tietomuoto, jonka verkkosivustomme tallentaa tietokoneellesi ja johon se p\u00e4\u00e4see k\u00e4siksi joka kerta, kun vierailet sivustolla, jotta voimme ymm\u00e4rt\u00e4\u00e4, miten k\u00e4yt\u00e4t sivustoamme. T\u00e4m\u00e4 auttaa meit\u00e4 tarjoamaan sinulle sis\u00e4lt\u00f6\u00e4 m\u00e4\u00e4rittelemiesi mieltymysten perusteella. Katso lis\u00e4tietoja ev\u00e4stek\u00e4yt\u00e4nn\u00f6st\u00e4mme.<\/p>\n\n<h3 class=\"wp-block-heading\"><strong>8. Yrityssiirrot<\/strong><\/h3>\n\n<p>Jos meid\u00e4t tai omaisuutemme ostetaan tai siin\u00e4 ep\u00e4todenn\u00e4k\u00f6isess\u00e4 tapauksessa, ett\u00e4 lakkaamme toimimasta tai menemme konkurssiin, sis\u00e4llyt\u00e4mme tiedot niihin omaisuuseriin, jotka siirret\u00e4\u00e4n meid\u00e4t ostaville osapuolille. Hyv\u00e4ksyt, ett\u00e4 t\u00e4llaisia siirtoja voi tapahtua ja ett\u00e4 meid\u00e4t hankkivat osapuolet voivat jatkaa henkil\u00f6tietojesi k\u00e4ytt\u00f6\u00e4 t\u00e4m\u00e4n k\u00e4yt\u00e4nn\u00f6n mukaisesti.<\/p>\n\n<h3 class=\"wp-block-heading\"><strong>9. Politiikkamme rajat<\/strong><\/h3>\n\n<p>Verkkosivustomme voi linkitt\u00e4\u00e4 ulkopuolisille sivustoille, joita me emme yll\u00e4pid\u00e4. Huomaa, ett\u00e4 emme voi valvoa n\u00e4iden sivustojen sis\u00e4lt\u00f6\u00e4 ja k\u00e4yt\u00e4nt\u00f6j\u00e4, emmek\u00e4 voi ottaa vastuuta niiden tietosuojak\u00e4yt\u00e4nn\u00f6ist\u00e4.<\/p>\n\n<h3 class=\"wp-block-heading\"><strong>10. Muutokset t\u00e4h\u00e4n politiikkaan<\/strong><\/h3>\n\n<p>Voimme harkintamme mukaan muuttaa tietosuojak\u00e4yt\u00e4nt\u00f6\u00e4mme vastaamaan nykyisi\u00e4 hyv\u00e4ksytt\u00e4vi\u00e4 k\u00e4yt\u00e4nt\u00f6j\u00e4. Toteutamme kohtuulliset toimenpiteet ilmoittaaksemme k\u00e4ytt\u00e4jille muutoksista verkkosivustomme kautta. Jos jatkat t\u00e4m\u00e4n sivuston k\u00e4ytt\u00f6\u00e4 t\u00e4m\u00e4n k\u00e4yt\u00e4nn\u00f6n muutosten j\u00e4lkeen, sinun katsotaan hyv\u00e4ksyv\u00e4n yksityisyytt\u00e4 ja henkil\u00f6tietoja koskevat k\u00e4yt\u00e4nt\u00f6mme.<\/p>\n\n<p>Jos teemme t\u00e4h\u00e4n tietosuojak\u00e4yt\u00e4nt\u00f6\u00f6n merkitt\u00e4v\u00e4n muutoksen, esimerkiksi muutamme laillista perustetta, jonka perusteella k\u00e4sittelemme henkil\u00f6tietojasi, pyyd\u00e4mme sinua antamaan uuden suostumuksen muutettuun tietosuojak\u00e4yt\u00e4nt\u00f6\u00f6n.<\/p>\n\n<p><strong>Crypto Media Group Rekisterinpit\u00e4j\u00e4<\/strong><\/p>\n\n<p>info [at] cryptocurrencycodes[dot]com<\/p>\n\n<p>T\u00e4m\u00e4 politiikka on voimassa 12. maaliskuuta 2021 alkaen.<\/p>\n","protected":false},"excerpt":{"rendered":"<p>Yksityisyytesi on meille t\u00e4rke\u00e4\u00e4. Crypto Media Groupin politiikkana on kunnioittaa yksityisyytt\u00e4si kaikkien niiden tietojen osalta, joita voimme ker\u00e4t\u00e4 sinulta verkkosivustollamme cryptocurrencycodes.com ja muilla omistamillamme ja yll\u00e4pit\u00e4mill\u00e4mme sivustoilla. 1. Ker\u00e4\u00e4m\u00e4mme tiedot Lokitiedot Kun vierailet verkkosivustollamme, palvelimemme &#8230; <a title=\"Tietosuojak\u00e4yt\u00e4nt\u00f6\" class=\"read-more\" href=\"https:\/\/cryptocurrencycodes.com\/fi\/tietosuojakaytanto\/\" aria-label=\"Lis\u00e4\u00e4 Tietosuojak\u00e4yt\u00e4nt\u00f6\">read more<\/a><\/p>\n","protected":false},"author":1,"featured_media":0,"parent":0,"menu_order":0,"comment_status":"closed","ping_status":"closed","template":"","meta":{"_uag_custom_page_level_css":"","footnotes":""},"class_list":{"0":"post-15152","1":"page","2":"type-page","3":"status-publish","5":"infinite-scroll-item"},"uagb_featured_image_src":{"full":false,"thumbnail":false,"medium":false,"medium_large":false,"large":false,"1536x1536":false,"2048x2048":false},"uagb_author_info":{"display_name":"CryptocurrencyCodes.com","author_link":"https:\/\/cryptocurrencycodes.com\/fi\/author\/blacksands\/"},"uagb_comment_info":0,"uagb_excerpt":"Yksityisyytesi on meille t\u00e4rke\u00e4\u00e4. Crypto Media Groupin politiikkana on kunnioittaa yksityisyytt\u00e4si kaikkien niiden tietojen osalta, joita voimme ker\u00e4t\u00e4 sinulta verkkosivustollamme cryptocurrencycodes.com ja muilla omistamillamme ja yll\u00e4pit\u00e4mill\u00e4mme sivustoilla. 1. Ker\u00e4\u00e4m\u00e4mme tiedot Lokitiedot Kun vierailet verkkosivustollamme, palvelimemme ... read more","_links":{"self":[{"href":"https:\/\/cryptocurrencycodes.com\/fi\/wp-json\/wp\/v2\/pages\/15152","targetHints":{"allow":["GET"]}}],"collection":[{"href":"https:\/\/cryptocurrencycodes.com\/fi\/wp-json\/wp\/v2\/pages"}],"about":[{"href":"https:\/\/cryptocurrencycodes.com\/fi\/wp-json\/wp\/v2\/types\/page"}],"author":[{"embeddable":true,"href":"https:\/\/cryptocurrencycodes.com\/fi\/wp-json\/wp\/v2\/users\/1"}],"replies":[{"embeddable":true,"href":"https:\/\/cryptocurrencycodes.com\/fi\/wp-json\/wp\/v2\/comments?post=15152"}],"version-history":[{"count":1,"href":"https:\/\/cryptocurrencycodes.com\/fi\/wp-json\/wp\/v2\/pages\/15152\/revisions"}],"predecessor-version":[{"id":15154,"href":"https:\/\/cryptocurrencycodes.com\/fi\/wp-json\/wp\/v2\/pages\/15152\/revisions\/15154"}],"wp:attachment":[{"href":"https:\/\/cryptocurrencycodes.com\/fi\/wp-json\/wp\/v2\/media?parent=15152"}],"curies":[{"name":"wp","href":"https:\/\/api.w.org\/{rel}","templated":true}]}}