{"id":15189,"date":"2021-03-17T16:14:34","date_gmt":"2021-03-17T16:14:34","guid":{"rendered":"https:\/\/cryptocurrencycodes.com\/sivuston-kartta\/"},"modified":"2023-01-21T12:54:28","modified_gmt":"2023-01-21T12:54:28","slug":"sivuston-kartta","status":"publish","type":"page","link":"https:\/\/cryptocurrencycodes.com\/fi\/sivuston-kartta\/","title":{"rendered":"Sivuston kartta"},"content":{"rendered":"\n<p>Loimme t\u00e4m\u00e4n sivun auttaaksemme sinua l\u00f6yt\u00e4m\u00e4\u00e4n <a href=\"https:\/\/cryptocurrencycodes.com\/fi\/\" class=\"rank-math-link\">CryptocurrencyCodes.com-sivustolla<\/a>.<\/p>\n<form role=\"search\" method=\"get\" action=\"https:\/\/cryptocurrencycodes.com\/fi\/\" class=\"wp-block-search__button-outside wp-block-search__text-button wp-block-search\"    ><label class=\"wp-block-search__label screen-reader-text\" for=\"wp-block-search__input-2\" >Etsi<\/label><div class=\"wp-block-search__inside-wrapper\" ><input class=\"wp-block-search__input\" id=\"wp-block-search__input-2\" placeholder=\"Etsi\" value=\"\" type=\"search\" name=\"s\" required \/><button aria-label=\"Etsi\" class=\"wp-block-search__button wp-element-button\" type=\"submit\" >Etsi<\/button><\/div><\/form>\n<h2 class=\"wp-block-heading\">Vaihdot<\/h2>\n\n<ul class=\"wp-block-list\"><li><a href=\"https:\/\/cryptocurrencycodes.com\/fi\/ftx\/\" class=\"rank-math-link\">FTX<\/a><\/li><li>AAX<\/li><li><a href=\"https:\/\/cryptocurrencycodes.com\/fi\/ascendex\/\" class=\"rank-math-link\">AscendEX<\/a><\/li><li><a href=\"https:\/\/cryptocurrencycodes.com\/fi\/bityard\/\" class=\"rank-math-link\">Bityard<\/a><\/li><li>Bexplus<\/li><li><a href=\"https:\/\/cryptocurrencycodes.com\/fi\/coinbase\/\" class=\"rank-math-link\">Coinbase<\/a><\/li><li>Dsdaq<\/li><li><a href=\"https:\/\/cryptocurrencycodes.com\/fi\/bitforex\/\" class=\"rank-math-link\">BitForex<\/a><\/li><li>Bit.com<\/li><li>CoinSpot<\/li><li><a href=\"https:\/\/cryptocurrencycodes.com\/fi\/stormgain\/\" class=\"rank-math-link\">StormGain<\/a><\/li><li><a href=\"https:\/\/cryptocurrencycodes.com\/fi\/phemex\/\" class=\"rank-math-link\">Phemex<\/a><\/li><li>BitZ<\/li><li><a href=\"https:\/\/cryptocurrencycodes.com\/fi\/binance\/\" class=\"rank-math-link\">Binance<\/a><\/li><li>BKEX<\/li><li><a href=\"https:\/\/cryptocurrencycodes.com\/fi\/bitfinex\/\" class=\"rank-math-link\">Bitfinex<\/a><\/li><li><a href=\"https:\/\/cryptocurrencycodes.com\/fi\/bitmart\/\" class=\"rank-math-link\">BitMart<\/a><\/li><li><a href=\"https:\/\/cryptocurrencycodes.com\/fi\/btse\/\" class=\"rank-math-link\">BTSE<\/a><\/li><li><a href=\"https:\/\/cryptocurrencycodes.com\/fi\/crypto-com\/\" class=\"rank-math-link\">Crypto.com<\/a><\/li><li><a href=\"https:\/\/cryptocurrencycodes.com\/fi\/margex\/\" class=\"rank-math-link\">Margex<\/a><\/li><\/ul>\n\n<h2 class=\"wp-block-heading\">Myym\u00e4l\u00e4t<\/h2>\n\n<ul class=\"wp-block-list\"><li><a href=\"https:\/\/cryptocurrencycodes.com\/fi\/bitrefill\/\" class=\"rank-math-link\">Bitrefill<\/a><\/li><\/ul>\n\n<h2 class=\"wp-block-heading\">Sovellukset<\/h2>\n\n<ul class=\"wp-block-list\"><li><a href=\"https:\/\/cryptocurrencycodes.com\/fi\/stormx-2\/\" class=\"rank-math-link\">StormX<\/a><\/li><li>Maiar<\/li><\/ul>\n\n<h2 class=\"wp-block-heading\"><a href=\"https:\/\/cryptocurrencycodes.com\/fi\/parhaat-bitcoin-crypto-wallet-tarjoukset-2021\/\" class=\"rank-math-link\">Lompakot<\/a><\/h2>\n\n<h2 class=\"wp-block-heading\">Tiedot<\/h2>\n\n<ul class=\"wp-block-list\"><li><a href=\"https:\/\/cryptocurrencycodes.com\/fi\/tietoja\/\" class=\"rank-math-link\">Tietoja<\/a><\/li><li><a href=\"https:\/\/cryptocurrencycodes.com\/fi\/ota-yhteytta\/\" class=\"rank-math-link\">Ota yhteytt\u00e4<\/a><\/li><li><a href=\"https:\/\/cryptocurrencycodes.com\/fi\/tietosuojakaytanto\/\" class=\"rank-math-link\">Tietosuojak\u00e4yt\u00e4nt\u00f6<\/a><\/li><\/ul>\n\n<h2 class=\"wp-block-heading\">Muut<\/h2>\n\n<ul class=\"wp-block-list\"><li><a href=\"https:\/\/cryptocurrencycodes.com\/fi\/\" class=\"rank-math-link\">Parhaat krypto-tarjoukset<\/a><\/li><\/ul>\n","protected":false},"excerpt":{"rendered":"<p>Loimme t\u00e4m\u00e4n sivun auttaaksemme sinua l\u00f6yt\u00e4m\u00e4\u00e4n CryptocurrencyCodes.com-sivustolla. Vaihdot FTX AAX AscendEX Bityard Bexplus Coinbase Dsdaq BitForex Bit.com CoinSpot StormGain Phemex BitZ Binance BKEX Bitfinex BitMart BTSE Crypto.com Margex Myym\u00e4l\u00e4t Bitrefill Sovellukset StormX Maiar Lompakot Tiedot &#8230; <a title=\"Sivuston kartta\" class=\"read-more\" href=\"https:\/\/cryptocurrencycodes.com\/fi\/sivuston-kartta\/\" aria-label=\"Lis\u00e4\u00e4 Sivuston kartta\">read more<\/a><\/p>\n","protected":false},"author":1,"featured_media":0,"parent":0,"menu_order":0,"comment_status":"closed","ping_status":"closed","template":"","meta":{"_uag_custom_page_level_css":"","footnotes":""},"class_list":{"0":"post-15189","1":"page","2":"type-page","3":"status-publish","5":"infinite-scroll-item"},"uagb_featured_image_src":{"full":false,"thumbnail":false,"medium":false,"medium_large":false,"large":false,"1536x1536":false,"2048x2048":false},"uagb_author_info":{"display_name":"CryptocurrencyCodes.com","author_link":"https:\/\/cryptocurrencycodes.com\/fi\/author\/blacksands\/"},"uagb_comment_info":0,"uagb_excerpt":"Loimme t\u00e4m\u00e4n sivun auttaaksemme sinua l\u00f6yt\u00e4m\u00e4\u00e4n CryptocurrencyCodes.com-sivustolla. Vaihdot FTX AAX AscendEX Bityard Bexplus Coinbase Dsdaq BitForex Bit.com CoinSpot StormGain Phemex BitZ Binance BKEX Bitfinex BitMart BTSE Crypto.com Margex Myym\u00e4l\u00e4t Bitrefill Sovellukset StormX Maiar Lompakot Tiedot ... read more","_links":{"self":[{"href":"https:\/\/cryptocurrencycodes.com\/fi\/wp-json\/wp\/v2\/pages\/15189","targetHints":{"allow":["GET"]}}],"collection":[{"href":"https:\/\/cryptocurrencycodes.com\/fi\/wp-json\/wp\/v2\/pages"}],"about":[{"href":"https:\/\/cryptocurrencycodes.com\/fi\/wp-json\/wp\/v2\/types\/page"}],"author":[{"embeddable":true,"href":"https:\/\/cryptocurrencycodes.com\/fi\/wp-json\/wp\/v2\/users\/1"}],"replies":[{"embeddable":true,"href":"https:\/\/cryptocurrencycodes.com\/fi\/wp-json\/wp\/v2\/comments?post=15189"}],"version-history":[{"count":9,"href":"https:\/\/cryptocurrencycodes.com\/fi\/wp-json\/wp\/v2\/pages\/15189\/revisions"}],"predecessor-version":[{"id":23288,"href":"https:\/\/cryptocurrencycodes.com\/fi\/wp-json\/wp\/v2\/pages\/15189\/revisions\/23288"}],"wp:attachment":[{"href":"https:\/\/cryptocurrencycodes.com\/fi\/wp-json\/wp\/v2\/media?parent=15189"}],"curies":[{"name":"wp","href":"https:\/\/api.w.org\/{rel}","templated":true}]}}