{"id":15031,"date":"2021-03-12T17:30:42","date_gmt":"2021-03-12T17:30:42","guid":{"rendered":"https:\/\/cryptocurrencycodes.com\/a-propos-de\/"},"modified":"2022-10-24T07:02:39","modified_gmt":"2022-10-24T07:02:39","slug":"a-propos-de","status":"publish","type":"page","link":"https:\/\/cryptocurrencycodes.com\/fr\/a-propos-de\/","title":{"rendered":"\u00c0 propos de"},"content":{"rendered":"\n<p>Bienvenue \u00e0 <a href=\"https:\/\/cryptocurrencycodes.com\/fr\/\" class=\"rank-math-link\">Cryptocurrency Codes<\/a>!<\/p>\n\n<p>Nous trouvons les meilleurs bonus, recommandations et offres dans le monde de la crypto et les rassemblons en un seul endroit &#8211; ce qui fait de nous la ressource ultime pour les offres de crypto sur Internet.<\/p>\n\n<p>Ce site a \u00e9t\u00e9 cr\u00e9\u00e9 en 2021 et est d\u00e9tenu et exploit\u00e9 par Black Sands Media Limited &#8211; une soci\u00e9t\u00e9 de m\u00e9dias num\u00e9riques qui sert un public mondial.<\/p>\n\n<p>Besoin d&rsquo;entrer en contact ? Visitez la <a href=\"https:\/\/cryptocurrencycodes.com\/fr\/contact\/\" class=\"rank-math-link\">page de contact<\/a> et remplissez le formulaire.<\/p>\n","protected":false},"excerpt":{"rendered":"<p>Bienvenue \u00e0 Cryptocurrency Codes! Nous trouvons les meilleurs bonus, recommandations et offres dans le monde de la crypto et les rassemblons en un seul endroit &#8211; ce qui fait de nous la ressource ultime pour &#8230; <a title=\"\u00c0 propos de\" class=\"read-more\" href=\"https:\/\/cryptocurrencycodes.com\/fr\/a-propos-de\/\" aria-label=\"Plus sur \u00c0 propos de\">read more<\/a><\/p>\n","protected":false},"author":1,"featured_media":0,"parent":0,"menu_order":0,"comment_status":"closed","ping_status":"closed","template":"","meta":{"_uag_custom_page_level_css":"","footnotes":""},"class_list":{"0":"post-15031","1":"page","2":"type-page","3":"status-publish","5":"infinite-scroll-item"},"uagb_featured_image_src":{"full":false,"thumbnail":false,"medium":false,"medium_large":false,"large":false,"1536x1536":false,"2048x2048":false},"uagb_author_info":{"display_name":"CryptocurrencyCodes.com","author_link":"https:\/\/cryptocurrencycodes.com\/fr\/author\/blacksands\/"},"uagb_comment_info":0,"uagb_excerpt":"Bienvenue \u00e0 Cryptocurrency Codes! Nous trouvons les meilleurs bonus, recommandations et offres dans le monde de la crypto et les rassemblons en un seul endroit &#8211; ce qui fait de nous la ressource ultime pour ... read more","_links":{"self":[{"href":"https:\/\/cryptocurrencycodes.com\/fr\/wp-json\/wp\/v2\/pages\/15031","targetHints":{"allow":["GET"]}}],"collection":[{"href":"https:\/\/cryptocurrencycodes.com\/fr\/wp-json\/wp\/v2\/pages"}],"about":[{"href":"https:\/\/cryptocurrencycodes.com\/fr\/wp-json\/wp\/v2\/types\/page"}],"author":[{"embeddable":true,"href":"https:\/\/cryptocurrencycodes.com\/fr\/wp-json\/wp\/v2\/users\/1"}],"replies":[{"embeddable":true,"href":"https:\/\/cryptocurrencycodes.com\/fr\/wp-json\/wp\/v2\/comments?post=15031"}],"version-history":[{"count":3,"href":"https:\/\/cryptocurrencycodes.com\/fr\/wp-json\/wp\/v2\/pages\/15031\/revisions"}],"predecessor-version":[{"id":15106,"href":"https:\/\/cryptocurrencycodes.com\/fr\/wp-json\/wp\/v2\/pages\/15031\/revisions\/15106"}],"wp:attachment":[{"href":"https:\/\/cryptocurrencycodes.com\/fr\/wp-json\/wp\/v2\/media?parent=15031"}],"curies":[{"name":"wp","href":"https:\/\/api.w.org\/{rel}","templated":true}]}}