{"id":15173,"date":"2021-03-12T20:22:13","date_gmt":"2021-03-12T20:22:13","guid":{"rendered":"https:\/\/cryptocurrencycodes.com\/politique-de-confidentialite\/"},"modified":"2022-10-24T07:03:08","modified_gmt":"2022-10-24T07:03:08","slug":"politique-de-confidentialite","status":"publish","type":"page","link":"https:\/\/cryptocurrencycodes.com\/fr\/politique-de-confidentialite\/","title":{"rendered":"Politique de confidentialit\u00e9"},"content":{"rendered":"\n<p>Votre vie priv\u00e9e est importante pour nous. La politique de Crypto Media Group est de respecter votre vie priv\u00e9e en ce qui concerne toute information que nous pouvons recueillir aupr\u00e8s de vous sur notre site Web, cryptocurrencycodes.com, et d&rsquo;autres sites que nous poss\u00e9dons et exploitons.<\/p>\n\n<h3 class=\"wp-block-heading\"><strong>1. Informations que nous recueillons<\/strong><\/h3>\n\n<h4 class=\"wp-block-heading\"><strong>Donn\u00e9es du journal<\/strong><\/h4>\n\n<p>Lorsque vous visitez notre site web, nos serveurs peuvent enregistrer automatiquement les donn\u00e9es standard fournies par votre navigateur web. Il peut s&rsquo;agir de l&rsquo;adresse IP (Internet Protocol) de votre ordinateur, du type et de la version de votre navigateur, des pages que vous visitez, de l&rsquo;heure et de la date de votre visite, du temps pass\u00e9 sur chaque page et d&rsquo;autres d\u00e9tails.<\/p>\n\n<h4 class=\"wp-block-heading\"><strong>Donn\u00e9es du dispositif<\/strong><\/h4>\n\n<p>Nous pouvons \u00e9galement recueillir des donn\u00e9es sur l&rsquo;appareil que vous utilisez pour acc\u00e9der \u00e0 notre site web. Ces donn\u00e9es peuvent inclure le type de dispositif, le syst\u00e8me d&rsquo;exploitation, les identifiants uniques du dispositif, les param\u00e8tres du dispositif et les donn\u00e9es de g\u00e9olocalisation. Ce que nous collectons peut d\u00e9pendre des param\u00e8tres individuels de votre appareil et de votre logiciel. Nous vous recommandons de v\u00e9rifier les politiques du fabricant de votre appareil ou du fournisseur de logiciels pour savoir quelles informations ils mettent \u00e0 notre disposition.<\/p>\n\n<h4 class=\"wp-block-heading\"><strong>Informations personnelles<\/strong><\/h4>\n\n<p>Nous pouvons vous demander des informations personnelles, telles que vos :<\/p>\n\n<ul class=\"wp-block-list\"><li>Nom<\/li><li>Courriel :<\/li><li>Profils de m\u00e9dias sociaux<\/li><li>Date de naissance<\/li><li>Num\u00e9ro de t\u00e9l\u00e9phone\/mobile<\/li><li>Adresse personnelle\/adresse postale<\/li><li>Adresse professionnelle<\/li><li>Informations sur le paiement<\/li><\/ul>\n\n<h3 class=\"wp-block-heading\"><strong>2. Bases juridiques du traitement<\/strong><\/h3>\n\n<p>Nous traiterons vos informations personnelles de mani\u00e8re l\u00e9gale, \u00e9quitable et transparente. Nous ne recueillons et ne traitons les informations vous concernant que lorsque nous avons des bases l\u00e9gales pour le faire.<\/p>\n\n<p>Ces bases juridiques d\u00e9pendent des services que vous utilisez et de la mani\u00e8re dont vous les utilisez, ce qui signifie que nous recueillons et utilisons vos informations uniquement lorsque :<\/p>\n\n<ul class=\"wp-block-list\"><li>il est n\u00e9cessaire pour l&rsquo;ex\u00e9cution d&rsquo;un contrat auquel vous \u00eates partie ou pour prendre des mesures \u00e0 votre demande avant de conclure un tel contrat (par exemple, lorsque nous fournissons un service que vous nous demandez) ;<\/li><li>elle r\u00e9pond \u00e0 un int\u00e9r\u00eat l\u00e9gitime (qui n&rsquo;est pas supplant\u00e9 par vos int\u00e9r\u00eats en mati\u00e8re de protection des donn\u00e9es), par exemple pour la recherche et le d\u00e9veloppement, pour commercialiser et promouvoir nos services, et pour prot\u00e9ger nos droits et int\u00e9r\u00eats l\u00e9gaux ;<\/li><li>vous nous donnez votre accord pour le faire dans un but pr\u00e9cis (par exemple, vous pouvez consentir \u00e0 ce que nous vous envoyions notre bulletin d&rsquo;information) ; ou<\/li><li>nous devons traiter vos donn\u00e9es pour nous conformer \u00e0 une obligation l\u00e9gale.<\/li><\/ul>\n\n<p>Lorsque vous consentez \u00e0 ce que nous utilisions les informations vous concernant dans un but pr\u00e9cis, vous avez le droit de changer d&rsquo;avis \u00e0 tout moment (mais cela n&rsquo;affectera pas le traitement qui a d\u00e9j\u00e0 eu lieu).<\/p>\n\n<p>Nous ne conservons pas les informations personnelles plus longtemps que n\u00e9cessaire. Pendant que nous conservons ces informations, nous les prot\u00e9gerons par des moyens commercialement acceptables afin d&rsquo;\u00e9viter la perte et le vol, ainsi que l&rsquo;acc\u00e8s, la divulgation, la copie, l&rsquo;utilisation ou la modification non autoris\u00e9s. Cela dit, nous vous informons qu&rsquo;aucune m\u00e9thode de transmission ou de stockage \u00e9lectronique n&rsquo;est s\u00fbre \u00e0 100 % et nous ne pouvons pas garantir une s\u00e9curit\u00e9 absolue des donn\u00e9es. Si n\u00e9cessaire, nous pouvons conserver vos informations personnelles pour nous conformer \u00e0 une obligation l\u00e9gale ou pour prot\u00e9ger vos int\u00e9r\u00eats vitaux ou ceux d&rsquo;une autre personne physique.<\/p>\n\n<h3 class=\"wp-block-heading\"><strong>3. Collecte et utilisation des informations<\/strong><\/h3>\n\n<p>Nous pouvons collecter, conserver, utiliser et divulguer des informations aux fins suivantes et les informations personnelles ne seront pas trait\u00e9es ult\u00e9rieurement d&rsquo;une mani\u00e8re incompatible avec ces objectifs :<\/p>\n\n<ul class=\"wp-block-list\"><li>pour vous permettre d&rsquo;adapter ou de personnaliser votre exp\u00e9rience de notre site web ;<\/li><li>pour vous permettre d&rsquo;acc\u00e9der et d&rsquo;utiliser notre site web, les applications associ\u00e9es et les plateformes de m\u00e9dias sociaux associ\u00e9es ;<\/li><li>pour vous contacter et communiquer avec vous ;<\/li><li>\u00e0 des fins d&rsquo;archivage interne et d&rsquo;administration ;<\/li><li>\u00e0 des fins d&rsquo;analyse, d&rsquo;\u00e9tude de march\u00e9 et de d\u00e9veloppement commercial, notamment pour exploiter et am\u00e9liorer notre site web, les applications associ\u00e9es et les plateformes de m\u00e9dias sociaux associ\u00e9es ;<\/li><li>pour organiser des concours et\/ou vous offrir des avantages suppl\u00e9mentaires ;<\/li><li>\u00e0 des fins de publicit\u00e9 et de marketing, notamment pour vous envoyer des informations promotionnelles sur nos produits et services et des informations sur des tiers qui, selon nous, pourraient vous int\u00e9resser ;<\/li><li>pour nous conformer \u00e0 nos obligations l\u00e9gales et r\u00e9soudre tout litige que nous pourrions avoir ; et<\/li><li>\u00e0 prendre en consid\u00e9ration votre demande d&#8217;emploi.<\/li><\/ul>\n\n<h3 class=\"wp-block-heading\"><strong>4. Divulgation d&rsquo;informations personnelles \u00e0 des tiers<\/strong><\/h3>\n\n<p>Nous pouvons divulguer des informations personnelles \u00e0 :<\/p>\n\n<ul class=\"wp-block-list\"><li>les prestataires de services tiers afin de leur permettre de fournir leurs services, y compris (sans limitation) les prestataires de services informatiques, les fournisseurs de stockage de donn\u00e9es, d&rsquo;h\u00e9bergement et de serveurs, les r\u00e9seaux publicitaires, les analystes, les enregistreurs d&rsquo;erreurs, les collecteurs de dettes, les prestataires de maintenance ou de r\u00e9solution de probl\u00e8mes, les prestataires de marketing ou de publicit\u00e9, les conseillers professionnels et les op\u00e9rateurs de syst\u00e8mes de paiement ;<\/li><li>nos employ\u00e9s, contractants et\/ou entit\u00e9s li\u00e9es ;<\/li><li>les sponsors ou promoteurs de tout concours que nous organisons ;<\/li><li>les agences d&rsquo;\u00e9valuation du cr\u00e9dit, les cours, les tribunaux et les autorit\u00e9s de r\u00e9glementation, dans le cas o\u00f9 vous ne payez pas les biens ou les services que nous vous avons fournis ;<\/li><li>les cours, les tribunaux, les autorit\u00e9s r\u00e9glementaires et les agents charg\u00e9s de l&rsquo;application de la loi, comme l&rsquo;exige la loi, dans le cadre de toute proc\u00e9dure judiciaire actuelle ou future, ou afin d&rsquo;\u00e9tablir, d&rsquo;exercer ou de d\u00e9fendre nos droits l\u00e9gaux ;<\/li><li>des tiers, y compris des agents ou des sous-traitants, qui nous aident \u00e0 vous fournir des informations, des produits, des services ou du marketing direct ; et<\/li><li>des tiers pour collecter et traiter les donn\u00e9es.<\/li><\/ul>\n\n<h3 class=\"wp-block-heading\"><strong>5. Transferts internationaux d&rsquo;informations personnelles<\/strong><\/h3>\n\n<p>Les informations personnelles que nous recueillons sont stock\u00e9es et trait\u00e9es au Royaume-Uni et aux \u00c9tats-Unis, ou dans les pays o\u00f9 nous ou nos partenaires, soci\u00e9t\u00e9s affili\u00e9es et fournisseurs tiers disposons d&rsquo;installations. En nous fournissant vos informations personnelles, vous consentez \u00e0 leur divulgation \u00e0 ces tiers \u00e9trangers.<\/p>\n\n<p>Nous veillerons \u00e0 ce que tout transfert d&rsquo;informations personnelles depuis des pays de l&rsquo;Espace \u00e9conomique europ\u00e9en (EEE) vers des pays ext\u00e9rieurs \u00e0 l&rsquo;EEE soit prot\u00e9g\u00e9 par des garanties appropri\u00e9es, par exemple en utilisant des clauses standard de protection des donn\u00e9es approuv\u00e9es par la Commission europ\u00e9enne, ou l&rsquo;utilisation de r\u00e8gles d&rsquo;entreprise contraignantes ou d&rsquo;autres moyens l\u00e9galement accept\u00e9s.<\/p>\n\n<p>Lorsque nous transf\u00e9rons des informations personnelles d&rsquo;un pays non membre de l&rsquo;EEE vers un autre pays, vous reconnaissez que les tiers dans d&rsquo;autres juridictions peuvent ne pas \u00eatre soumis \u00e0 des lois de protection des donn\u00e9es similaires \u00e0 celles de notre juridiction. Il existe des risques si un tel tiers s&rsquo;engage dans un acte ou une pratique qui contreviendrait aux lois sur la confidentialit\u00e9 des donn\u00e9es dans notre juridiction et cela pourrait signifier que vous ne serez pas en mesure de demander r\u00e9paration en vertu des lois sur la confidentialit\u00e9 de notre juridiction.<\/p>\n\n<h3 class=\"wp-block-heading\"><strong>6. Vos droits et le contr\u00f4le de vos informations personnelles<\/strong><\/h3>\n\n<p><strong>Choix et consentement :<\/strong> En nous fournissant des informations personnelles, vous consentez \u00e0 ce que nous recueillions, conservions, utilisions et divulguions vos informations personnelles conform\u00e9ment \u00e0 la pr\u00e9sente politique de confidentialit\u00e9. Si vous avez moins de 16 ans, vous devez avoir, et nous garantir dans la mesure o\u00f9 la loi le permet, que vous avez l&rsquo;autorisation de vos parents ou de votre tuteur l\u00e9gal pour acc\u00e9der et utiliser le site web et qu&rsquo;ils (vos parents ou votre tuteur) ont consenti \u00e0 ce que vous nous fournissiez vos informations personnelles. Vous n&rsquo;\u00eates pas oblig\u00e9 de nous fournir des informations personnelles, mais si vous ne le faites pas, cela peut affecter votre utilisation de ce site web ou des produits et\/ou services propos\u00e9s sur ou par son interm\u00e9diaire.<\/p>\n\n<p><strong>Informations provenant de tiers :<\/strong> Si nous recevons des informations personnelles vous concernant de la part d&rsquo;un tiers, nous les prot\u00e9gerons comme indiqu\u00e9 dans la pr\u00e9sente politique de confidentialit\u00e9. Si vous \u00eates un tiers fournissant des informations personnelles sur une autre personne, vous d\u00e9clarez et garantissez que vous avez le consentement de cette personne pour nous fournir ces informations personnelles.<\/p>\n\n<p><strong>Restreindre :<\/strong> Vous pouvez choisir de restreindre la collecte ou l&rsquo;utilisation de vos informations personnelles. Si vous avez pr\u00e9c\u00e9demment accept\u00e9 que nous utilisions vos informations personnelles \u00e0 des fins de marketing direct, vous pouvez changer d&rsquo;avis \u00e0 tout moment en nous contactant aux coordonn\u00e9es ci-dessous. Si vous nous demandez de restreindre ou de limiter la mani\u00e8re dont nous traitons vos informations personnelles, nous vous ferons savoir comment la restriction affecte votre utilisation de notre site web ou de nos produits et services.<\/p>\n\n<p><strong>Acc\u00e8s et portabilit\u00e9 des donn\u00e9es :<\/strong> Vous pouvez demander des d\u00e9tails sur les informations personnelles que nous d\u00e9tenons \u00e0 votre sujet. Vous pouvez demander une copie des informations personnelles que nous d\u00e9tenons \u00e0 votre sujet. Dans la mesure du possible, nous fournirons ces informations au format CSV ou dans un autre format machine facilement lisible. Vous pouvez nous demander d&rsquo;effacer les informations personnelles que nous d\u00e9tenons \u00e0 votre sujet \u00e0 tout moment. Vous pouvez \u00e9galement nous demander de transf\u00e9rer ces informations personnelles \u00e0 un autre tiers.<\/p>\n\n<p><strong>Correction :<\/strong> Si vous pensez que les informations que nous d\u00e9tenons \u00e0 votre sujet sont inexactes, p\u00e9rim\u00e9es, incompl\u00e8tes, non pertinentes ou trompeuses, veuillez nous contacter en utilisant les coordonn\u00e9es ci-dessous. Nous prendrons des mesures raisonnables pour corriger toute information jug\u00e9e inexacte, incompl\u00e8te, trompeuse ou p\u00e9rim\u00e9e.<\/p>\n\n<p><strong>Notification des violations de donn\u00e9es :<\/strong> Nous nous conformerons aux lois qui nous sont applicables en ce qui concerne toute violation de donn\u00e9es.<\/p>\n\n<p><strong>Plaintes :<\/strong> Si vous pensez que nous avons enfreint une loi sur la protection des donn\u00e9es et que vous souhaitez d\u00e9poser une plainte, veuillez nous contacter en utilisant les coordonn\u00e9es ci-dessous et nous fournir tous les d\u00e9tails de l&rsquo;infraction pr\u00e9sum\u00e9e. Nous examinerons rapidement votre plainte et vous r\u00e9pondrons, par \u00e9crit, en exposant le r\u00e9sultat de notre enqu\u00eate et les mesures que nous prendrons pour traiter votre plainte. Vous avez \u00e9galement le droit de contacter un organisme de r\u00e9glementation ou une autorit\u00e9 charg\u00e9e de la protection des donn\u00e9es au sujet de votre plainte.<\/p>\n\n<p><strong>D\u00e9sabonnement :<\/strong> Pour vous d\u00e9sinscrire de notre base de donn\u00e9es de courrier \u00e9lectronique ou pour ne plus recevoir de communications (y compris des communications commerciales), veuillez nous contacter en utilisant les coordonn\u00e9es ci-dessous ou en utilisant les possibilit\u00e9s de d\u00e9sinscription pr\u00e9vues dans la communication.<\/p>\n\n<h3 class=\"wp-block-heading\"><strong>7. Cookies<\/strong><\/h3>\n\n<p>Nous utilisons des \u00ab\u00a0cookies\u00a0\u00bb pour recueillir des informations sur vous et votre activit\u00e9 sur notre site. Un cookie est un petit \u00e9l\u00e9ment de donn\u00e9es que notre site web stocke sur votre ordinateur et auquel il acc\u00e8de \u00e0 chaque visite, afin que nous puissions comprendre comment vous utilisez notre site. Cela nous permet de vous proposer un contenu bas\u00e9 sur les pr\u00e9f\u00e9rences que vous avez sp\u00e9cifi\u00e9es. Veuillez vous r\u00e9f\u00e9rer \u00e0 notre politique en mati\u00e8re de cookies pour plus d&rsquo;informations.<\/p>\n\n<h3 class=\"wp-block-heading\"><strong>8. Transferts d&rsquo;entreprises<\/strong><\/h3>\n\n<p>Si nous ou nos actifs sont acquis, ou dans le cas peu probable o\u00f9 nous ferions faillite ou dispara\u00eetrions, nous inclurions les donn\u00e9es parmi les actifs transf\u00e9r\u00e9s \u00e0 toute partie qui nous acquiert. Vous reconnaissez que de tels transferts peuvent avoir lieu, et que toute partie qui nous acquiert peut continuer \u00e0 utiliser vos informations personnelles conform\u00e9ment \u00e0 la pr\u00e9sente politique.<\/p>\n\n<h3 class=\"wp-block-heading\"><strong>9. Les limites de notre politique<\/strong><\/h3>\n\n<p>Notre site web peut contenir des liens vers des sites externes qui ne sont pas exploit\u00e9s par nous. Sachez que nous n&rsquo;avons aucun contr\u00f4le sur le contenu et les politiques de ces sites, et que nous ne pouvons accepter la responsabilit\u00e9 de leurs pratiques respectives en mati\u00e8re de confidentialit\u00e9.<\/p>\n\n<h3 class=\"wp-block-heading\"><strong>10. Modifications de la pr\u00e9sente politique<\/strong><\/h3>\n\n<p>\u00c0 notre discr\u00e9tion, nous pouvons modifier notre politique de confidentialit\u00e9 afin de refl\u00e9ter les pratiques acceptables actuelles. Nous prendrons des mesures raisonnables pour informer les utilisateurs des changements via notre site web. Votre utilisation continue de ce site apr\u00e8s toute modification de cette politique sera consid\u00e9r\u00e9e comme une acceptation de nos pratiques en mati\u00e8re de confidentialit\u00e9 et d&rsquo;informations personnelles.<\/p>\n\n<p>Si nous apportons une modification importante \u00e0 cette politique de confidentialit\u00e9, par exemple en changeant la base l\u00e9gale sur laquelle nous traitons vos informations personnelles, nous vous demanderons de consentir \u00e0 nouveau \u00e0 la politique de confidentialit\u00e9 modifi\u00e9e.<\/p>\n\n<p><strong>Crypto Media Group Contr\u00f4leur des donn\u00e9es<\/strong><\/p>\n\n<p>info [at] cryptocurrencycodes[dot]com<\/p>\n\n<p>Cette politique est effective \u00e0 partir du 12 mars 2021.<\/p>\n","protected":false},"excerpt":{"rendered":"<p>Votre vie priv\u00e9e est importante pour nous. La politique de Crypto Media Group est de respecter votre vie priv\u00e9e en ce qui concerne toute information que nous pouvons recueillir aupr\u00e8s de vous sur notre site &#8230; <a title=\"Politique de confidentialit\u00e9\" class=\"read-more\" href=\"https:\/\/cryptocurrencycodes.com\/fr\/politique-de-confidentialite\/\" aria-label=\"Plus sur Politique de confidentialit\u00e9\">read more<\/a><\/p>\n","protected":false},"author":1,"featured_media":0,"parent":0,"menu_order":0,"comment_status":"closed","ping_status":"closed","template":"","meta":{"_uag_custom_page_level_css":"","footnotes":""},"class_list":{"0":"post-15173","1":"page","2":"type-page","3":"status-publish","5":"infinite-scroll-item"},"uagb_featured_image_src":{"full":false,"thumbnail":false,"medium":false,"medium_large":false,"large":false,"1536x1536":false,"2048x2048":false},"uagb_author_info":{"display_name":"CryptocurrencyCodes.com","author_link":"https:\/\/cryptocurrencycodes.com\/fr\/author\/blacksands\/"},"uagb_comment_info":0,"uagb_excerpt":"Votre vie priv\u00e9e est importante pour nous. La politique de Crypto Media Group est de respecter votre vie priv\u00e9e en ce qui concerne toute information que nous pouvons recueillir aupr\u00e8s de vous sur notre site ... read more","_links":{"self":[{"href":"https:\/\/cryptocurrencycodes.com\/fr\/wp-json\/wp\/v2\/pages\/15173","targetHints":{"allow":["GET"]}}],"collection":[{"href":"https:\/\/cryptocurrencycodes.com\/fr\/wp-json\/wp\/v2\/pages"}],"about":[{"href":"https:\/\/cryptocurrencycodes.com\/fr\/wp-json\/wp\/v2\/types\/page"}],"author":[{"embeddable":true,"href":"https:\/\/cryptocurrencycodes.com\/fr\/wp-json\/wp\/v2\/users\/1"}],"replies":[{"embeddable":true,"href":"https:\/\/cryptocurrencycodes.com\/fr\/wp-json\/wp\/v2\/comments?post=15173"}],"version-history":[{"count":1,"href":"https:\/\/cryptocurrencycodes.com\/fr\/wp-json\/wp\/v2\/pages\/15173\/revisions"}],"predecessor-version":[{"id":15175,"href":"https:\/\/cryptocurrencycodes.com\/fr\/wp-json\/wp\/v2\/pages\/15173\/revisions\/15175"}],"wp:attachment":[{"href":"https:\/\/cryptocurrencycodes.com\/fr\/wp-json\/wp\/v2\/media?parent=15173"}],"curies":[{"name":"wp","href":"https:\/\/api.w.org\/{rel}","templated":true}]}}