{"id":15195,"date":"2021-03-17T16:14:34","date_gmt":"2021-03-17T16:14:34","guid":{"rendered":"https:\/\/cryptocurrencycodes.com\/plan-du-site\/"},"modified":"2023-01-21T12:54:39","modified_gmt":"2023-01-21T12:54:39","slug":"plan-du-site","status":"publish","type":"page","link":"https:\/\/cryptocurrencycodes.com\/fr\/plan-du-site\/","title":{"rendered":"Plan du site"},"content":{"rendered":"\n<p>Nous avons cr\u00e9\u00e9 cette page pour vous aider \u00e0 trouver votre chemin dans <a href=\"https:\/\/cryptocurrencycodes.com\/fr\/\" class=\"rank-math-link\">CryptocurrencyCodes.com.<\/a><\/p>\n<form role=\"search\" method=\"get\" action=\"https:\/\/cryptocurrencycodes.com\/fr\/\" class=\"wp-block-search__button-outside wp-block-search__text-button wp-block-search\"    ><label class=\"wp-block-search__label screen-reader-text\" for=\"wp-block-search__input-2\" >Rechercher<\/label><div class=\"wp-block-search__inside-wrapper\" ><input class=\"wp-block-search__input\" id=\"wp-block-search__input-2\" placeholder=\"Recherche\" value=\"\" type=\"search\" name=\"s\" required \/><button aria-label=\"Recherche\" class=\"wp-block-search__button wp-element-button\" type=\"submit\" >Recherche<\/button><\/div><\/form>\n<h2 class=\"wp-block-heading\">\u00c9changes<\/h2>\n\n<ul class=\"wp-block-list\"><li><a href=\"https:\/\/cryptocurrencycodes.com\/fr\/ftx\/\" class=\"rank-math-link\">FTX<\/a><\/li><li>AAX<\/li><li><a href=\"https:\/\/cryptocurrencycodes.com\/fr\/ascendex\/\" class=\"rank-math-link\">AscendEX<\/a><\/li><li><a href=\"https:\/\/cryptocurrencycodes.com\/fr\/bityard\/\" class=\"rank-math-link\">Bityard<\/a><\/li><li>Bexplus<\/li><li><a href=\"https:\/\/cryptocurrencycodes.com\/fr\/coinbase\/\" class=\"rank-math-link\">Coinbase<\/a><\/li><li>Dsdaq<\/li><li><a href=\"https:\/\/cryptocurrencycodes.com\/fr\/bitforex\/\" class=\"rank-math-link\">BitForex<\/a><\/li><li>Bit.com<\/li><li>CoinSpot<\/li><li><a href=\"https:\/\/cryptocurrencycodes.com\/fr\/stormgain\/\" class=\"rank-math-link\">StormGain<\/a><\/li><li><a href=\"https:\/\/cryptocurrencycodes.com\/fr\/phemex\/\" class=\"rank-math-link\">Phemex<\/a><\/li><li>BitZ<\/li><li><a href=\"https:\/\/cryptocurrencycodes.com\/fr\/binance\/\" class=\"rank-math-link\">Binance<\/a><\/li><li>BKEX<\/li><li><a href=\"https:\/\/cryptocurrencycodes.com\/fr\/bitfinex\/\" class=\"rank-math-link\">Bitfinex<\/a><\/li><li><a href=\"https:\/\/cryptocurrencycodes.com\/fr\/bitmart\/\" class=\"rank-math-link\">BitMart<\/a><\/li><li><a href=\"https:\/\/cryptocurrencycodes.com\/fr\/btse\/\" class=\"rank-math-link\">BTSE<\/a><\/li><li><a href=\"https:\/\/cryptocurrencycodes.com\/fr\/crypto-com\/\" class=\"rank-math-link\">Crypto.com<\/a><\/li><li><a href=\"https:\/\/cryptocurrencycodes.com\/fr\/margex\/\" class=\"rank-math-link\">Margex<\/a><\/li><\/ul>\n\n<h2 class=\"wp-block-heading\">Magasins<\/h2>\n\n<ul class=\"wp-block-list\"><li><a href=\"https:\/\/cryptocurrencycodes.com\/fr\/bitrefill\/\" class=\"rank-math-link\">Bitrefill<\/a><\/li><\/ul>\n\n<h2 class=\"wp-block-heading\">Apps<\/h2>\n\n<ul class=\"wp-block-list\"><li><a href=\"https:\/\/cryptocurrencycodes.com\/fr\/stormx-2\/\" class=\"rank-math-link\">StormX<\/a><\/li><li>Maiar<\/li><\/ul>\n\n<h2 class=\"wp-block-heading\"><a href=\"https:\/\/cryptocurrencycodes.com\/fr\/les-meilleures-offres-de-portefeuilles-bitcoin-et-crypto-2021\/\" class=\"rank-math-link\">Portefeuilles<\/a><\/h2>\n\n<h2 class=\"wp-block-heading\">Information<\/h2>\n\n<ul class=\"wp-block-list\"><li><a href=\"https:\/\/cryptocurrencycodes.com\/fr\/a-propos-de\/\" class=\"rank-math-link\">\u00c0 propos de<\/a><\/li><li><a href=\"https:\/\/cryptocurrencycodes.com\/fr\/contact\/\" class=\"rank-math-link\">Contact<\/a><\/li><li><a href=\"https:\/\/cryptocurrencycodes.com\/fr\/politique-de-confidentialite\/\" class=\"rank-math-link\">Politique de confidentialit\u00e9<\/a><\/li><\/ul>\n\n<h2 class=\"wp-block-heading\">Autre<\/h2>\n\n<ul class=\"wp-block-list\"><li><a href=\"https:\/\/cryptocurrencycodes.com\/fr\/\" class=\"rank-math-link\">Les meilleures offres de crypto-monnaies<\/a><\/li><\/ul>\n","protected":false},"excerpt":{"rendered":"<p>Nous avons cr\u00e9\u00e9 cette page pour vous aider \u00e0 trouver votre chemin dans CryptocurrencyCodes.com. \u00c9changes FTX AAX AscendEX Bityard Bexplus Coinbase Dsdaq BitForex Bit.com CoinSpot StormGain Phemex BitZ Binance BKEX Bitfinex BitMart BTSE Crypto.com Margex &#8230; <a title=\"Plan du site\" class=\"read-more\" href=\"https:\/\/cryptocurrencycodes.com\/fr\/plan-du-site\/\" aria-label=\"Plus sur Plan du site\">read more<\/a><\/p>\n","protected":false},"author":1,"featured_media":0,"parent":0,"menu_order":0,"comment_status":"closed","ping_status":"closed","template":"","meta":{"_uag_custom_page_level_css":"","footnotes":""},"class_list":{"0":"post-15195","1":"page","2":"type-page","3":"status-publish","5":"infinite-scroll-item"},"uagb_featured_image_src":{"full":false,"thumbnail":false,"medium":false,"medium_large":false,"large":false,"1536x1536":false,"2048x2048":false},"uagb_author_info":{"display_name":"CryptocurrencyCodes.com","author_link":"https:\/\/cryptocurrencycodes.com\/fr\/author\/blacksands\/"},"uagb_comment_info":0,"uagb_excerpt":"Nous avons cr\u00e9\u00e9 cette page pour vous aider \u00e0 trouver votre chemin dans CryptocurrencyCodes.com. \u00c9changes FTX AAX AscendEX Bityard Bexplus Coinbase Dsdaq BitForex Bit.com CoinSpot StormGain Phemex BitZ Binance BKEX Bitfinex BitMart BTSE Crypto.com Margex ... read more","_links":{"self":[{"href":"https:\/\/cryptocurrencycodes.com\/fr\/wp-json\/wp\/v2\/pages\/15195","targetHints":{"allow":["GET"]}}],"collection":[{"href":"https:\/\/cryptocurrencycodes.com\/fr\/wp-json\/wp\/v2\/pages"}],"about":[{"href":"https:\/\/cryptocurrencycodes.com\/fr\/wp-json\/wp\/v2\/types\/page"}],"author":[{"embeddable":true,"href":"https:\/\/cryptocurrencycodes.com\/fr\/wp-json\/wp\/v2\/users\/1"}],"replies":[{"embeddable":true,"href":"https:\/\/cryptocurrencycodes.com\/fr\/wp-json\/wp\/v2\/comments?post=15195"}],"version-history":[{"count":9,"href":"https:\/\/cryptocurrencycodes.com\/fr\/wp-json\/wp\/v2\/pages\/15195\/revisions"}],"predecessor-version":[{"id":23292,"href":"https:\/\/cryptocurrencycodes.com\/fr\/wp-json\/wp\/v2\/pages\/15195\/revisions\/23292"}],"wp:attachment":[{"href":"https:\/\/cryptocurrencycodes.com\/fr\/wp-json\/wp\/v2\/media?parent=15195"}],"curies":[{"name":"wp","href":"https:\/\/api.w.org\/{rel}","templated":true}]}}