{"id":15038,"date":"2021-03-12T17:30:42","date_gmt":"2021-03-12T17:30:42","guid":{"rendered":"https:\/\/cryptocurrencycodes.com\/circa\/"},"modified":"2022-10-24T07:02:38","modified_gmt":"2022-10-24T07:02:38","slug":"circa","status":"publish","type":"page","link":"https:\/\/cryptocurrencycodes.com\/it\/circa\/","title":{"rendered":"Circa"},"content":{"rendered":"\n<p>Benvenuti a <a href=\"https:\/\/cryptocurrencycodes.com\/it\/\" class=\"rank-math-link\">Cryptocurrency Codes<\/a>!<\/p>\n\n<p>Troviamo i migliori bonus, referral e offerte nel mondo delle criptovalute e li riuniamo tutti in un unico posto, rendendoci la risorsa definitiva per le offerte di criptovalute su internet.<\/p>\n\n<p>Questo sito \u00e8 stato creato nel 2021 ed \u00e8 di propriet\u00e0 e gestito da Black Sands Media Limited, una societ\u00e0 di media digitali che serve un pubblico globale.<\/p>\n\n<p>Avete bisogno di mettervi in contatto? Visitate la <a href=\"https:\/\/cryptocurrencycodes.com\/it\/contatto\/\" class=\"rank-math-link\">pagina<\/a> dei <a href=\"https:\/\/cryptocurrencycodes.com\/it\/contatto\/\" class=\"rank-math-link\">contatti<\/a> e compilate il modulo.<\/p>\n","protected":false},"excerpt":{"rendered":"<p>Benvenuti a Cryptocurrency Codes! Troviamo i migliori bonus, referral e offerte nel mondo delle criptovalute e li riuniamo tutti in un unico posto, rendendoci la risorsa definitiva per le offerte di criptovalute su internet. Questo &#8230; <a title=\"Circa\" class=\"read-more\" href=\"https:\/\/cryptocurrencycodes.com\/it\/circa\/\" aria-label=\"More on Circa\">read more<\/a><\/p>\n","protected":false},"author":1,"featured_media":0,"parent":0,"menu_order":0,"comment_status":"closed","ping_status":"closed","template":"","meta":{"_uag_custom_page_level_css":"","footnotes":""},"class_list":{"0":"post-15038","1":"page","2":"type-page","3":"status-publish","5":"infinite-scroll-item"},"uagb_featured_image_src":{"full":false,"thumbnail":false,"medium":false,"medium_large":false,"large":false,"1536x1536":false,"2048x2048":false},"uagb_author_info":{"display_name":"CryptocurrencyCodes.com","author_link":"https:\/\/cryptocurrencycodes.com\/it\/author\/blacksands\/"},"uagb_comment_info":0,"uagb_excerpt":"Benvenuti a Cryptocurrency Codes! Troviamo i migliori bonus, referral e offerte nel mondo delle criptovalute e li riuniamo tutti in un unico posto, rendendoci la risorsa definitiva per le offerte di criptovalute su internet. Questo ... read more","_links":{"self":[{"href":"https:\/\/cryptocurrencycodes.com\/it\/wp-json\/wp\/v2\/pages\/15038","targetHints":{"allow":["GET"]}}],"collection":[{"href":"https:\/\/cryptocurrencycodes.com\/it\/wp-json\/wp\/v2\/pages"}],"about":[{"href":"https:\/\/cryptocurrencycodes.com\/it\/wp-json\/wp\/v2\/types\/page"}],"author":[{"embeddable":true,"href":"https:\/\/cryptocurrencycodes.com\/it\/wp-json\/wp\/v2\/users\/1"}],"replies":[{"embeddable":true,"href":"https:\/\/cryptocurrencycodes.com\/it\/wp-json\/wp\/v2\/comments?post=15038"}],"version-history":[{"count":3,"href":"https:\/\/cryptocurrencycodes.com\/it\/wp-json\/wp\/v2\/pages\/15038\/revisions"}],"predecessor-version":[{"id":15072,"href":"https:\/\/cryptocurrencycodes.com\/it\/wp-json\/wp\/v2\/pages\/15038\/revisions\/15072"}],"wp:attachment":[{"href":"https:\/\/cryptocurrencycodes.com\/it\/wp-json\/wp\/v2\/media?parent=15038"}],"curies":[{"name":"wp","href":"https:\/\/api.w.org\/{rel}","templated":true}]}}