{"id":15145,"date":"2021-03-12T20:22:13","date_gmt":"2021-03-12T20:22:13","guid":{"rendered":"https:\/\/cryptocurrencycodes.com\/informativa-sulla-privacy\/"},"modified":"2022-10-24T07:02:47","modified_gmt":"2022-10-24T07:02:47","slug":"informativa-sulla-privacy","status":"publish","type":"page","link":"https:\/\/cryptocurrencycodes.com\/it\/informativa-sulla-privacy\/","title":{"rendered":"Informativa sulla privacy"},"content":{"rendered":"\n<p>La vostra privacy \u00e8 importante per noi. La politica di Crypto Media Group \u00e8 quella di rispettare la privacy dell&#8217;utente per quanto riguarda le informazioni che possiamo raccogliere sul nostro sito web, cryptocurrencycodes.com, e su altri siti di nostra propriet\u00e0 e gestione.<\/p>\n\n<h3 class=\"wp-block-heading\"><strong>1. Informazioni raccolte<\/strong><\/h3>\n\n<h4 class=\"wp-block-heading\"><strong>Dati di log<\/strong><\/h4>\n\n<p>Quando visitate il nostro sito web, i nostri server possono registrare automaticamente i dati standard forniti dal vostro browser web. Pu\u00f2 includere l&#8217;indirizzo IP (Internet Protocol) del computer, il tipo e la versione del browser, le pagine visitate, l&#8217;ora e la data della visita, il tempo trascorso su ciascuna pagina e altri dettagli.<\/p>\n\n<h4 class=\"wp-block-heading\"><strong>Dati del dispositivo<\/strong><\/h4>\n\n<p>Possiamo anche raccogliere dati sul dispositivo utilizzato dall&#8217;utente per accedere al nostro sito web. Questi dati possono includere il tipo di dispositivo, il sistema operativo, gli identificatori unici del dispositivo, le impostazioni del dispositivo e i dati di geo-localizzazione. Ci\u00f2 che raccogliamo pu\u00f2 dipendere dalle impostazioni individuali del dispositivo e del software dell&#8217;utente. Si consiglia di verificare le politiche del produttore del dispositivo o del fornitore di software per sapere quali informazioni ci rendono disponibili.<\/p>\n\n<h4 class=\"wp-block-heading\"><strong>Informazioni personali<\/strong><\/h4>\n\n<p>Potremmo richiedere informazioni personali, come ad esempio:<\/p>\n\n<ul class=\"wp-block-list\"><li>Nome<\/li><li>Email<\/li><li>Profili dei social media<\/li><li>Data di nascita<\/li><li>Numero di telefono\/cellulare<\/li><li>Indirizzo di casa\/di posta elettronica<\/li><li>Indirizzo di lavoro<\/li><li>Informazioni sul pagamento<\/li><\/ul>\n\n<h3 class=\"wp-block-heading\"><strong>2. Basi giuridiche del trattamento<\/strong><\/h3>\n\n<p>Tratteremo i vostri dati personali in modo lecito, equo e trasparente. Raccogliamo e trattiamo le informazioni che vi riguardano solo se abbiamo basi legali per farlo.<\/p>\n\n<p>Queste basi legali dipendono dai servizi che utilizzate e dal modo in cui li utilizzate, il che significa che raccogliamo e utilizziamo le vostre informazioni solo se:<\/p>\n\n<ul class=\"wp-block-list\"><li>\u00e8 necessario per l&#8217;esecuzione di un contratto di cui siete parte o per prendere provvedimenti su vostra richiesta prima di stipulare tale contratto (ad esempio, quando forniamo un servizio da voi richiesto);<\/li><li>soddisfa un interesse legittimo (che non \u00e8 prevalente rispetto ai vostri interessi di protezione dei dati), ad esempio per la ricerca e lo sviluppo, per commercializzare e promuovere i nostri servizi e per proteggere i nostri diritti e interessi legali;<\/li><li>ci date il consenso a farlo per uno scopo specifico (ad esempio, potreste acconsentire all&#8217;invio della nostra newsletter); oppure<\/li><li>abbiamo bisogno di trattare i vostri dati per adempiere a un obbligo di legge.<\/li><\/ul>\n\n<p>Qualora l&#8217;utente acconsenta all&#8217;utilizzo delle informazioni che lo riguardano per uno scopo specifico, ha il diritto di cambiare idea in qualsiasi momento (ma ci\u00f2 non influir\u00e0 su eventuali trattamenti gi\u00e0 avvenuti).<\/p>\n\n<p>Non conserviamo le informazioni personali pi\u00f9 a lungo del necessario. Mentre conserviamo queste informazioni, le proteggiamo con mezzi commercialmente accettabili per prevenire la perdita e il furto, nonch\u00e9 l&#8217;accesso, la divulgazione, la copia, l&#8217;uso o la modifica non autorizzati. Ci\u00f2 premesso, si precisa che nessun metodo di trasmissione o archiviazione elettronica \u00e8 sicuro al 100% e non \u00e8 possibile garantire la sicurezza assoluta dei dati. Se necessario, possiamo conservare i vostri dati personali per adempiere a un obbligo legale o per proteggere i vostri interessi vitali o gli interessi vitali di un&#8217;altra persona fisica.<\/p>\n\n<h3 class=\"wp-block-heading\"><strong>3. Raccolta e utilizzo delle informazioni<\/strong><\/h3>\n\n<p>Possiamo raccogliere, conservare, utilizzare e divulgare le informazioni per i seguenti scopi e le informazioni personali non saranno ulteriormente trattate in modo incompatibile con tali scopi:<\/p>\n\n<ul class=\"wp-block-list\"><li>per consentirvi di personalizzare la vostra esperienza sul nostro sito web;<\/li><li>per consentirvi di accedere e utilizzare il nostro sito web, le applicazioni e le piattaforme di social media associate;<\/li><li>per contattare e comunicare con voi;<\/li><li>per scopi amministrativi e di registrazione interna;<\/li><li>per analisi, ricerche di mercato e sviluppo aziendale, anche per gestire e migliorare il nostro sito web, le applicazioni associate e le piattaforme di social media associate;<\/li><li>per organizzare concorsi e\/o offrire ulteriori vantaggi all&#8217;utente;<\/li><li>per scopi pubblicitari e di marketing, tra cui l&#8217;invio di informazioni promozionali sui nostri prodotti e servizi e di informazioni su terzi che riteniamo possano essere di vostro interesse;<\/li><li>per adempiere ai nostri obblighi legali e risolvere eventuali controversie; e<\/li><li>di prendere in considerazione la vostra domanda di assunzione.<\/li><\/ul>\n\n<h3 class=\"wp-block-heading\"><strong>4. Divulgazione di informazioni personali a terzi<\/strong><\/h3>\n\n<p>Possiamo divulgare le informazioni personali a:<\/p>\n\n<ul class=\"wp-block-list\"><li>fornitori di servizi terzi allo scopo di consentire loro di fornire i propri servizi, tra cui (a titolo esemplificativo) fornitori di servizi informatici, di archiviazione dati, di hosting e di server, reti pubblicitarie, analitiche, registratori di errori, esecutori di crediti, fornitori di manutenzione o di risoluzione di problemi, fornitori di marketing o di pubblicit\u00e0, consulenti professionali e operatori di sistemi di pagamento;<\/li><li>i nostri dipendenti, appaltatori e\/o entit\u00e0 correlate;<\/li><li>sponsor o promotori di qualsiasi concorso da noi organizzato;<\/li><li>agenzie di segnalazione del credito, tribunali, corti e autorit\u00e0 di regolamentazione, nel caso in cui l&#8217;utente non paghi i beni o i servizi che gli abbiamo fornito;<\/li><li>tribunali, autorit\u00e0 di regolamentazione e funzionari delle forze dell&#8217;ordine, come richiesto dalla legge, in relazione a qualsiasi procedimento legale attuale o futuro, o al fine di stabilire, esercitare o difendere i nostri diritti legali;<\/li><li>terze parti, compresi agenti o subappaltatori, che ci assistono nel fornire informazioni, prodotti, servizi o marketing diretto all&#8217;utente; e<\/li><li>terzi per la raccolta e l&#8217;elaborazione dei dati.<\/li><\/ul>\n\n<h3 class=\"wp-block-heading\"><strong>5. Trasferimenti internazionali di informazioni personali<\/strong><\/h3>\n\n<p>Le informazioni personali che raccogliamo sono conservate ed elaborate nel Regno Unito e negli Stati Uniti, o dove noi o i nostri partner, affiliati e fornitori terzi hanno strutture. Fornendoci i vostri dati personali, acconsentite alla divulgazione a queste terze parti estere.<\/p>\n\n<p>Garantiremo che qualsiasi trasferimento di informazioni personali da paesi dello Spazio Economico Europeo (SEE) a paesi al di fuori del SEE sia protetto da garanzie adeguate, ad esempio utilizzando clausole standard di protezione dei dati approvate dalla Commissione Europea, o l&#8217;uso di norme aziendali vincolanti o altri mezzi legalmente accettati.<\/p>\n\n<p>Quando trasferiamo informazioni personali da un paese non appartenente al SEE a un altro paese, l&#8217;utente riconosce che le terze parti in altre giurisdizioni potrebbero non essere soggette a leggi sulla protezione dei dati simili a quelle della nostra giurisdizione. Esiste il rischio che una di queste terze parti si impegni in atti o pratiche che violino le leggi sulla privacy dei dati nella nostra giurisdizione e ci\u00f2 potrebbe significare che l&#8217;utente non sar\u00e0 in grado di chiedere un risarcimento in base alle leggi sulla privacy della nostra giurisdizione.<\/p>\n\n<h3 class=\"wp-block-heading\"><strong>6. I vostri diritti e il controllo dei vostri dati personali<\/strong><\/h3>\n\n<p><strong>Scelta e consenso:<\/strong> Fornendoci informazioni personali, acconsentite alla raccolta, alla conservazione, all&#8217;utilizzo e alla divulgazione delle vostre informazioni personali in conformit\u00e0 con la presente informativa sulla privacy. Se l&#8217;utente ha meno di 16 anni, deve avere e garantire, nella misura consentita dalla legge, di avere il permesso dei genitori o del tutore legale per accedere e utilizzare il sito web e che questi (i genitori o il tutore) hanno acconsentito a fornirci i suoi dati personali. L&#8217;utente non \u00e8 tenuto a fornirci informazioni personali, tuttavia, se non lo fa, ci\u00f2 pu\u00f2 influire sull&#8217;uso di questo sito web o dei prodotti e\/o servizi offerti su o attraverso di esso.<\/p>\n\n<p><strong>Informazioni provenienti da terzi:<\/strong> Se riceviamo informazioni personali su di voi da terzi, le proteggeremo come indicato nella presente informativa sulla privacy. Se siete una terza parte che fornisce informazioni personali su qualcun altro, dichiarate e garantite di avere il consenso di tale persona a fornirci le informazioni personali.<\/p>\n\n<p><strong>Limitazione:<\/strong> L&#8217;utente pu\u00f2 scegliere di limitare la raccolta o l&#8217;uso delle proprie informazioni personali. Se in precedenza avete acconsentito all&#8217;utilizzo dei vostri dati personali per scopi di marketing diretto, potete cambiare idea in qualsiasi momento contattandoci utilizzando i dettagli riportati di seguito. Se ci chiedete di limitare o circoscrivere il trattamento dei vostri dati personali, vi comunicheremo in che modo la restrizione influisce sul vostro utilizzo del nostro sito web o dei nostri prodotti e servizi.<\/p>\n\n<p><strong>Accesso e portabilit\u00e0 dei dati:<\/strong> L&#8217;utente pu\u00f2 richiedere i dettagli delle informazioni personali in nostro possesso. L&#8217;utente pu\u00f2 richiedere una copia delle informazioni personali in nostro possesso. Ove possibile, forniremo queste informazioni in formato CSV o in un altro formato macchina facilmente leggibile. L&#8217;utente pu\u00f2 richiedere la cancellazione delle informazioni personali in nostro possesso in qualsiasi momento. L&#8217;utente pu\u00f2 anche richiedere il trasferimento di tali informazioni personali a terzi.<\/p>\n\n<p><strong>Correzione:<\/strong> Se ritenete che le informazioni in nostro possesso siano inesatte, non aggiornate, incomplete, irrilevanti o fuorvianti, contattateci utilizzando i dettagli riportati di seguito. Adotteremo misure ragionevoli per correggere qualsiasi informazione che risulti imprecisa, incompleta, fuorviante o non aggiornata.<\/p>\n\n<p><strong>Notifica di violazioni dei dati:<\/strong> Rispetteremo le leggi a noi applicabili in merito a qualsiasi violazione dei dati.<\/p>\n\n<p><strong>Reclami:<\/strong> Se ritenete che abbiamo violato una legge pertinente in materia di protezione dei dati e desiderate presentare un reclamo, vi preghiamo di contattarci utilizzando i dati riportati di seguito e di fornirci tutti i dettagli della presunta violazione. Esamineremo prontamente il vostro reclamo e vi risponderemo per iscritto, illustrandovi l&#8217;esito della nostra indagine e le misure che adotteremo per gestire il vostro reclamo. L&#8217;utente ha inoltre il diritto di rivolgersi a un organismo di regolamentazione o a un&#8217;autorit\u00e0 per la protezione dei dati in relazione al suo reclamo.<\/p>\n\n<p><strong>Cancellazione dell&#8217;iscrizione:<\/strong> Per annullare l&#8217;iscrizione al nostro database di e-mail o per rinunciare alle comunicazioni (comprese quelle di marketing), vi preghiamo di contattarci utilizzando i dettagli riportati di seguito o di rinunciare utilizzando le opzioni di opt-out fornite nella comunicazione.<\/p>\n\n<h3 class=\"wp-block-heading\"><strong>7. I biscotti<\/strong><\/h3>\n\n<p>Utilizziamo i &#8220;cookie&#8221; per raccogliere informazioni sull&#8217;utente e sulle sue attivit\u00e0 sul nostro sito. Un cookie \u00e8 una piccola porzione di dati che il nostro sito web memorizza sul vostro computer e a cui accede a ogni visita, in modo da poter capire come utilizzate il nostro sito. Questo ci aiuta a servirvi contenuti basati sulle preferenze che avete specificato. Per ulteriori informazioni, consultare la nostra Politica sui cookie.<\/p>\n\n<h3 class=\"wp-block-heading\"><strong>8. Trasferimenti d&#8217;azienda<\/strong><\/h3>\n\n<p>Se noi o i nostri beni venissimo acquisiti, o nell&#8217;improbabile caso di cessazione dell&#8217;attivit\u00e0 o di fallimento, includeremo i dati tra i beni trasferiti a qualsiasi soggetto che ci acquisisca. L&#8217;utente riconosce che tali trasferimenti possono avvenire e che le parti che ci acquisiscono possono continuare a utilizzare le informazioni personali dell&#8217;utente in conformit\u00e0 a questa politica.<\/p>\n\n<h3 class=\"wp-block-heading\"><strong>9. Limiti della nostra politica<\/strong><\/h3>\n\n<p>Il nostro sito web pu\u00f2 collegarsi a siti esterni non gestiti da noi. Si prega di notare che non abbiamo alcun controllo sul contenuto e sulle politiche di tali siti e non possiamo assumerci la responsabilit\u00e0 per le rispettive pratiche in materia di privacy.<\/p>\n\n<h3 class=\"wp-block-heading\"><strong>10. Modifiche a questa politica<\/strong><\/h3>\n\n<p>A nostra discrezione, possiamo modificare la nostra politica sulla privacy per riflettere le attuali pratiche accettabili. Adotteremo misure ragionevoli per informare gli utenti delle modifiche tramite il nostro sito web. L&#8217;uso continuato di questo sito dopo eventuali modifiche a questa politica sar\u00e0 considerato come un&#8217;accettazione delle nostre pratiche in materia di privacy e informazioni personali.<\/p>\n\n<p>Se apportiamo una modifica significativa alla presente informativa sulla privacy, ad esempio se cambiamo la base legale su cui trattiamo i vostri dati personali, vi chiederemo di esprimere nuovamente il vostro consenso all&#8217;informativa sulla privacy modificata.<\/p>\n\n<p><strong>Crypto Media Group Titolare del trattamento<\/strong><\/p>\n\n<p>info [at] codici criptovaluta[dot]com<\/p>\n\n<p>Questa politica \u00e8 in vigore dal 12 marzo 2021.<\/p>\n","protected":false},"excerpt":{"rendered":"<p>La vostra privacy \u00e8 importante per noi. La politica di Crypto Media Group \u00e8 quella di rispettare la privacy dell&#8217;utente per quanto riguarda le informazioni che possiamo raccogliere sul nostro sito web, cryptocurrencycodes.com, e su &#8230; <a title=\"Informativa sulla privacy\" class=\"read-more\" href=\"https:\/\/cryptocurrencycodes.com\/it\/informativa-sulla-privacy\/\" aria-label=\"More on Informativa sulla privacy\">read more<\/a><\/p>\n","protected":false},"author":1,"featured_media":0,"parent":0,"menu_order":0,"comment_status":"closed","ping_status":"closed","template":"","meta":{"_uag_custom_page_level_css":"","footnotes":""},"class_list":{"0":"post-15145","1":"page","2":"type-page","3":"status-publish","5":"infinite-scroll-item"},"uagb_featured_image_src":{"full":false,"thumbnail":false,"medium":false,"medium_large":false,"large":false,"1536x1536":false,"2048x2048":false},"uagb_author_info":{"display_name":"CryptocurrencyCodes.com","author_link":"https:\/\/cryptocurrencycodes.com\/it\/author\/blacksands\/"},"uagb_comment_info":0,"uagb_excerpt":"La vostra privacy \u00e8 importante per noi. La politica di Crypto Media Group \u00e8 quella di rispettare la privacy dell&#8217;utente per quanto riguarda le informazioni che possiamo raccogliere sul nostro sito web, cryptocurrencycodes.com, e su ... read more","_links":{"self":[{"href":"https:\/\/cryptocurrencycodes.com\/it\/wp-json\/wp\/v2\/pages\/15145","targetHints":{"allow":["GET"]}}],"collection":[{"href":"https:\/\/cryptocurrencycodes.com\/it\/wp-json\/wp\/v2\/pages"}],"about":[{"href":"https:\/\/cryptocurrencycodes.com\/it\/wp-json\/wp\/v2\/types\/page"}],"author":[{"embeddable":true,"href":"https:\/\/cryptocurrencycodes.com\/it\/wp-json\/wp\/v2\/users\/1"}],"replies":[{"embeddable":true,"href":"https:\/\/cryptocurrencycodes.com\/it\/wp-json\/wp\/v2\/comments?post=15145"}],"version-history":[{"count":1,"href":"https:\/\/cryptocurrencycodes.com\/it\/wp-json\/wp\/v2\/pages\/15145\/revisions"}],"predecessor-version":[{"id":15147,"href":"https:\/\/cryptocurrencycodes.com\/it\/wp-json\/wp\/v2\/pages\/15145\/revisions\/15147"}],"wp:attachment":[{"href":"https:\/\/cryptocurrencycodes.com\/it\/wp-json\/wp\/v2\/media?parent=15145"}],"curies":[{"name":"wp","href":"https:\/\/api.w.org\/{rel}","templated":true}]}}