{"id":15139,"date":"2021-03-12T20:22:13","date_gmt":"2021-03-12T20:22:13","guid":{"rendered":"https:\/\/cryptocurrencycodes.com\/personvernerklaering\/"},"modified":"2022-10-24T07:02:45","modified_gmt":"2022-10-24T07:02:45","slug":"personvernerklaering","status":"publish","type":"page","link":"https:\/\/cryptocurrencycodes.com\/no\/personvernerklaering\/","title":{"rendered":"Personvernerkl\u00e6ring"},"content":{"rendered":"\n<p>Personvernet ditt er viktig for oss. Det er Crypto Media Groups policy \u00e5 respektere personvernet ditt ang\u00e5ende all informasjon vi samler inn fra deg p\u00e5 nettstedet v\u00e5rt, cryptocurrencycodes.com og andre nettsteder vi eier og driver.<\/p>\n\n<h3 class=\"wp-block-heading\"><strong>1. Informasjon vi samler inn<\/strong><\/h3>\n\n<h4 class=\"wp-block-heading\"><strong>Loggdata<\/strong><\/h4>\n\n<p>N\u00e5r du bes\u00f8ker nettstedet v\u00e5rt, kan serverne v\u00e5re automatisk logge standarddataene fra nettleseren din. Det kan inkludere datamaskinens IP-adresse (Internet Protocol), nettlesertype og -versjon, sidene du bes\u00f8ker, klokkeslett og dato for bes\u00f8ket, tiden brukt p\u00e5 hver side og andre detaljer.<\/p>\n\n<h4 class=\"wp-block-heading\"><strong>Enhetsdata<\/strong><\/h4>\n\n<p>Vi kan ogs\u00e5 samle inn data om enheten du bruker for \u00e5 f\u00e5 tilgang til nettstedet v\u00e5rt. Disse dataene kan inkludere enhetstype, operativsystem, unike enhetsidentifikatorer, enhetsinnstillinger og geografiske plasseringsdata. Hva vi samler inn kan avhenge av de individuelle innstillingene til enheten og programvaren din. Vi anbefaler \u00e5 sjekke retningslinjene til enhetsprodusenten eller programvareleverand\u00f8ren for \u00e5 finne ut hvilken informasjon de gj\u00f8r tilgjengelig for oss.<\/p>\n\n<h4 class=\"wp-block-heading\"><strong>Personlig informasjon<\/strong><\/h4>\n\n<p>Vi kan be om personlig informasjon, for eksempel din:<\/p>\n\n<ul class=\"wp-block-list\"><li>Navn<\/li><li>E-post<\/li><li>Sosiale medier profiler<\/li><li>F\u00f8dselsdato<\/li><li>Telefon\/mobilnummer<\/li><li>Hjem\/postadresse<\/li><li>Arbeidsadresse<\/li><li>Betalingsinformasjon<\/li><\/ul>\n\n<h3 class=\"wp-block-heading\"><strong>2. Rettsgrunnlag for behandling<\/strong><\/h3>\n\n<p>Vi vil behandle dine personopplysninger lovlig, rettferdig og p\u00e5 en transparent m\u00e5te. Vi samler inn og behandler informasjon om deg kun der vi har juridisk grunnlag for \u00e5 gj\u00f8re det.<\/p>\n\n<p>Disse juridiske grunnlagene avhenger av tjenestene du bruker og hvordan du bruker dem, noe som betyr at vi samler inn og bruker informasjonen din kun der:<\/p>\n\n<ul class=\"wp-block-list\"><li>det er n\u00f8dvendig for \u00e5 utf\u00f8re en kontrakt som du er part i eller for \u00e5 ta skritt p\u00e5 din foresp\u00f8rsel f\u00f8r du inng\u00e5r en slik kontrakt (for eksempel n\u00e5r vi leverer en tjeneste du ber om fra oss);<\/li><li>det tilfredsstiller en legitim interesse (som ikke overstyres av dine databeskyttelsesinteresser), for eksempel for forskning og utvikling, for \u00e5 markedsf\u00f8re og markedsf\u00f8re tjenestene v\u00e5re, og for \u00e5 beskytte v\u00e5re juridiske rettigheter og interesser;<\/li><li>du gir oss samtykke til \u00e5 gj\u00f8re det for et bestemt form\u00e5l (for eksempel kan du samtykke til at vi sender deg v\u00e5rt nyhetsbrev); eller<\/li><li>vi m\u00e5 behandle dataene dine for \u00e5 overholde en juridisk forpliktelse.<\/li><\/ul>\n\n<p>Der du samtykker til v\u00e5r bruk av informasjon om deg til et bestemt form\u00e5l, har du rett til \u00e5 ombestemme deg n\u00e5r som helst (men dette vil ikke p\u00e5virke eventuell behandling som allerede har funnet sted).<\/p>\n\n<p>Vi oppbevarer ikke personopplysninger lenger enn n\u00f8dvendig. Mens vi beholder denne informasjonen, vil vi beskytte den innenfor kommersielt akseptable midler for \u00e5 forhindre tap og tyveri, samt uautorisert tilgang, avsl\u00f8ring, kopiering, bruk eller modifikasjon. N\u00e5r det er sagt, anbefaler vi at ingen metode for elektronisk overf\u00f8ring eller lagring er 100 % sikker og kan ikke garantere absolutt datasikkerhet. Om n\u00f8dvendig kan vi beholde din personlige informasjon for \u00e5 overholde en juridisk forpliktelse eller for \u00e5 beskytte dine vitale interesser eller vitale interesser til en annen fysisk person.<\/p>\n\n<h3 class=\"wp-block-heading\"><strong>3. Innsamling og bruk av informasjon<\/strong><\/h3>\n\n<p>Vi kan samle inn, oppbevare, bruke og avsl\u00f8re informasjon for f\u00f8lgende form\u00e5l, og personlig informasjon vil ikke bli viderebehandlet p\u00e5 en m\u00e5te som er uforenlig med disse form\u00e5lene:<\/p>\n\n<ul class=\"wp-block-list\"><li>for \u00e5 gj\u00f8re det mulig for deg \u00e5 tilpasse eller tilpasse opplevelsen din av nettstedet v\u00e5rt;<\/li><li>for \u00e5 gj\u00f8re det mulig for deg \u00e5 f\u00e5 tilgang til og bruke nettstedet v\u00e5rt, tilh\u00f8rende applikasjoner og tilh\u00f8rende sosiale medieplattformer;<\/li><li>\u00e5 kontakte og kommunisere med deg;<\/li><li>for intern journalf\u00f8ring og administrative form\u00e5l;<\/li><li>for analyser, markedsunders\u00f8kelser og forretningsutvikling, inkludert for \u00e5 drifte og forbedre nettstedet v\u00e5rt, tilh\u00f8rende applikasjoner og tilh\u00f8rende sosiale medieplattformer;<\/li><li>\u00e5 kj\u00f8re konkurranser og\/eller tilby ytterligere fordeler til deg;<\/li><li>for annonsering og markedsf\u00f8ring, inkludert for \u00e5 sende deg salgsfremmende informasjon om v\u00e5re produkter og tjenester og informasjon om tredjeparter som vi anser kan v\u00e6re av interesse for deg;<\/li><li>for \u00e5 overholde v\u00e5re juridiske forpliktelser og l\u00f8se eventuelle tvister vi m\u00e5tte ha; og<\/li><li>\u00e5 vurdere jobbs\u00f8knaden din.<\/li><\/ul>\n\n<h3 class=\"wp-block-heading\"><strong>4. Utlevering av personopplysninger til tredjeparter<\/strong><\/h3>\n\n<p>Vi kan utlevere personlig informasjon til:<\/p>\n\n<ul class=\"wp-block-list\"><li>tredjeparts tjenesteleverand\u00f8rer med det form\u00e5l \u00e5 sette dem i stand til \u00e5 yte sine tjenester, inkludert (uten begrensning) IT-tjenesteleverand\u00f8rer, datalagring, hosting- og serverleverand\u00f8rer, annonsenettverk, analyser, feilloggere, gjeldsinnkrevere, vedlikeholds- eller probleml\u00f8sningsleverand\u00f8rer, markedsf\u00f8rings- eller reklameleverand\u00f8rer, profesjonelle r\u00e5dgivere og betalingssystemoperat\u00f8rer;<\/li><li>v\u00e5re ansatte, entrepren\u00f8rer og\/eller relaterte enheter;<\/li><li>sponsorer eller promot\u00f8rer av konkurranser vi kj\u00f8rer;<\/li><li>kredittrapporteringsbyr\u00e5er, domstoler, domstoler og reguleringsmyndigheter, i tilfelle du unnlater \u00e5 betale for varer eller tjenester vi har levert til deg;<\/li><li>domstoler, domstoler, reguleringsmyndigheter og politimyndigheter, som kreves av loven, i forbindelse med faktiske eller potensielle rettssaker, eller for \u00e5 etablere, ut\u00f8ve eller forsvare v\u00e5re juridiske rettigheter;<\/li><li>tredjeparter, inkludert agenter eller underleverand\u00f8rer, som hjelper oss med \u00e5 gi informasjon, produkter, tjenester eller direkte markedsf\u00f8ring til deg; og<\/li><li>tredjeparter for \u00e5 samle inn og behandle data.<\/li><\/ul>\n\n<h3 class=\"wp-block-heading\"><strong>5. Internasjonale overf\u00f8ringer av personopplysninger<\/strong><\/h3>\n\n<p>Personopplysningene vi samler inn lagres og behandles i Storbritannia og USA, eller der vi eller v\u00e5re partnere, tilknyttede selskaper og tredjepartsleverand\u00f8rer har fasiliteter. Ved \u00e5 gi oss din personlige informasjon, samtykker du til utlevering til disse utenlandske tredjepartene.<\/p>\n\n<p>Vi vil sikre at enhver overf\u00f8ring av personopplysninger fra land i det europeiske \u00f8konomiske samarbeidsomr\u00e5det (E\u00d8S) til land utenfor E\u00d8S vil bli beskyttet av passende sikkerhetstiltak, for eksempel ved bruk av standard databeskyttelsesklausuler godkjent av EU-kommisjonen, eller bruk av bindende bedriftsregler eller andre lovlig aksepterte midler.<\/p>\n\n<p>Der vi overf\u00f8rer personopplysninger fra et land utenfor E\u00d8S til et annet land, erkjenner du at tredjeparter i andre jurisdiksjoner kanskje ikke er underlagt lignende databeskyttelseslover som de i v\u00e5r jurisdiksjon. Det er risiko hvis en slik tredjepart engasjerer seg i en handling eller praksis som vil v\u00e6re i strid med personvernlovene i v\u00e5r jurisdiksjon, og dette kan bety at du ikke vil kunne s\u00f8ke oppreisning under v\u00e5r jurisdiksjons personvernlovgivning.<\/p>\n\n<h3 class=\"wp-block-heading\"><strong>6. Dine rettigheter og kontroll over din personlige informasjon<\/strong><\/h3>\n\n<p><strong>Valg og samtykke:<\/strong> Ved \u00e5 oppgi personopplysninger til oss, samtykker du til at vi samler inn, oppbevarer, bruker og avsl\u00f8rer dine personopplysninger i samsvar med denne personvernerkl\u00e6ringen. Hvis du er under 16 \u00e5r, m\u00e5 du ha, og garantere i den utstrekning loven tillater oss, at du har din forelders eller foresattes tillatelse til \u00e5 f\u00e5 tilgang til og bruke nettstedet, og de (dine foreldre eller verge) har samtykket til du gir oss din personlige informasjon. Du trenger ikke \u00e5 oppgi personlig informasjon til oss, men hvis du ikke gj\u00f8r det, kan det p\u00e5virke din bruk av denne nettsiden eller produktene og\/eller tjenestene som tilbys p\u00e5 eller gjennom den.<\/p>\n\n<p><strong>Informasjon fra tredjeparter:<\/strong> Hvis vi mottar personopplysninger om deg fra en tredjepart, vil vi beskytte dem som beskrevet i denne personvernerkl\u00e6ringen. Hvis du er en tredjepart som gir personlig informasjon om noen andre, representerer og garanterer du at du har slik persons samtykke til \u00e5 gi oss personopplysninger.<\/p>\n\n<p><strong>Begrens:<\/strong> Du kan velge \u00e5 begrense innsamlingen eller bruken av din personlige informasjon. Hvis du tidligere har godtatt at vi bruker din personlige informasjon til direkte markedsf\u00f8ringsform\u00e5l, kan du n\u00e5r som helst ombestemme deg ved \u00e5 kontakte oss ved \u00e5 bruke detaljene nedenfor. Hvis du ber oss om \u00e5 begrense eller begrense hvordan vi behandler dine personopplysninger, vil vi gi deg beskjed om hvordan begrensningen p\u00e5virker din bruk av nettstedet v\u00e5rt eller produktene og tjenestene v\u00e5re.<\/p>\n\n<p><strong>Tilgang og dataportabilitet:<\/strong> Du kan be om detaljer om personopplysningene vi har om deg. Du kan be om en kopi av personopplysningene vi har om deg. Der det er mulig vil vi gi denne informasjonen i CSV-format eller annet lettlest maskinformat. Du kan be om at vi sletter personopplysningene vi har om deg n\u00e5r som helst. Du kan ogs\u00e5 be om at vi overf\u00f8rer denne personlige informasjonen til en annen tredjepart.<\/p>\n\n<p><strong>Rettelse:<\/strong> Hvis du mener at informasjonen vi har om deg er un\u00f8yaktig, utdatert, ufullstendig, irrelevant eller villedende, vennligst kontakt oss ved \u00e5 bruke detaljene nedenfor. Vi vil ta rimelige skritt for \u00e5 korrigere all informasjon som er funnet \u00e5 v\u00e6re un\u00f8yaktig, ufullstendig, villedende eller utdatert.<\/p>\n\n<p><strong>Varsling om datainnbrudd:<\/strong> Vi vil overholde lover som gjelder for oss med hensyn til databrudd.<\/p>\n\n<p><strong>Klager:<\/strong> Hvis du mener at vi har brutt en relevant databeskyttelseslov og \u00f8nsker \u00e5 sende inn en klage, vennligst kontakt oss ved \u00e5 bruke detaljene nedenfor og gi oss alle detaljer om det p\u00e5st\u00e5tte bruddet. Vi vil umiddelbart unders\u00f8ke klagen din og svare deg skriftlig, og redegj\u00f8re for resultatet av v\u00e5r unders\u00f8kelse og trinnene vi vil ta for \u00e5 h\u00e5ndtere klagen din. Du har ogs\u00e5 rett til \u00e5 kontakte et tilsynsorgan eller datatilsyn i forhold til klagen din.<\/p>\n\n<p><strong>Avslutt abonnement:<\/strong> For \u00e5 avslutte abonnementet p\u00e5 e-postdatabasen v\u00e5r eller velge bort kommunikasjon (inkludert markedskommunikasjon), vennligst kontakt oss ved \u00e5 bruke detaljene nedenfor, eller melde deg av ved \u00e5 bruke avmeldingsfasilitetene som er gitt i kommunikasjonen.<\/p>\n\n<h3 class=\"wp-block-heading\"><strong>7. Informasjonskapsler<\/strong><\/h3>\n\n<p>Vi bruker &laquo;informasjonskapsler&raquo; for \u00e5 samle inn informasjon om deg og din aktivitet p\u00e5 nettstedet v\u00e5rt. En informasjonskapsel er et lite stykke data som nettstedet v\u00e5rt lagrer p\u00e5 datamaskinen din, og som du f\u00e5r tilgang til hver gang du bes\u00f8ker det, slik at vi kan forst\u00e5 hvordan du bruker nettstedet v\u00e5rt. Dette hjelper oss med \u00e5 vise deg innhold basert p\u00e5 preferanser du har spesifisert. Se v\u00e5re retningslinjer for informasjonskapsler for mer informasjon.<\/p>\n\n<h3 class=\"wp-block-heading\"><strong>8. Virksomhetsoverdragelser<\/strong><\/h3>\n\n<p>Hvis vi eller v\u00e5re eiendeler erverves, eller i det usannsynlige tilfellet at vi g\u00e5r ut av virksomheten eller g\u00e5r konkurs, vil vi inkludere data blant eiendelene som overf\u00f8res til alle parter som kj\u00f8per oss. Du erkjenner at slike overf\u00f8ringer kan forekomme, og at alle parter som kj\u00f8per oss kan fortsette \u00e5 bruke din personlige informasjon i henhold til denne policyen.<\/p>\n\n<h3 class=\"wp-block-heading\"><strong>9. Begrensninger for v\u00e5re retningslinjer<\/strong><\/h3>\n\n<p>V\u00e5r nettside kan lenke til eksterne nettsteder som ikke drives av oss. V\u00e6r oppmerksom p\u00e5 at vi ikke har kontroll over innholdet og retningslinjene til disse sidene, og kan ikke akseptere ansvar eller ansvar for deres respektive personvernpraksis.<\/p>\n\n<h3 class=\"wp-block-heading\"><strong>10. Endringer i denne policyen<\/strong><\/h3>\n\n<p>Etter eget skj\u00f8nn kan vi endre personvernreglene v\u00e5re for \u00e5 gjenspeile gjeldende akseptabel praksis. Vi vil ta rimelige skritt for \u00e5 informere brukerne om endringer via nettstedet v\u00e5rt. Din fortsatte bruk av dette nettstedet etter eventuelle endringer i denne policyen vil bli sett p\u00e5 som aksept av v\u00e5r praksis rundt personvern og personlig informasjon.<\/p>\n\n<p>Hvis vi gj\u00f8r en vesentlig endring i denne personvernreglene, for eksempel ved \u00e5 endre et lovlig grunnlag som vi behandler dine personopplysninger p\u00e5, vil vi be deg om \u00e5 gi et nytt samtykke til den endrede personvernreglene.<\/p>\n\n<p><strong>Crypto Media Group Datakontroller<\/strong><\/p>\n\n<p>info[at] kryptovalutakoder[dot] com<\/p>\n\n<p>Denne policyen trer i kraft 12. mars 2021.<\/p>\n","protected":false},"excerpt":{"rendered":"<p>Personvernet ditt er viktig for oss. Det er Crypto Media Groups policy \u00e5 respektere personvernet ditt ang\u00e5ende all informasjon vi samler inn fra deg p\u00e5 nettstedet v\u00e5rt, cryptocurrencycodes.com og andre nettsteder vi eier og driver. &#8230; <a title=\"Personvernerkl\u00e6ring\" class=\"read-more\" href=\"https:\/\/cryptocurrencycodes.com\/no\/personvernerklaering\/\" aria-label=\"Mer p\u00e5 Personvernerkl\u00e6ring\">read more<\/a><\/p>\n","protected":false},"author":1,"featured_media":0,"parent":0,"menu_order":0,"comment_status":"closed","ping_status":"closed","template":"","meta":{"_uag_custom_page_level_css":"","footnotes":""},"class_list":{"0":"post-15139","1":"page","2":"type-page","3":"status-publish","5":"infinite-scroll-item"},"uagb_featured_image_src":{"full":false,"thumbnail":false,"medium":false,"medium_large":false,"large":false,"1536x1536":false,"2048x2048":false},"uagb_author_info":{"display_name":"CryptocurrencyCodes.com","author_link":"https:\/\/cryptocurrencycodes.com\/no\/author\/blacksands\/"},"uagb_comment_info":0,"uagb_excerpt":"Personvernet ditt er viktig for oss. Det er Crypto Media Groups policy \u00e5 respektere personvernet ditt ang\u00e5ende all informasjon vi samler inn fra deg p\u00e5 nettstedet v\u00e5rt, cryptocurrencycodes.com og andre nettsteder vi eier og driver. ... read more","_links":{"self":[{"href":"https:\/\/cryptocurrencycodes.com\/no\/wp-json\/wp\/v2\/pages\/15139","targetHints":{"allow":["GET"]}}],"collection":[{"href":"https:\/\/cryptocurrencycodes.com\/no\/wp-json\/wp\/v2\/pages"}],"about":[{"href":"https:\/\/cryptocurrencycodes.com\/no\/wp-json\/wp\/v2\/types\/page"}],"author":[{"embeddable":true,"href":"https:\/\/cryptocurrencycodes.com\/no\/wp-json\/wp\/v2\/users\/1"}],"replies":[{"embeddable":true,"href":"https:\/\/cryptocurrencycodes.com\/no\/wp-json\/wp\/v2\/comments?post=15139"}],"version-history":[{"count":1,"href":"https:\/\/cryptocurrencycodes.com\/no\/wp-json\/wp\/v2\/pages\/15139\/revisions"}],"predecessor-version":[{"id":15140,"href":"https:\/\/cryptocurrencycodes.com\/no\/wp-json\/wp\/v2\/pages\/15139\/revisions\/15140"}],"wp:attachment":[{"href":"https:\/\/cryptocurrencycodes.com\/no\/wp-json\/wp\/v2\/media?parent=15139"}],"curies":[{"name":"wp","href":"https:\/\/api.w.org\/{rel}","templated":true}]}}