{"id":15012,"date":"2021-03-12T17:30:42","date_gmt":"2021-03-12T17:30:42","guid":{"rendered":"https:\/\/cryptocurrencycodes.com\/o-stronie\/"},"modified":"2022-10-24T07:02:21","modified_gmt":"2022-10-24T07:02:21","slug":"o-stronie","status":"publish","type":"page","link":"https:\/\/cryptocurrencycodes.com\/pl\/o-stronie\/","title":{"rendered":"O stronie"},"content":{"rendered":"\n<p>Witamy na stronie <a href=\"https:\/\/cryptocurrencycodes.com\/pl\/\" class=\"rank-math-link\">Kody Kryptowalut<\/a>!<\/p>\n\n<p>Znajdujemy najlepsze bonusy, referencje i oferty w \u015bwiecie kryptowalut i gromadzimy je w jednym miejscu &#8211; czyni\u0105c nas ostatecznym zasobem ofert kryptowalutowych w Internecie.<\/p>\n\n<p>Ta strona zosta\u0142a za\u0142o\u017cona w 2021 roku, a jej w\u0142a\u015bcicielem i operatorem jest Black Sands Media Limited &#8211; cyfrowa firma medialna, kt\u00f3ra obs\u0142uguje globaln\u0105 publiczno\u015b\u0107.<\/p>\n\n<p>Chcesz si\u0119 skontaktowa\u0107? Wejd\u017a na <a href=\"https:\/\/cryptocurrencycodes.com\/pl\/kontakt\/\" class=\"rank-math-link\">stron\u0119 kontaktow\u0105<\/a> i wype\u0142nij formularz.<\/p>\n","protected":false},"excerpt":{"rendered":"<p>Witamy na stronie Kody Kryptowalut! Znajdujemy najlepsze bonusy, referencje i oferty w \u015bwiecie kryptowalut i gromadzimy je w jednym miejscu &#8211; czyni\u0105c nas ostatecznym zasobem ofert kryptowalutowych w Internecie. Ta strona zosta\u0142a za\u0142o\u017cona w 2021 &#8230; <a title=\"O stronie\" class=\"read-more\" href=\"https:\/\/cryptocurrencycodes.com\/pl\/o-stronie\/\" aria-label=\"More on O stronie\">read more<\/a><\/p>\n","protected":false},"author":1,"featured_media":0,"parent":0,"menu_order":0,"comment_status":"closed","ping_status":"closed","template":"","meta":{"_uag_custom_page_level_css":"","footnotes":""},"class_list":{"0":"post-15012","1":"page","2":"type-page","3":"status-publish","5":"infinite-scroll-item"},"uagb_featured_image_src":{"full":false,"thumbnail":false,"medium":false,"medium_large":false,"large":false,"1536x1536":false,"2048x2048":false},"uagb_author_info":{"display_name":"CryptocurrencyCodes.com","author_link":"https:\/\/cryptocurrencycodes.com\/pl\/author\/blacksands\/"},"uagb_comment_info":0,"uagb_excerpt":"Witamy na stronie Kody Kryptowalut! Znajdujemy najlepsze bonusy, referencje i oferty w \u015bwiecie kryptowalut i gromadzimy je w jednym miejscu &#8211; czyni\u0105c nas ostatecznym zasobem ofert kryptowalutowych w Internecie. Ta strona zosta\u0142a za\u0142o\u017cona w 2021 ... read more","_links":{"self":[{"href":"https:\/\/cryptocurrencycodes.com\/pl\/wp-json\/wp\/v2\/pages\/15012","targetHints":{"allow":["GET"]}}],"collection":[{"href":"https:\/\/cryptocurrencycodes.com\/pl\/wp-json\/wp\/v2\/pages"}],"about":[{"href":"https:\/\/cryptocurrencycodes.com\/pl\/wp-json\/wp\/v2\/types\/page"}],"author":[{"embeddable":true,"href":"https:\/\/cryptocurrencycodes.com\/pl\/wp-json\/wp\/v2\/users\/1"}],"replies":[{"embeddable":true,"href":"https:\/\/cryptocurrencycodes.com\/pl\/wp-json\/wp\/v2\/comments?post=15012"}],"version-history":[{"count":1,"href":"https:\/\/cryptocurrencycodes.com\/pl\/wp-json\/wp\/v2\/pages\/15012\/revisions"}],"predecessor-version":[{"id":15017,"href":"https:\/\/cryptocurrencycodes.com\/pl\/wp-json\/wp\/v2\/pages\/15012\/revisions\/15017"}],"wp:attachment":[{"href":"https:\/\/cryptocurrencycodes.com\/pl\/wp-json\/wp\/v2\/media?parent=15012"}],"curies":[{"name":"wp","href":"https:\/\/api.w.org\/{rel}","templated":true}]}}