{"id":15160,"date":"2021-03-12T20:22:13","date_gmt":"2021-03-12T20:22:13","guid":{"rendered":"https:\/\/cryptocurrencycodes.com\/polityka-prywatnosci\/"},"modified":"2022-10-24T07:03:11","modified_gmt":"2022-10-24T07:03:11","slug":"polityka-prywatnosci","status":"publish","type":"page","link":"https:\/\/cryptocurrencycodes.com\/pl\/polityka-prywatnosci\/","title":{"rendered":"Polityka prywatno\u015bci"},"content":{"rendered":"\n<p>Twoja prywatno\u015b\u0107 jest dla nas wa\u017cna. Polityk\u0105 Crypto Media Group jest poszanowanie prywatno\u015bci u\u017cytkownika w odniesieniu do wszelkich informacji, jakie mo\u017cemy od niego zbiera\u0107 na naszej stronie internetowej, cryptocurrencycodes.com, oraz na innych stronach, kt\u00f3rych jeste\u015bmy w\u0142a\u015bcicielem i operatorem.<\/p>\n\n<h3 class=\"wp-block-heading\"><strong>1. Informacje, kt\u00f3re gromadzimy<\/strong><\/h3>\n\n<h4 class=\"wp-block-heading\"><strong>Dane z dziennika<\/strong><\/h4>\n\n<p>Kiedy odwiedzasz nasz\u0105 stron\u0119 internetow\u0105, nasze serwery mog\u0105 automatycznie rejestrowa\u0107 standardowe dane dostarczane przez Twoj\u0105 przegl\u0105dark\u0119 internetow\u0105. Mog\u0105 one obejmowa\u0107 adres protoko\u0142u internetowego (IP) komputera, typ i wersj\u0119 przegl\u0105darki, odwiedzane strony, godzin\u0119 i dat\u0119 wizyty, czas sp\u0119dzony na ka\u017cdej stronie oraz inne szczeg\u00f3\u0142y.<\/p>\n\n<h4 class=\"wp-block-heading\"><strong>Dane urz\u0105dzenia<\/strong><\/h4>\n\n<p>Mo\u017cemy r\u00f3wnie\u017c zbiera\u0107 dane o urz\u0105dzeniu, z kt\u00f3rego korzystasz, aby uzyska\u0107 dost\u0119p do naszej strony internetowej. Dane te mog\u0105 obejmowa\u0107 typ urz\u0105dzenia, system operacyjny, unikalne identyfikatory urz\u0105dzenia, ustawienia urz\u0105dzenia oraz dane geolokalizacyjne. To, co zbieramy, mo\u017ce zale\u017ce\u0107 od indywidualnych ustawie\u0144 Twojego urz\u0105dzenia i oprogramowania. Zalecamy sprawdzenie zasad producenta urz\u0105dzenia lub dostawcy oprogramowania, aby dowiedzie\u0107 si\u0119, jakie informacje nam udost\u0119pniaj\u0105.<\/p>\n\n<h4 class=\"wp-block-heading\"><strong>Dane osobowe<\/strong><\/h4>\n\n<p>Mo\u017cemy poprosi\u0107 o podanie danych osobowych, takich jak Twoje:<\/p>\n\n<ul class=\"wp-block-list\"><li>Nazwa<\/li><li>Email<\/li><li>Profile w mediach spo\u0142eczno\u015bciowych<\/li><li>Data urodzenia<\/li><li>Numer telefonu\/telefonu kom\u00f3rkowego<\/li><li>Adres domowy\/mailowy<\/li><li>Adres miejsca pracy<\/li><li>Informacje dotycz\u0105ce p\u0142atno\u015bci<\/li><\/ul>\n\n<h3 class=\"wp-block-heading\"><strong>2. Podstawy prawne przetwarzania danych<\/strong><\/h3>\n\n<p>B\u0119dziemy przetwarza\u0107 Twoje dane osobowe zgodnie z prawem, uczciwie i w spos\u00f3b przejrzysty. Zbieramy i przetwarzamy informacje o Tobie tylko wtedy, gdy mamy ku temu podstawy prawne.<\/p>\n\n<p>Te podstawy prawne zale\u017c\u0105 od us\u0142ug, z kt\u00f3rych korzystasz i sposobu, w jaki z nich korzystasz, co oznacza, \u017ce zbieramy i wykorzystujemy Twoje informacje tylko wtedy, gdy:<\/p>\n\n<ul class=\"wp-block-list\"><li>jest to niezb\u0119dne do wykonania umowy, kt\u00f3rej jeste\u015b stron\u0105 lub do podj\u0119cia dzia\u0142a\u0144 na Twoje \u017c\u0105danie przed zawarciem takiej umowy (np. gdy \u015bwiadczymy us\u0142ug\u0119, o kt\u00f3r\u0105 prosisz);<\/li><li>spe\u0142nia uzasadniony interes (kt\u00f3ry nie jest nadrz\u0119dny w stosunku do interes\u00f3w zwi\u0105zanych z ochron\u0105 danych), np. w celu prowadzenia bada\u0144 i rozwoju, wprowadzania na rynek i promowania naszych us\u0142ug oraz ochrony naszych praw i interes\u00f3w prawnych;<\/li><li>udzielasz nam zgody na takie dzia\u0142anie w okre\u015blonym celu (np. mo\u017cesz wyrazi\u0107 zgod\u0119 na wysy\u0142anie Ci naszego newslettera); lub<\/li><li>musimy przetwarza\u0107 Twoje dane w celu wype\u0142nienia obowi\u0105zku prawnego.<\/li><\/ul>\n\n<p>W przypadku wyra\u017cenia zgody na wykorzystanie przez nas informacji o Tobie w okre\u015blonym celu, masz prawo do zmiany zdania w dowolnym momencie (nie b\u0119dzie to jednak mia\u0142o wp\u0142ywu na przetwarzanie, kt\u00f3re ju\u017c mia\u0142o miejsce).<\/p>\n\n<p>Nie przechowujemy danych osobowych d\u0142u\u017cej ni\u017c jest to konieczne. Podczas gdy zachowujemy te informacje, b\u0119dziemy je chroni\u0107 w ramach komercyjnie akceptowalnych \u015brodk\u00f3w, aby zapobiec utracie i kradzie\u017cy, jak r\u00f3wnie\u017c nieautoryzowanemu dost\u0119powi, ujawnieniu, kopiowaniu, wykorzystaniu lub modyfikacji. W zwi\u0105zku z tym informujemy, \u017ce \u017cadna metoda transmisji elektronicznej lub przechowywania nie jest w 100% bezpieczna i nie mo\u017cemy zagwarantowa\u0107 ca\u0142kowitego bezpiecze\u0144stwa danych. W razie potrzeby mo\u017cemy zachowa\u0107 Twoje dane osobowe w celu spe\u0142nienia przez nas obowi\u0105zku prawnego lub w celu ochrony Twoich istotnych interes\u00f3w lub istotnych interes\u00f3w innej osoby fizycznej.<\/p>\n\n<h3 class=\"wp-block-heading\"><strong>3. Gromadzenie i wykorzystywanie informacji<\/strong><\/h3>\n\n<p>Mo\u017cemy gromadzi\u0107, przechowywa\u0107, wykorzystywa\u0107 i ujawnia\u0107 informacje w nast\u0119puj\u0105cych celach, a dane osobowe nie b\u0119d\u0105 dalej przetwarzane w spos\u00f3b niezgodny z tymi celami:<\/p>\n\n<ul class=\"wp-block-list\"><li>aby umo\u017cliwi\u0107 Ci dostosowanie lub spersonalizowanie Twoich do\u015bwiadcze\u0144 z nasz\u0105 stron\u0105 internetow\u0105;<\/li><li>aby umo\u017cliwi\u0107 Ci dost\u0119p i korzystanie z naszej strony internetowej, powi\u0105zanych aplikacji i powi\u0105zanych platform medi\u00f3w spo\u0142eczno\u015bciowych;<\/li><li>do kontaktu i komunikacji z Tob\u0105;<\/li><li>w celu prowadzenia wewn\u0119trznej ewidencji i w celach administracyjnych;<\/li><li>do cel\u00f3w analitycznych, badania rynku i rozwoju biznesu, w tym do obs\u0142ugi i ulepszania naszej strony internetowej, powi\u0105zanych aplikacji i powi\u0105zanych platform medi\u00f3w spo\u0142eczno\u015bciowych;<\/li><li>do prowadzenia konkurs\u00f3w i\/lub oferowania dodatkowych korzy\u015bci dla u\u017cytkownika;<\/li><li>do cel\u00f3w reklamowych i marketingowych, w tym do wysy\u0142ania Pa\u0144stwu informacji promocyjnych o naszych produktach i us\u0142ugach oraz informacji o osobach trzecich, kt\u00f3re naszym zdaniem mog\u0105 by\u0107 dla Pa\u0144stwa interesuj\u0105ce;<\/li><li>aby wype\u0142ni\u0107 nasze zobowi\u0105zania prawne i rozwi\u0105za\u0107 wszelkie spory, kt\u00f3re mo\u017cemy mie\u0107; oraz<\/li><li>aby rozwa\u017cy\u0107 twoje podanie o prac\u0119.<\/li><\/ul>\n\n<h3 class=\"wp-block-heading\"><strong>4. Ujawnienie danych osobowych osobom trzecim<\/strong><\/h3>\n\n<p>Mo\u017cemy ujawni\u0107 dane osobowe do:<\/p>\n\n<ul class=\"wp-block-list\"><li>zewn\u0119trzni dostawcy us\u0142ug w celu umo\u017cliwienia im \u015bwiadczenia us\u0142ug, w tym (bez ogranicze\u0144) dostawcy us\u0142ug IT, dostawcy us\u0142ug przechowywania danych, hostingu i serwer\u00f3w, sieci reklamowe, analityka, rejestratory b\u0142\u0119d\u00f3w, firmy windykacyjne, dostawcy us\u0142ug serwisowych lub rozwi\u0105zywania problem\u00f3w, dostawcy us\u0142ug marketingowych lub reklamowych, profesjonalni doradcy i operatorzy system\u00f3w p\u0142atno\u015bci;<\/li><li>nasi pracownicy, wykonawcy i\/lub podmioty powi\u0105zane;<\/li><li>sponsor\u00f3w lub promotor\u00f3w wszelkich organizowanych przez nas konkurs\u00f3w;<\/li><li>agencje sprawozdawczo\u015bci kredytowej, s\u0105dy, trybuna\u0142y i organy regulacyjne, w przypadku gdy nie zap\u0142acisz za towary lub us\u0142ugi, kt\u00f3re Ci dostarczyli\u015bmy;<\/li><li>s\u0105d\u00f3w, trybuna\u0142\u00f3w, organ\u00f3w regulacyjnych i funkcjonariuszy organ\u00f3w \u015bcigania, zgodnie z wymogami prawa, w zwi\u0105zku z wszelkimi aktualnymi lub przysz\u0142ymi post\u0119powaniami prawnymi lub w celu ustanowienia, wykonania lub obrony naszych praw;<\/li><li>strony trzecie, w tym agenci lub podwykonawcy, kt\u00f3rzy pomagaj\u0105 nam w dostarczaniu informacji, produkt\u00f3w, us\u0142ug lub marketingu bezpo\u015bredniego do u\u017cytkownika; oraz<\/li><li>stron trzecich do gromadzenia i przetwarzania danych.<\/li><\/ul>\n\n<h3 class=\"wp-block-heading\"><strong>5. Mi\u0119dzynarodowe przekazywanie danych osobowych<\/strong><\/h3>\n\n<p>Gromadzone przez nas dane osobowe s\u0105 przechowywane i przetwarzane w Wielkiej Brytanii i Stanach Zjednoczonych lub tam, gdzie my lub nasi partnerzy, podmioty powi\u0105zane i dostawcy zewn\u0119trzni utrzymuj\u0105 swoje plac\u00f3wki. Przekazuj\u0105c nam swoje dane osobowe, u\u017cytkownik wyra\u017ca zgod\u0119 na ich ujawnienie tym zagranicznym stronom trzecim.<\/p>\n\n<p>Zapewnimy, \u017ce ka\u017cdy transfer danych osobowych z kraj\u00f3w Europejskiego Obszaru Gospodarczego (EOG) do kraj\u00f3w spoza EOG b\u0119dzie chroniony odpowiednimi zabezpieczeniami, na przyk\u0142ad poprzez zastosowanie standardowych klauzul ochrony danych zatwierdzonych przez Komisj\u0119 Europejsk\u0105 lub zastosowanie wi\u0105\u017c\u0105cych regu\u0142 korporacyjnych lub innych prawnie akceptowanych \u015brodk\u00f3w.<\/p>\n\n<p>W przypadku, gdy przekazujemy dane osobowe z kraju spoza EOG do innego kraju, u\u017cytkownik przyjmuje do wiadomo\u015bci, \u017ce strony trzecie w innych jurysdykcjach mog\u0105 nie podlega\u0107 podobnym przepisom o ochronie danych, jak te obowi\u0105zuj\u0105ce w naszej jurysdykcji. Istnieje ryzyko, \u017ce je\u015bli jakakolwiek taka osoba trzecia zaanga\u017cuje si\u0119 w jakiekolwiek dzia\u0142anie lub praktyk\u0119, kt\u00f3ra narusza przepisy dotycz\u0105ce prywatno\u015bci danych w naszej jurysdykcji, mo\u017ce to oznacza\u0107, \u017ce nie b\u0119dziesz m\u00f3g\u0142 dochodzi\u0107 zado\u015b\u0107uczynienia zgodnie z przepisami dotycz\u0105cymi prywatno\u015bci obowi\u0105zuj\u0105cymi w naszej jurysdykcji.<\/p>\n\n<h3 class=\"wp-block-heading\"><strong>6. Twoje prawa i kontrola Twoich danych osobowych<\/strong><\/h3>\n\n<p><strong>Wyb\u00f3r i zgoda:<\/strong> Przekazuj\u0105c nam dane osobowe, wyra\u017caj\u0105 Pa\u0144stwo zgod\u0119 na gromadzenie, przechowywanie, wykorzystywanie i ujawnianie przez nas Pa\u0144stwa danych osobowych zgodnie z niniejsz\u0105 polityk\u0105 prywatno\u015bci. Je\u015bli masz mniej ni\u017c 16 lat, musisz mie\u0107 i gwarantujesz nam w zakresie dozwolonym przez prawo, \u017ce masz zgod\u0119 swojego rodzica lub opiekuna prawnego na dost\u0119p i korzystanie ze strony internetowej, a oni (twoi rodzice lub opiekun) wyrazili zgod\u0119 na przekazanie nam twoich danych osobowych. Nie musisz podawa\u0107 nam swoich danych osobowych, jednak je\u015bli tego nie zrobisz, mo\u017ce to wp\u0142yn\u0105\u0107 na korzystanie z tej strony lub produkt\u00f3w i\/lub us\u0142ug oferowanych na niej lub za jej po\u015brednictwem.<\/p>\n\n<p><strong>Informacje od stron trzecich:<\/strong> Je\u015bli otrzymamy dane osobowe o Tobie od osoby trzeciej, b\u0119dziemy je chroni\u0107 w spos\u00f3b okre\u015blony w niniejszej polityce prywatno\u015bci. Je\u015bli jeste\u015b osob\u0105 trzeci\u0105 dostarczaj\u0105c\u0105 dane osobowe kogo\u015b innego, o\u015bwiadczasz i gwarantujesz, \u017ce masz zgod\u0119 takiej osoby na dostarczenie nam danych osobowych.<\/p>\n\n<p><strong>Ograniczenie:<\/strong> U\u017cytkownik mo\u017ce zdecydowa\u0107 si\u0119 na ograniczenie zbierania lub wykorzystywania swoich danych osobowych. Je\u015bli wcze\u015bniej wyrazili Pa\u0144stwo zgod\u0119 na wykorzystywanie przez nas Pa\u0144stwa danych osobowych do cel\u00f3w marketingu bezpo\u015bredniego, mog\u0105 Pa\u0144stwo w ka\u017cdej chwili zmieni\u0107 zdanie, kontaktuj\u0105c si\u0119 z nami przy u\u017cyciu poni\u017cszych danych. Je\u015bli poprosisz nas o ograniczenie lub zmniejszenie sposobu, w jaki przetwarzamy Twoje dane osobowe, poinformujemy Ci\u0119, w jaki spos\u00f3b ograniczenie wp\u0142ywa na korzystanie z naszej strony internetowej lub produkt\u00f3w i us\u0142ug.<\/p>\n\n<p><strong>Dost\u0119p i mo\u017cliwo\u015b\u0107 przenoszenia danych:<\/strong> Mo\u017cesz za\u017c\u0105da\u0107 szczeg\u00f3\u0142\u00f3w dotycz\u0105cych danych osobowych, kt\u00f3re przechowujemy na Tw\u00f3j temat. Mo\u017cesz za\u017c\u0105da\u0107 kopii danych osobowych, kt\u00f3re przechowujemy na Tw\u00f3j temat. W miar\u0119 mo\u017cliwo\u015bci b\u0119dziemy dostarcza\u0107 te informacje w formacie CSV lub innym \u0142atwym do odczytania maszynowym formacie. W ka\u017cdej chwili mo\u017cesz za\u017c\u0105da\u0107 usuni\u0119cia danych osobowych, kt\u00f3re przechowujemy na Tw\u00f3j temat. Mo\u017cesz r\u00f3wnie\u017c za\u017c\u0105da\u0107, aby\u015bmy przekazali te dane osobowe innej stronie trzeciej.<\/p>\n\n<p><strong>Korekta:<\/strong> Je\u015bli uwa\u017casz, \u017ce jakiekolwiek informacje, kt\u00f3re posiadamy na Tw\u00f3j temat s\u0105 niedok\u0142adne, nieaktualne, niekompletne, nieistotne lub wprowadzaj\u0105ce w b\u0142\u0105d, skontaktuj si\u0119 z nami korzystaj\u0105c z poni\u017cszych danych. Podejmiemy uzasadnione kroki w celu skorygowania wszelkich informacji uznanych za niedok\u0142adne, niekompletne, wprowadzaj\u0105ce w b\u0142\u0105d lub nieaktualne.<\/p>\n\n<p><strong>Powiadamianie o naruszeniach danych:<\/strong> B\u0119dziemy przestrzega\u0107 przepis\u00f3w prawa maj\u0105cych zastosowanie do nas w odniesieniu do wszelkich narusze\u0144 danych.<\/p>\n\n<p><strong>Skargi:<\/strong> Je\u015bli uwa\u017casz, \u017ce naruszyli\u015bmy odpowiednie prawo dotycz\u0105ce ochrony danych i chcesz z\u0142o\u017cy\u0107 skarg\u0119, skontaktuj si\u0119 z nami, korzystaj\u0105c z poni\u017cszych danych i podaj nam pe\u0142ne szczeg\u00f3\u0142y domniemanego naruszenia. Niezw\u0142ocznie zbadamy Twoj\u0105 skarg\u0119 i odpowiemy Ci na pi\u015bmie, przedstawiaj\u0105c wynik naszego dochodzenia oraz kroki, jakie podejmiemy w celu rozpatrzenia Twojej skargi. Masz r\u00f3wnie\u017c prawo do skontaktowania si\u0119 z organem regulacyjnym lub organem ochrony danych w zwi\u0105zku z Twoj\u0105 skarg\u0105.<\/p>\n\n<p><strong>Rezygnacja z subskrypcji:<\/strong> Aby wypisa\u0107 si\u0119 z naszej bazy danych e-mail lub zrezygnowa\u0107 z komunikacji (w tym komunikacji marketingowej), prosimy o kontakt z nami, korzystaj\u0105c z poni\u017cszych danych lub zrezygnowa\u0107, korzystaj\u0105c z udogodnie\u0144 opt-out przewidzianych w komunikacji.<\/p>\n\n<h3 class=\"wp-block-heading\"><strong>7. Cookies<\/strong><\/h3>\n\n<p>U\u017cywamy plik\u00f3w &#8222;cookies&#8221; do zbierania informacji o Tobie i Twojej aktywno\u015bci na naszej stronie. Plik cookie to niewielki fragment danych, kt\u00f3ry nasza strona przechowuje na komputerze u\u017cytkownika i do kt\u00f3rego uzyskuje dost\u0119p przy ka\u017cdej wizycie, dzi\u0119ki czemu mo\u017cemy zrozumie\u0107, w jaki spos\u00f3b u\u017cytkownik korzysta z naszej strony. Dzi\u0119ki temu mo\u017cemy serwowa\u0107 Ci tre\u015bci oparte na okre\u015blonych przez Ciebie preferencjach. Wi\u0119cej informacji mo\u017cna znale\u017a\u0107 w naszej Polityce dotycz\u0105cej plik\u00f3w cookie.<\/p>\n\n<h3 class=\"wp-block-heading\"><strong>8. Transfery biznesowe<\/strong><\/h3>\n\n<p>Je\u015bli my lub nasze aktywa zostan\u0105 przej\u0119te, lub w ma\u0142o prawdopodobnym przypadku, gdy zako\u0144czymy dzia\u0142alno\u015b\u0107 lub og\u0142osimy upad\u0142o\u015b\u0107, umie\u015bcimy dane w\u015br\u00f3d aktyw\u00f3w przekazywanych jakimkolwiek stronom, kt\u00f3re nas przejm\u0105. U\u017cytkownik przyjmuje do wiadomo\u015bci, \u017ce takie przeniesienia mog\u0105 mie\u0107 miejsce oraz \u017ce wszelkie strony, kt\u00f3re nas przejm\u0105, mog\u0105 nadal wykorzystywa\u0107 dane osobowe u\u017cytkownika zgodnie z niniejsz\u0105 polityk\u0105.<\/p>\n\n<h3 class=\"wp-block-heading\"><strong>9. Granice naszej polityki<\/strong><\/h3>\n\n<p>Nasza strona internetowa mo\u017ce zawiera\u0107 linki do zewn\u0119trznych stron, kt\u00f3re nie s\u0105 przez nas obs\u0142ugiwane. Nale\u017cy pami\u0119ta\u0107, \u017ce nie mamy kontroli nad tre\u015bci\u0105 i polityk\u0105 tych stron i nie mo\u017cemy przyj\u0105\u0107 odpowiedzialno\u015bci za ich praktyki dotycz\u0105ce prywatno\u015bci.<\/p>\n\n<h3 class=\"wp-block-heading\"><strong>10. Zmiany w niniejszej polityce<\/strong><\/h3>\n\n<p>Wed\u0142ug naszego uznania mo\u017cemy zmieni\u0107 nasz\u0105 polityk\u0119 prywatno\u015bci, aby odzwierciedli\u0107 aktualne, dopuszczalne praktyki. Podejmiemy rozs\u0105dne kroki, aby poinformowa\u0107 u\u017cytkownik\u00f3w o zmianach za po\u015brednictwem naszej strony internetowej. Dalsze korzystanie z tej strony po wprowadzeniu jakichkolwiek zmian w tej polityce b\u0119dzie traktowane jako akceptacja naszych praktyk dotycz\u0105cych prywatno\u015bci i danych osobowych.<\/p>\n\n<p>Je\u015bli wprowadzimy znacz\u0105ce zmiany w niniejszej polityce prywatno\u015bci, na przyk\u0142ad zmienimy podstaw\u0119 prawn\u0105, na kt\u00f3rej przetwarzamy Pa\u0144stwa dane osobowe, poprosimy Pa\u0144stwa o ponowne wyra\u017cenie zgody na zmienion\u0105 polityk\u0119 prywatno\u015bci.<\/p>\n\n<p><strong>Crypto Media Group Administrator danych<\/strong><\/p>\n\n<p>info [at] cryptocurrencycodes[dot]com<\/p>\n\n<p>Niniejsza polityka obowi\u0105zuje od dnia 12 marca 2021 r.<\/p>\n","protected":false},"excerpt":{"rendered":"<p>Twoja prywatno\u015b\u0107 jest dla nas wa\u017cna. Polityk\u0105 Crypto Media Group jest poszanowanie prywatno\u015bci u\u017cytkownika w odniesieniu do wszelkich informacji, jakie mo\u017cemy od niego zbiera\u0107 na naszej stronie internetowej, cryptocurrencycodes.com, oraz na innych stronach, kt\u00f3rych jeste\u015bmy &#8230; <a title=\"Polityka prywatno\u015bci\" class=\"read-more\" href=\"https:\/\/cryptocurrencycodes.com\/pl\/polityka-prywatnosci\/\" aria-label=\"More on Polityka prywatno\u015bci\">read more<\/a><\/p>\n","protected":false},"author":1,"featured_media":0,"parent":0,"menu_order":0,"comment_status":"closed","ping_status":"closed","template":"","meta":{"_uag_custom_page_level_css":"","footnotes":""},"class_list":{"0":"post-15160","1":"page","2":"type-page","3":"status-publish","5":"infinite-scroll-item"},"uagb_featured_image_src":{"full":false,"thumbnail":false,"medium":false,"medium_large":false,"large":false,"1536x1536":false,"2048x2048":false},"uagb_author_info":{"display_name":"CryptocurrencyCodes.com","author_link":"https:\/\/cryptocurrencycodes.com\/pl\/author\/blacksands\/"},"uagb_comment_info":0,"uagb_excerpt":"Twoja prywatno\u015b\u0107 jest dla nas wa\u017cna. Polityk\u0105 Crypto Media Group jest poszanowanie prywatno\u015bci u\u017cytkownika w odniesieniu do wszelkich informacji, jakie mo\u017cemy od niego zbiera\u0107 na naszej stronie internetowej, cryptocurrencycodes.com, oraz na innych stronach, kt\u00f3rych jeste\u015bmy ... read more","_links":{"self":[{"href":"https:\/\/cryptocurrencycodes.com\/pl\/wp-json\/wp\/v2\/pages\/15160","targetHints":{"allow":["GET"]}}],"collection":[{"href":"https:\/\/cryptocurrencycodes.com\/pl\/wp-json\/wp\/v2\/pages"}],"about":[{"href":"https:\/\/cryptocurrencycodes.com\/pl\/wp-json\/wp\/v2\/types\/page"}],"author":[{"embeddable":true,"href":"https:\/\/cryptocurrencycodes.com\/pl\/wp-json\/wp\/v2\/users\/1"}],"replies":[{"embeddable":true,"href":"https:\/\/cryptocurrencycodes.com\/pl\/wp-json\/wp\/v2\/comments?post=15160"}],"version-history":[{"count":1,"href":"https:\/\/cryptocurrencycodes.com\/pl\/wp-json\/wp\/v2\/pages\/15160\/revisions"}],"predecessor-version":[{"id":15164,"href":"https:\/\/cryptocurrencycodes.com\/pl\/wp-json\/wp\/v2\/pages\/15160\/revisions\/15164"}],"wp:attachment":[{"href":"https:\/\/cryptocurrencycodes.com\/pl\/wp-json\/wp\/v2\/media?parent=15160"}],"curies":[{"name":"wp","href":"https:\/\/api.w.org\/{rel}","templated":true}]}}