{"id":15190,"date":"2021-03-17T16:14:34","date_gmt":"2021-03-17T16:14:34","guid":{"rendered":"https:\/\/cryptocurrencycodes.com\/mapa-strony\/"},"modified":"2023-01-21T12:54:16","modified_gmt":"2023-01-21T12:54:16","slug":"mapa-strony","status":"publish","type":"page","link":"https:\/\/cryptocurrencycodes.com\/pl\/mapa-strony\/","title":{"rendered":"Mapa strony"},"content":{"rendered":"\n<p>Stworzyli\u015bmy t\u0119 stron\u0119, aby pom\u00f3c Ci odnale\u017a\u0107 si\u0119 na <a href=\"https:\/\/cryptocurrencycodes.com\/pl\/\" class=\"rank-math-link\">CryptocurrencyCodes.com<\/a>.<\/p>\n<form role=\"search\" method=\"get\" action=\"https:\/\/cryptocurrencycodes.com\/pl\/\" class=\"wp-block-search__button-outside wp-block-search__text-button wp-block-search\"    ><label class=\"wp-block-search__label screen-reader-text\" for=\"wp-block-search__input-2\" >Szukaj<\/label><div class=\"wp-block-search__inside-wrapper\" ><input class=\"wp-block-search__input\" id=\"wp-block-search__input-2\" placeholder=\"Szukaj\" value=\"\" type=\"search\" name=\"s\" required \/><button aria-label=\"Szukaj\" class=\"wp-block-search__button wp-element-button\" type=\"submit\" >Szukaj<\/button><\/div><\/form>\n<h2 class=\"wp-block-heading\">Wymiany<\/h2>\n\n<ul class=\"wp-block-list\"><li><a href=\"https:\/\/cryptocurrencycodes.com\/pl\/ftx\/\" class=\"rank-math-link\">FTX<\/a><\/li><li>AAX<\/li><li><a href=\"https:\/\/cryptocurrencycodes.com\/pl\/ascendex\/\" class=\"rank-math-link\">AscendEX<\/a><\/li><li><a href=\"https:\/\/cryptocurrencycodes.com\/pl\/bityard\/\" class=\"rank-math-link\">Bityard<\/a><\/li><li>Bexplus<\/li><li><a href=\"https:\/\/cryptocurrencycodes.com\/pl\/coinbase\/\" class=\"rank-math-link\">Coinbase<\/a><\/li><li>Dsdaq<\/li><li><a href=\"https:\/\/cryptocurrencycodes.com\/pl\/bitforex\/\" class=\"rank-math-link\">BitForex<\/a><\/li><li>Bit.com<\/li><li>CoinSpot<\/li><li><a href=\"https:\/\/cryptocurrencycodes.com\/pl\/stormgain\/\" class=\"rank-math-link\">StormGain<\/a><\/li><li><a href=\"https:\/\/cryptocurrencycodes.com\/pl\/phemex\/\" class=\"rank-math-link\">Phemex<\/a><\/li><li>BitZ<\/li><li><a href=\"https:\/\/cryptocurrencycodes.com\/pl\/binance\/\" class=\"rank-math-link\">Binance<\/a><\/li><li>BKEX<\/li><li><a href=\"https:\/\/cryptocurrencycodes.com\/pl\/bitfinex\/\" class=\"rank-math-link\">Bitfinex<\/a><\/li><li><a href=\"https:\/\/cryptocurrencycodes.com\/pl\/bitmart\/\" class=\"rank-math-link\">BitMart<\/a><\/li><li><a href=\"https:\/\/cryptocurrencycodes.com\/pl\/btse\/\" class=\"rank-math-link\">BTSE<\/a><\/li><li><a href=\"https:\/\/cryptocurrencycodes.com\/pl\/crypto-com\/\" class=\"rank-math-link\">Crypto.com<\/a><\/li><li><a href=\"https:\/\/cryptocurrencycodes.com\/pl\/margex\/\" class=\"rank-math-link\">Margex<\/a><\/li><\/ul>\n\n<h2 class=\"wp-block-heading\">Sklepy<\/h2>\n\n<ul class=\"wp-block-list\"><li><a href=\"https:\/\/cryptocurrencycodes.com\/pl\/bitrefill\/\" class=\"rank-math-link\">Bitrefill<\/a><\/li><\/ul>\n\n<h2 class=\"wp-block-heading\">Apps<\/h2>\n\n<ul class=\"wp-block-list\"><li><a href=\"https:\/\/cryptocurrencycodes.com\/pl\/stormx-2\/\" class=\"rank-math-link\">StormX<\/a><\/li><li>Maiar<\/li><\/ul>\n\n<h2 class=\"wp-block-heading\"><a href=\"https:\/\/cryptocurrencycodes.com\/pl\/best-bitcoin-crypto-wallet-deals-2021\/\" class=\"rank-math-link\">Portfele<\/a><\/h2>\n\n<h2 class=\"wp-block-heading\">Informacje<\/h2>\n\n<ul class=\"wp-block-list\"><li><a href=\"https:\/\/cryptocurrencycodes.com\/pl\/o-stronie\/\" class=\"rank-math-link\">O stronie<\/a><\/li><li><a href=\"https:\/\/cryptocurrencycodes.com\/pl\/kontakt\/\" class=\"rank-math-link\">Kontakt<\/a><\/li><li><a href=\"https:\/\/cryptocurrencycodes.com\/pl\/polityka-prywatnosci\/\" class=\"rank-math-link\">Polityka prywatno\u015bci<\/a><\/li><\/ul>\n\n<h2 class=\"wp-block-heading\">Inne<\/h2>\n\n<ul class=\"wp-block-list\"><li><a href=\"https:\/\/cryptocurrencycodes.com\/pl\/\" class=\"rank-math-link\">Best Crypto Deals<\/a><\/li><\/ul>\n","protected":false},"excerpt":{"rendered":"<p>Stworzyli\u015bmy t\u0119 stron\u0119, aby pom\u00f3c Ci odnale\u017a\u0107 si\u0119 na CryptocurrencyCodes.com. Wymiany FTX AAX AscendEX Bityard Bexplus Coinbase Dsdaq BitForex Bit.com CoinSpot StormGain Phemex BitZ Binance BKEX Bitfinex BitMart BTSE Crypto.com Margex Sklepy Bitrefill Apps StormX &#8230; <a title=\"Mapa strony\" class=\"read-more\" href=\"https:\/\/cryptocurrencycodes.com\/pl\/mapa-strony\/\" aria-label=\"More on Mapa strony\">read more<\/a><\/p>\n","protected":false},"author":1,"featured_media":0,"parent":0,"menu_order":0,"comment_status":"closed","ping_status":"closed","template":"","meta":{"_uag_custom_page_level_css":"","footnotes":""},"class_list":{"0":"post-15190","1":"page","2":"type-page","3":"status-publish","5":"infinite-scroll-item"},"uagb_featured_image_src":{"full":false,"thumbnail":false,"medium":false,"medium_large":false,"large":false,"1536x1536":false,"2048x2048":false},"uagb_author_info":{"display_name":"CryptocurrencyCodes.com","author_link":"https:\/\/cryptocurrencycodes.com\/pl\/author\/blacksands\/"},"uagb_comment_info":0,"uagb_excerpt":"Stworzyli\u015bmy t\u0119 stron\u0119, aby pom\u00f3c Ci odnale\u017a\u0107 si\u0119 na CryptocurrencyCodes.com. Wymiany FTX AAX AscendEX Bityard Bexplus Coinbase Dsdaq BitForex Bit.com CoinSpot StormGain Phemex BitZ Binance BKEX Bitfinex BitMart BTSE Crypto.com Margex Sklepy Bitrefill Apps StormX ... read more","_links":{"self":[{"href":"https:\/\/cryptocurrencycodes.com\/pl\/wp-json\/wp\/v2\/pages\/15190","targetHints":{"allow":["GET"]}}],"collection":[{"href":"https:\/\/cryptocurrencycodes.com\/pl\/wp-json\/wp\/v2\/pages"}],"about":[{"href":"https:\/\/cryptocurrencycodes.com\/pl\/wp-json\/wp\/v2\/types\/page"}],"author":[{"embeddable":true,"href":"https:\/\/cryptocurrencycodes.com\/pl\/wp-json\/wp\/v2\/users\/1"}],"replies":[{"embeddable":true,"href":"https:\/\/cryptocurrencycodes.com\/pl\/wp-json\/wp\/v2\/comments?post=15190"}],"version-history":[{"count":9,"href":"https:\/\/cryptocurrencycodes.com\/pl\/wp-json\/wp\/v2\/pages\/15190\/revisions"}],"predecessor-version":[{"id":23281,"href":"https:\/\/cryptocurrencycodes.com\/pl\/wp-json\/wp\/v2\/pages\/15190\/revisions\/23281"}],"wp:attachment":[{"href":"https:\/\/cryptocurrencycodes.com\/pl\/wp-json\/wp\/v2\/media?parent=15190"}],"curies":[{"name":"wp","href":"https:\/\/api.w.org\/{rel}","templated":true}]}}