{"id":15048,"date":"2021-03-12T17:30:42","date_gmt":"2021-03-12T17:30:42","guid":{"rendered":"https:\/\/cryptocurrencycodes.com\/sobre\/"},"modified":"2022-10-24T07:02:39","modified_gmt":"2022-10-24T07:02:39","slug":"sobre","status":"publish","type":"page","link":"https:\/\/cryptocurrencycodes.com\/pt-br\/sobre\/","title":{"rendered":"Sobre"},"content":{"rendered":"\n<p>Bem-vindo ao <a href=\"https:\/\/cryptocurrencycodes.com\/pt-br\/\" class=\"rank-math-link\">Cryptocurrency Codes<\/a>!<\/p>\n\n<p>Encontramos os melhores b\u00f3nus, refer\u00eancias e ofertas no mundo da criptografia e reunimo-los todos num s\u00f3 lugar &#8211; tornando-nos o derradeiro recurso para ofertas criptogr\u00e1ficas na Internet.<\/p>\n\n<p>Este site foi criado em 2021 e \u00e9 propriedade e operado pela Black Sands Media Limited &#8211; uma empresa de meios digitais que serve um p\u00fablico global.<\/p>\n\n<p>Precisa de entrar em contacto? Visite a <a href=\"https:\/\/cryptocurrencycodes.com\/pt-br\/contacto\/\" class=\"rank-math-link\">p\u00e1gina de contacto<\/a> e preencha o formul\u00e1rio.<\/p>\n","protected":false},"excerpt":{"rendered":"<p>Bem-vindo ao Cryptocurrency Codes! Encontramos os melhores b\u00f3nus, refer\u00eancias e ofertas no mundo da criptografia e reunimo-los todos num s\u00f3 lugar &#8211; tornando-nos o derradeiro recurso para ofertas criptogr\u00e1ficas na Internet. Este site foi criado &#8230; <a title=\"Sobre\" class=\"read-more\" href=\"https:\/\/cryptocurrencycodes.com\/pt-br\/sobre\/\" aria-label=\"More on Sobre\">read more<\/a><\/p>\n","protected":false},"author":1,"featured_media":0,"parent":0,"menu_order":0,"comment_status":"closed","ping_status":"closed","template":"","meta":{"_uag_custom_page_level_css":"","footnotes":""},"class_list":{"0":"post-15048","1":"page","2":"type-page","3":"status-publish","5":"infinite-scroll-item"},"uagb_featured_image_src":{"full":false,"thumbnail":false,"medium":false,"medium_large":false,"large":false,"1536x1536":false,"2048x2048":false},"uagb_author_info":{"display_name":"CryptocurrencyCodes.com","author_link":"https:\/\/cryptocurrencycodes.com\/pt-br\/author\/blacksands\/"},"uagb_comment_info":0,"uagb_excerpt":"Bem-vindo ao Cryptocurrency Codes! Encontramos os melhores b\u00f3nus, refer\u00eancias e ofertas no mundo da criptografia e reunimo-los todos num s\u00f3 lugar &#8211; tornando-nos o derradeiro recurso para ofertas criptogr\u00e1ficas na Internet. Este site foi criado ... read more","_links":{"self":[{"href":"https:\/\/cryptocurrencycodes.com\/pt-br\/wp-json\/wp\/v2\/pages\/15048","targetHints":{"allow":["GET"]}}],"collection":[{"href":"https:\/\/cryptocurrencycodes.com\/pt-br\/wp-json\/wp\/v2\/pages"}],"about":[{"href":"https:\/\/cryptocurrencycodes.com\/pt-br\/wp-json\/wp\/v2\/types\/page"}],"author":[{"embeddable":true,"href":"https:\/\/cryptocurrencycodes.com\/pt-br\/wp-json\/wp\/v2\/users\/1"}],"replies":[{"embeddable":true,"href":"https:\/\/cryptocurrencycodes.com\/pt-br\/wp-json\/wp\/v2\/comments?post=15048"}],"version-history":[{"count":3,"href":"https:\/\/cryptocurrencycodes.com\/pt-br\/wp-json\/wp\/v2\/pages\/15048\/revisions"}],"predecessor-version":[{"id":15105,"href":"https:\/\/cryptocurrencycodes.com\/pt-br\/wp-json\/wp\/v2\/pages\/15048\/revisions\/15105"}],"wp:attachment":[{"href":"https:\/\/cryptocurrencycodes.com\/pt-br\/wp-json\/wp\/v2\/media?parent=15048"}],"curies":[{"name":"wp","href":"https:\/\/api.w.org\/{rel}","templated":true}]}}