{"id":15168,"date":"2021-03-12T20:22:13","date_gmt":"2021-03-12T20:22:13","guid":{"rendered":"https:\/\/cryptocurrencycodes.com\/politica-de-privacidade\/"},"modified":"2022-10-24T07:03:11","modified_gmt":"2022-10-24T07:03:11","slug":"politica-de-privacidade","status":"publish","type":"page","link":"https:\/\/cryptocurrencycodes.com\/pt-br\/politica-de-privacidade\/","title":{"rendered":"Pol\u00edtica de Privacidade"},"content":{"rendered":"\n<p>A sua privacidade \u00e9 importante para n\u00f3s. \u00c9 pol\u00edtica do Crypto Media Group respeitar a sua privacidade relativamente a qualquer informa\u00e7\u00e3o que possamos recolher de si atrav\u00e9s do nosso website, cryptocurrencycodes.com, e de outros sites que possu\u00edmos e operamos.<\/p>\n\n<h3 class=\"wp-block-heading\"><strong>1. Informa\u00e7\u00e3o que recolhemos<\/strong><\/h3>\n\n<h4 class=\"wp-block-heading\"><strong>Dados de registo<\/strong><\/h4>\n\n<p>Quando visita o nosso s\u00edtio web, os nossos servidores podem registar automaticamente os dados padr\u00e3o fornecidos pelo seu navegador web. Pode incluir o endere\u00e7o Internet Protocol (IP) do seu computador, o tipo e a vers\u00e3o do seu browser, as p\u00e1ginas que visita, a hora e a data da sua visita, o tempo gasto em cada p\u00e1gina, e outros detalhes.<\/p>\n\n<h4 class=\"wp-block-heading\"><strong>Dados do dispositivo<\/strong><\/h4>\n\n<p>Podemos tamb\u00e9m recolher dados sobre o dispositivo que est\u00e1 a utilizar para aceder ao nosso website. Estes dados podem incluir o tipo de dispositivo, sistema operativo, identificadores \u00fanicos do dispositivo, defini\u00e7\u00f5es do dispositivo, e dados de geo-localiza\u00e7\u00e3o. O que recolhemos pode depender das configura\u00e7\u00f5es individuais do seu dispositivo e software. Recomendamos que verifique as pol\u00edticas do fabricante do seu dispositivo ou fornecedor de software para saber quais as informa\u00e7\u00f5es que nos disponibilizam.<\/p>\n\n<h4 class=\"wp-block-heading\"><strong>Informa\u00e7\u00e3o pessoal<\/strong><\/h4>\n\n<p>Podemos pedir informa\u00e7\u00f5es pessoais, tais como as suas:<\/p>\n\n<ul class=\"wp-block-list\"><li>Nome<\/li><li>Email<\/li><li>Perfis das redes sociais<\/li><li>Data de nascimento<\/li><li>N\u00famero de telefone\/m\u00f3vel<\/li><li>Endere\u00e7o de casa\/Mailing<\/li><li>Endere\u00e7o de trabalho<\/li><li>Informa\u00e7\u00e3o sobre pagamento<\/li><\/ul>\n\n<h3 class=\"wp-block-heading\"><strong>2. Bases legais para o processamento<\/strong><\/h3>\n\n<p>Processaremos as suas informa\u00e7\u00f5es pessoais de forma legal, justa e transparente. Recolhemos e processamos informa\u00e7\u00e3o sobre si apenas onde temos bases legais para o fazer.<\/p>\n\n<p>Estas bases legais dependem dos servi\u00e7os que utiliza e da forma como os utiliza, o que significa que s\u00f3 recolhemos e utilizamos a sua informa\u00e7\u00e3o onde quer que seja:<\/p>\n\n<ul class=\"wp-block-list\"><li>\u00e9 necess\u00e1rio para a execu\u00e7\u00e3o de um contrato em que seja parte ou para tomar medidas a seu pedido antes de celebrar tal contrato (por exemplo, quando prestamos um servi\u00e7o que o cliente nos solicita);<\/li><li>satisfaz um interesse leg\u00edtimo (que n\u00e3o \u00e9 anulado pelos seus interesses de protec\u00e7\u00e3o de dados), tal como para a investiga\u00e7\u00e3o e desenvolvimento, para comercializar e promover os nossos servi\u00e7os, e para proteger os nossos direitos e interesses legais;<\/li><li>nos autoriza a faz\u00ea-lo para um fim espec\u00edfico (por exemplo, pode consentir que lhe enviemos o nosso boletim informativo); ou<\/li><li>precisamos de processar os seus dados para cumprir com uma obriga\u00e7\u00e3o legal.<\/li><\/ul>\n\n<p>Quando consente a nossa utiliza\u00e7\u00e3o de informa\u00e7\u00f5es sobre si para um fim espec\u00edfico, tem o direito de mudar de opini\u00e3o em qualquer altura (mas isto n\u00e3o afectar\u00e1 qualquer processamento que j\u00e1 tenha tido lugar).<\/p>\n\n<p>N\u00e3o guardamos informa\u00e7\u00f5es pessoais por mais tempo do que o necess\u00e1rio. Embora conservemos estas informa\u00e7\u00f5es, proteg\u00ea-las-emos dentro de meios comercialmente aceit\u00e1veis para prevenir a perda e roubo, bem como o acesso n\u00e3o autorizado, divulga\u00e7\u00e3o, c\u00f3pia, utiliza\u00e7\u00e3o ou modifica\u00e7\u00e3o. Dito isto, aconselhamos que nenhum m\u00e9todo de transmiss\u00e3o ou armazenamento electr\u00f3nico \u00e9 100% seguro e n\u00e3o pode garantir a seguran\u00e7a absoluta dos dados. Se necess\u00e1rio, podemos reter as suas informa\u00e7\u00f5es pessoais para cumprimento de uma obriga\u00e7\u00e3o legal ou para proteger os seus interesses vitais ou os interesses vitais de outra pessoa singular.<\/p>\n\n<h3 class=\"wp-block-heading\"><strong>3. Recolha e utiliza\u00e7\u00e3o da informa\u00e7\u00e3o<\/strong><\/h3>\n\n<p>Podemos recolher, manter, utilizar e divulgar informa\u00e7\u00f5es para os seguintes fins e as informa\u00e7\u00f5es pessoais n\u00e3o ser\u00e3o posteriormente processadas de forma incompat\u00edvel com estes fins:<\/p>\n\n<ul class=\"wp-block-list\"><li>para lhe permitir personalizar ou personalizar a sua experi\u00eancia do nosso s\u00edtio web;<\/li><li>para lhe permitir o acesso e utiliza\u00e7\u00e3o do nosso s\u00edtio web, aplica\u00e7\u00f5es associadas e plataformas de comunica\u00e7\u00e3o social associadas;<\/li><li>para contactar e comunicar consigo;<\/li><li>para fins administrativos e de manuten\u00e7\u00e3o de registos internos;<\/li><li>para an\u00e1lise, pesquisa de mercado e desenvolvimento de neg\u00f3cios, incluindo para operar e melhorar o nosso s\u00edtio web, aplica\u00e7\u00f5es associadas e plataformas de redes sociais associadas;<\/li><li>para realizar concursos e\/ou oferecer-lhe benef\u00edcios adicionais;<\/li><li>para publicidade e marketing, incluindo para lhe enviar informa\u00e7\u00f5es promocionais sobre os nossos produtos e servi\u00e7os e informa\u00e7\u00f5es sobre terceiros que consideramos que possam ser de interesse para si;<\/li><li>para cumprir as nossas obriga\u00e7\u00f5es legais e resolver quaisquer disputas que possamos ter; e<\/li><li>para considerar o seu pedido de emprego.<\/li><\/ul>\n\n<h3 class=\"wp-block-heading\"><strong>4. Divulga\u00e7\u00e3o de informa\u00e7\u00f5es pessoais a terceiros<\/strong><\/h3>\n\n<p>Podemos divulgar informa\u00e7\u00f5es pessoais a:<\/p>\n\n<ul class=\"wp-block-list\"><li>fornecedores de servi\u00e7os de terceiros com o objectivo de lhes permitir fornecer os seus servi\u00e7os, incluindo (sem limita\u00e7\u00e3o) fornecedores de servi\u00e7os de TI, armazenamento de dados, fornecedores de alojamento e servidores, redes de an\u00fancios, an\u00e1lises, registadores de erros, cobradores de d\u00edvidas, fornecedores de manuten\u00e7\u00e3o ou resolu\u00e7\u00e3o de problemas, fornecedores de marketing ou publicidade, consultores profissionais e operadores de sistemas de pagamento;<\/li><li>os nossos empregados, empreiteiros e\/ou entidades relacionadas;<\/li><li>patrocinadores ou promotores de qualquer competi\u00e7\u00e3o que realizemos;<\/li><li>ag\u00eancias de informa\u00e7\u00e3o de cr\u00e9dito, tribunais, tribunais e autoridades reguladoras, no caso de o cliente n\u00e3o pagar os bens ou servi\u00e7os que lhe fornecemos;<\/li><li>tribunais, tribunais, autoridades reguladoras e agentes da lei, como exigido por lei, em rela\u00e7\u00e3o a quaisquer procedimentos legais actuais ou futuros, ou para estabelecer, exercer ou defender os nossos direitos legais;<\/li><li>terceiros, incluindo agentes ou subempreiteiros, que nos assistem no fornecimento de informa\u00e7\u00f5es, produtos, servi\u00e7os ou marketing directo a si; e<\/li><li>terceiros para recolher e processar dados.<\/li><\/ul>\n\n<h3 class=\"wp-block-heading\"><strong>5. Transfer\u00eancias internacionais de informa\u00e7\u00f5es pessoais<\/strong><\/h3>\n\n<p>As informa\u00e7\u00f5es pessoais que recolhemos s\u00e3o armazenadas e processadas no Reino Unido e nos Estados Unidos, ou onde n\u00f3s ou os nossos parceiros, afiliados e fornecedores terceiros mantemos instala\u00e7\u00f5es. Ao fornecer-nos as suas informa\u00e7\u00f5es pessoais, consente a divulga\u00e7\u00e3o a estes terceiros no estrangeiro.<\/p>\n\n<p>Asseguraremos que qualquer transfer\u00eancia de informa\u00e7\u00f5es pessoais de pa\u00edses do Espa\u00e7o Econ\u00f3mico Europeu (EEE) para pa\u00edses fora do EEE ser\u00e1 protegida por salvaguardas apropriadas, por exemplo, utilizando cl\u00e1usulas padr\u00e3o de protec\u00e7\u00e3o de dados aprovadas pela Comiss\u00e3o Europeia, ou a utiliza\u00e7\u00e3o de regras empresariais vinculativas ou outros meios legalmente aceites.<\/p>\n\n<p>Quando transferimos informa\u00e7\u00f5es pessoais de um pa\u00eds n\u00e3o pertencente ao EEE para outro pa\u00eds, o utilizador reconhece que terceiros noutras jurisdi\u00e7\u00f5es podem n\u00e3o estar sujeitos a leis de protec\u00e7\u00e3o de dados semelhantes \u00e0s da nossa jurisdi\u00e7\u00e3o. H\u00e1 riscos se um terceiro se envolver em qualquer acto ou pr\u00e1tica que viole as leis de privacidade de dados na nossa jurisdi\u00e7\u00e3o e isto pode significar que n\u00e3o poder\u00e1 procurar repara\u00e7\u00e3o ao abrigo das leis de privacidade da nossa jurisdi\u00e7\u00e3o.<\/p>\n\n<h3 class=\"wp-block-heading\"><strong>6. Os seus direitos e controlo das suas informa\u00e7\u00f5es pessoais<\/strong><\/h3>\n\n<p><strong>Escolha e consentimento:<\/strong> Ao fornecer-nos informa\u00e7\u00f5es pessoais, consente que recolhemos, conservamos, utilizamos e divulgamos as suas informa\u00e7\u00f5es pessoais em conformidade com esta pol\u00edtica de privacidade. Se tiver menos de 16 anos de idade, deve ter, e garantir na medida em que a lei nos permita, que tem a permiss\u00e3o dos seus pais ou tutores para aceder e utilizar o website e eles (os seus pais ou tutores) consentiram que nos fornecesse as suas informa\u00e7\u00f5es pessoais. N\u00e3o tem de nos fornecer informa\u00e7\u00f5es pessoais, contudo, se n\u00e3o o fizer, poder\u00e1 afectar a sua utiliza\u00e7\u00e3o deste website ou dos produtos e\/ou servi\u00e7os oferecidos no mesmo ou atrav\u00e9s dele.<\/p>\n\n<p><strong>Informa\u00e7\u00e3o de terceiros:<\/strong> Se recebermos informa\u00e7\u00f5es pessoais sobre si de terceiros, proteg\u00ea-las-emos tal como estabelecido nesta pol\u00edtica de privacidade. Se for um terceiro a fornecer informa\u00e7\u00f5es pessoais sobre outra pessoa, representa e garante que tem o consentimento dessa pessoa para nos fornecer as informa\u00e7\u00f5es pessoais.<\/p>\n\n<p><strong>Restringir:<\/strong> Pode optar por restringir a recolha ou a utiliza\u00e7\u00e3o das suas informa\u00e7\u00f5es pessoais. Se nos tiver previamente acordado a utiliza\u00e7\u00e3o das suas informa\u00e7\u00f5es pessoais para fins de marketing directo, poder\u00e1 mudar de ideias em qualquer altura, contactando-nos utilizando os dados abaixo indicados. Se nos pedir para restringir ou limitar a forma como processamos as suas informa\u00e7\u00f5es pessoais, inform\u00e1-lo-emos de como a restri\u00e7\u00e3o afecta a sua utiliza\u00e7\u00e3o do nosso website ou produtos e servi\u00e7os.<\/p>\n\n<p><strong>Acesso e portabilidade de dados:<\/strong> Pode solicitar detalhes das informa\u00e7\u00f5es pessoais que temos na nossa posse sobre si. Pode solicitar uma c\u00f3pia das informa\u00e7\u00f5es pessoais que possu\u00edmos sobre si. Sempre que poss\u00edvel, forneceremos esta informa\u00e7\u00e3o em formato CSV ou outro formato de m\u00e1quina facilmente leg\u00edvel. Pode solicitar que apaguemos as informa\u00e7\u00f5es pessoais que temos sobre si em qualquer altura. Pode tamb\u00e9m solicitar que transfira esta informa\u00e7\u00e3o pessoal para outro terceiro.<\/p>\n\n<p><strong>Correc\u00e7\u00e3o:<\/strong> Se acredita que qualquer informa\u00e7\u00e3o que temos sobre si \u00e9 imprecisa, desactualizada, incompleta, irrelevante ou enganosa, contacte-nos utilizando os detalhes abaixo. Tomaremos medidas razo\u00e1veis para corrigir qualquer informa\u00e7\u00e3o considerada imprecisa, incompleta, enganosa ou desactualizada.<\/p>\n\n<p><strong>Notifica\u00e7\u00e3o de viola\u00e7\u00f5es de dados:<\/strong> Cumpriremos as leis que nos s\u00e3o aplic\u00e1veis em rela\u00e7\u00e3o a qualquer viola\u00e7\u00e3o de dados.<\/p>\n\n<p><strong>Reclama\u00e7\u00f5es:<\/strong> Se considerar que infringimos uma lei de protec\u00e7\u00e3o de dados relevante e desejar apresentar uma queixa, queira contactar-nos utilizando os detalhes abaixo e fornecer-nos todos os detalhes da alegada infrac\u00e7\u00e3o. Investigaremos prontamente a sua queixa e responder-lhe-emos, por escrito, expondo o resultado da nossa investiga\u00e7\u00e3o e as medidas que tomaremos para tratar da sua queixa. Tem tamb\u00e9m o direito de contactar um organismo regulador ou uma autoridade de protec\u00e7\u00e3o de dados em rela\u00e7\u00e3o \u00e0 sua queixa.<\/p>\n\n<p><strong>Anular a subscri\u00e7\u00e3o:<\/strong> Para cancelar a subscri\u00e7\u00e3o da nossa base de dados de correio electr\u00f3nico ou opt-out de comunica\u00e7\u00f5es (incluindo comunica\u00e7\u00f5es de marketing), por favor contacte-nos utilizando os detalhes abaixo ou opt-out utilizando as facilidades de opt-out fornecidas na comunica\u00e7\u00e3o.<\/p>\n\n<h3 class=\"wp-block-heading\"><strong>7. Biscoitos<\/strong><\/h3>\n\n<p>Utilizamos &#8220;cookies&#8221; para recolher informa\u00e7\u00f5es sobre si e a sua actividade no nosso s\u00edtio. Um cookie \u00e9 um pequeno peda\u00e7o de dados que o nosso website armazena no seu computador, e acede sempre que o visita, para que possamos compreender como utiliza o nosso website. Isto ajuda-nos a servir-lhe o conte\u00fado com base nas prefer\u00eancias que especificou. Para mais informa\u00e7\u00f5es, consulte a nossa Pol\u00edtica de Bolachas.<\/p>\n\n<h3 class=\"wp-block-heading\"><strong>8. Transfer\u00eancias de empresas<\/strong><\/h3>\n\n<p>Se n\u00f3s ou os nossos bens forem adquiridos, ou no caso improv\u00e1vel de sairmos do neg\u00f3cio ou entrarmos em fal\u00eancia, incluir\u00edamos dados entre os bens transferidos para quaisquer partes que nos adquiram. O utilizador reconhece que tais transfer\u00eancias podem ocorrer, e que quaisquer partes que nos adquiram podem continuar a utilizar as suas informa\u00e7\u00f5es pessoais de acordo com esta pol\u00edtica.<\/p>\n\n<h3 class=\"wp-block-heading\"><strong>9. Limites da nossa pol\u00edtica<\/strong><\/h3>\n\n<p>O nosso s\u00edtio Web pode estabelecer um link para s\u00edtios externos que n\u00e3o s\u00e3o operados por n\u00f3s. \u00c9 favor estar ciente de que n\u00e3o temos qualquer controlo sobre o conte\u00fado e pol\u00edticas desses s\u00edtios, e n\u00e3o podemos aceitar responsabilidade ou responsabiliza\u00e7\u00e3o pelas suas respectivas pr\u00e1ticas de privacidade.<\/p>\n\n<h3 class=\"wp-block-heading\"><strong>10. Altera\u00e7\u00f5es a esta pol\u00edtica<\/strong><\/h3>\n\n<p>A nosso crit\u00e9rio, podemos alterar a nossa pol\u00edtica de privacidade para reflectir as actuais pr\u00e1ticas aceit\u00e1veis. Tomaremos medidas razo\u00e1veis para informar os utilizadores sobre as altera\u00e7\u00f5es atrav\u00e9s do nosso website. O uso continuado deste site ap\u00f3s quaisquer altera\u00e7\u00f5es a esta pol\u00edtica ser\u00e1 considerado como aceita\u00e7\u00e3o das nossas pr\u00e1ticas em mat\u00e9ria de privacidade e informa\u00e7\u00e3o pessoal.<\/p>\n\n<p>Se fizermos uma altera\u00e7\u00e3o significativa a esta pol\u00edtica de privacidade, por exemplo, alterando uma base legal sobre a qual processamos as suas informa\u00e7\u00f5es pessoais, pediremos o seu consentimento para a altera\u00e7\u00e3o da pol\u00edtica de privacidade.<\/p>\n\n<p><strong>Controlador de dados do Crypto Media Group<\/strong><\/p>\n\n<p>info [at] cryptocurrencycodes[dot]com<\/p>\n\n<p>Esta pol\u00edtica \u00e9 eficaz a partir de 12 de Mar\u00e7o de 2021.<\/p>\n","protected":false},"excerpt":{"rendered":"<p>A sua privacidade \u00e9 importante para n\u00f3s. \u00c9 pol\u00edtica do Crypto Media Group respeitar a sua privacidade relativamente a qualquer informa\u00e7\u00e3o que possamos recolher de si atrav\u00e9s do nosso website, cryptocurrencycodes.com, e de outros sites &#8230; <a title=\"Pol\u00edtica de Privacidade\" class=\"read-more\" href=\"https:\/\/cryptocurrencycodes.com\/pt-br\/politica-de-privacidade\/\" aria-label=\"More on Pol\u00edtica de Privacidade\">read more<\/a><\/p>\n","protected":false},"author":1,"featured_media":0,"parent":0,"menu_order":0,"comment_status":"closed","ping_status":"closed","template":"","meta":{"_uag_custom_page_level_css":"","footnotes":""},"class_list":{"0":"post-15168","1":"page","2":"type-page","3":"status-publish","5":"infinite-scroll-item"},"uagb_featured_image_src":{"full":false,"thumbnail":false,"medium":false,"medium_large":false,"large":false,"1536x1536":false,"2048x2048":false},"uagb_author_info":{"display_name":"CryptocurrencyCodes.com","author_link":"https:\/\/cryptocurrencycodes.com\/pt-br\/author\/blacksands\/"},"uagb_comment_info":0,"uagb_excerpt":"A sua privacidade \u00e9 importante para n\u00f3s. \u00c9 pol\u00edtica do Crypto Media Group respeitar a sua privacidade relativamente a qualquer informa\u00e7\u00e3o que possamos recolher de si atrav\u00e9s do nosso website, cryptocurrencycodes.com, e de outros sites ... read more","_links":{"self":[{"href":"https:\/\/cryptocurrencycodes.com\/pt-br\/wp-json\/wp\/v2\/pages\/15168","targetHints":{"allow":["GET"]}}],"collection":[{"href":"https:\/\/cryptocurrencycodes.com\/pt-br\/wp-json\/wp\/v2\/pages"}],"about":[{"href":"https:\/\/cryptocurrencycodes.com\/pt-br\/wp-json\/wp\/v2\/types\/page"}],"author":[{"embeddable":true,"href":"https:\/\/cryptocurrencycodes.com\/pt-br\/wp-json\/wp\/v2\/users\/1"}],"replies":[{"embeddable":true,"href":"https:\/\/cryptocurrencycodes.com\/pt-br\/wp-json\/wp\/v2\/comments?post=15168"}],"version-history":[{"count":1,"href":"https:\/\/cryptocurrencycodes.com\/pt-br\/wp-json\/wp\/v2\/pages\/15168\/revisions"}],"predecessor-version":[{"id":15172,"href":"https:\/\/cryptocurrencycodes.com\/pt-br\/wp-json\/wp\/v2\/pages\/15168\/revisions\/15172"}],"wp:attachment":[{"href":"https:\/\/cryptocurrencycodes.com\/pt-br\/wp-json\/wp\/v2\/media?parent=15168"}],"curies":[{"name":"wp","href":"https:\/\/api.w.org\/{rel}","templated":true}]}}