{"id":15047,"date":"2021-03-12T17:30:42","date_gmt":"2021-03-12T17:30:42","guid":{"rendered":"https:\/\/cryptocurrencycodes.com\/om\/"},"modified":"2022-10-24T07:02:39","modified_gmt":"2022-10-24T07:02:39","slug":"om","status":"publish","type":"page","link":"https:\/\/cryptocurrencycodes.com\/sv\/om\/","title":{"rendered":"Om"},"content":{"rendered":"\n<p>V\u00e4lkommen till <a href=\"https:\/\/cryptocurrencycodes.com\/sv\/\" class=\"rank-math-link\">Cryptocurrency Codes<\/a>!<\/p>\n\n<p>Vi hittar de b\u00e4sta bonusarna, h\u00e4nvisningarna och erbjudandena i kryptov\u00e4rlden och samlar dem alla p\u00e5 ett st\u00e4lle &#8211; vilket g\u00f6r oss till den ultimata k\u00e4llan f\u00f6r kryptoerbjudanden p\u00e5 internet.<\/p>\n\n<p>Den h\u00e4r webbplatsen grundades 2021 och \u00e4gs och drivs av Black Sands Media Limited &#8211; ett digitalt medief\u00f6retag som betj\u00e4nar en global publik.<\/p>\n\n<p>Beh\u00f6ver du komma i kontakt med oss? Bes\u00f6k <a href=\"https:\/\/cryptocurrencycodes.com\/sv\/kontakta\/\" class=\"rank-math-link\">kontaktsidan<\/a> och fyll i formul\u00e4ret.<\/p>\n","protected":false},"excerpt":{"rendered":"<p>V\u00e4lkommen till Cryptocurrency Codes! Vi hittar de b\u00e4sta bonusarna, h\u00e4nvisningarna och erbjudandena i kryptov\u00e4rlden och samlar dem alla p\u00e5 ett st\u00e4lle &#8211; vilket g\u00f6r oss till den ultimata k\u00e4llan f\u00f6r kryptoerbjudanden p\u00e5 internet. Den h\u00e4r &#8230; <a title=\"Om\" class=\"read-more\" href=\"https:\/\/cryptocurrencycodes.com\/sv\/om\/\" aria-label=\"Mer p\u00e5 Om\">read more<\/a><\/p>\n","protected":false},"author":1,"featured_media":0,"parent":0,"menu_order":0,"comment_status":"closed","ping_status":"closed","template":"","meta":{"_uag_custom_page_level_css":"","footnotes":""},"class_list":{"0":"post-15047","1":"page","2":"type-page","3":"status-publish","5":"infinite-scroll-item"},"uagb_featured_image_src":{"full":false,"thumbnail":false,"medium":false,"medium_large":false,"large":false,"1536x1536":false,"2048x2048":false},"uagb_author_info":{"display_name":"CryptocurrencyCodes.com","author_link":"https:\/\/cryptocurrencycodes.com\/sv\/author\/blacksands\/"},"uagb_comment_info":0,"uagb_excerpt":"V\u00e4lkommen till Cryptocurrency Codes! Vi hittar de b\u00e4sta bonusarna, h\u00e4nvisningarna och erbjudandena i kryptov\u00e4rlden och samlar dem alla p\u00e5 ett st\u00e4lle &#8211; vilket g\u00f6r oss till den ultimata k\u00e4llan f\u00f6r kryptoerbjudanden p\u00e5 internet. Den h\u00e4r ... read more","_links":{"self":[{"href":"https:\/\/cryptocurrencycodes.com\/sv\/wp-json\/wp\/v2\/pages\/15047","targetHints":{"allow":["GET"]}}],"collection":[{"href":"https:\/\/cryptocurrencycodes.com\/sv\/wp-json\/wp\/v2\/pages"}],"about":[{"href":"https:\/\/cryptocurrencycodes.com\/sv\/wp-json\/wp\/v2\/types\/page"}],"author":[{"embeddable":true,"href":"https:\/\/cryptocurrencycodes.com\/sv\/wp-json\/wp\/v2\/users\/1"}],"replies":[{"embeddable":true,"href":"https:\/\/cryptocurrencycodes.com\/sv\/wp-json\/wp\/v2\/comments?post=15047"}],"version-history":[{"count":3,"href":"https:\/\/cryptocurrencycodes.com\/sv\/wp-json\/wp\/v2\/pages\/15047\/revisions"}],"predecessor-version":[{"id":15081,"href":"https:\/\/cryptocurrencycodes.com\/sv\/wp-json\/wp\/v2\/pages\/15047\/revisions\/15081"}],"wp:attachment":[{"href":"https:\/\/cryptocurrencycodes.com\/sv\/wp-json\/wp\/v2\/media?parent=15047"}],"curies":[{"name":"wp","href":"https:\/\/api.w.org\/{rel}","templated":true}]}}