{"id":15178,"date":"2021-03-12T20:22:13","date_gmt":"2021-03-12T20:22:13","guid":{"rendered":"https:\/\/cryptocurrencycodes.com\/integritetspolicy\/"},"modified":"2022-10-24T07:03:12","modified_gmt":"2022-10-24T07:03:12","slug":"integritetspolicy","status":"publish","type":"page","link":"https:\/\/cryptocurrencycodes.com\/sv\/integritetspolicy\/","title":{"rendered":"Integritetspolicy"},"content":{"rendered":"\n<p>Din integritet \u00e4r viktig f\u00f6r oss. Det \u00e4r Crypto Media Groups policy att respektera din integritet n\u00e4r det g\u00e4ller all information som vi kan samla in fr\u00e5n dig p\u00e5 v\u00e5r webbplats, cryptocurrencycodes.com, och andra webbplatser som vi \u00e4ger och driver.<\/p>\n\n<h3 class=\"wp-block-heading\"><strong>1. Information som vi samlar in<\/strong><\/h3>\n\n<h4 class=\"wp-block-heading\"><strong>Logguppgifter<\/strong><\/h4>\n\n<p>N\u00e4r du bes\u00f6ker v\u00e5r webbplats kan v\u00e5ra servrar automatiskt logga standarddata som tillhandah\u00e5lls av din webbl\u00e4sare. Den kan omfatta din dators IP-adress (Internet Protocol), din webbl\u00e4sartyp och version, de sidor du bes\u00f6ker, tid och datum f\u00f6r ditt bes\u00f6k, den tid som spenderas p\u00e5 varje sida och andra uppgifter.<\/p>\n\n<h4 class=\"wp-block-heading\"><strong>Enhetsdata<\/strong><\/h4>\n\n<p>Vi kan ocks\u00e5 samla in uppgifter om den enhet du anv\u00e4nder f\u00f6r att komma \u00e5t v\u00e5r webbplats. Dessa uppgifter kan omfatta enhetstyp, operativsystem, unika enhetsidentifierare, enhetsinst\u00e4llningar och geolokaliseringsuppgifter. Vad vi samlar in kan bero p\u00e5 de individuella inst\u00e4llningarna f\u00f6r din enhet och programvara. Vi rekommenderar att du kontrollerar policyn f\u00f6r din enhetstillverkare eller programvaruleverant\u00f6r f\u00f6r att ta reda p\u00e5 vilken information de g\u00f6r tillg\u00e4nglig f\u00f6r oss.<\/p>\n\n<h4 class=\"wp-block-heading\"><strong>Personlig information<\/strong><\/h4>\n\n<p>Vi kan be om personlig information, som t.ex. din:<\/p>\n\n<ul class=\"wp-block-list\"><li>Namn<\/li><li>E-post<\/li><li>Profiler i sociala medier<\/li><li>F\u00f6delsedatum<\/li><li>Telefon\/mobilnummer<\/li><li>Hem-\/postadress<\/li><li>Arbetsadress<\/li><li>Betalningsinformation<\/li><\/ul>\n\n<h3 class=\"wp-block-heading\"><strong>2. R\u00e4ttslig grund f\u00f6r behandling<\/strong><\/h3>\n\n<p>Vi kommer att behandla dina personuppgifter p\u00e5 ett lagligt, r\u00e4ttvist och \u00f6ppet s\u00e4tt. Vi samlar in och behandlar information om dig endast n\u00e4r vi har r\u00e4ttsliga grunder f\u00f6r att g\u00f6ra det.<\/p>\n\n<p>Dessa r\u00e4ttsliga grunder beror p\u00e5 vilka tj\u00e4nster du anv\u00e4nder och hur du anv\u00e4nder dem, vilket inneb\u00e4r att vi samlar in och anv\u00e4nder din information endast n\u00e4r:<\/p>\n\n<ul class=\"wp-block-list\"><li>Det \u00e4r n\u00f6dv\u00e4ndigt f\u00f6r att fullg\u00f6ra ett avtal som du \u00e4r part i eller f\u00f6r att vidta \u00e5tg\u00e4rder p\u00e5 din beg\u00e4ran innan vi ing\u00e5r ett s\u00e5dant avtal (t.ex. n\u00e4r vi tillhandah\u00e5ller en tj\u00e4nst som du beg\u00e4r av oss);<\/li><li>det uppfyller ett legitimt intresse (som inte \u00e5sidos\u00e4tts av dina intressen i fr\u00e5ga om dataskydd), t.ex. f\u00f6r forskning och utveckling, f\u00f6r att marknadsf\u00f6ra och fr\u00e4mja v\u00e5ra tj\u00e4nster och f\u00f6r att skydda v\u00e5ra lagliga r\u00e4ttigheter och intressen;<\/li><li>du ger oss ditt samtycke till att g\u00f6ra det i ett specifikt syfte (du kan till exempel ge ditt samtycke till att vi skickar v\u00e5rt nyhetsbrev till dig), eller<\/li><li>Vi m\u00e5ste behandla dina uppgifter f\u00f6r att uppfylla en r\u00e4ttslig skyldighet.<\/li><\/ul>\n\n<p>Om du samtycker till att vi anv\u00e4nder information om dig f\u00f6r ett specifikt \u00e4ndam\u00e5l har du r\u00e4tt att \u00e4ndra dig n\u00e4r som helst (men detta p\u00e5verkar inte behandling som redan har \u00e4gt rum).<\/p>\n\n<p>Vi sparar inte personlig information l\u00e4ngre \u00e4n n\u00f6dv\u00e4ndigt. Medan vi beh\u00e5ller denna information kommer vi att skydda den p\u00e5 kommersiellt godtagbara s\u00e4tt f\u00f6r att f\u00f6rhindra f\u00f6rlust och st\u00f6ld samt obeh\u00f6rig \u00e5tkomst, avsl\u00f6jande, kopiering, anv\u00e4ndning eller \u00e4ndring. Vi vill dock p\u00e5peka att ingen metod f\u00f6r elektronisk \u00f6verf\u00f6ring eller lagring \u00e4r 100 % s\u00e4ker och vi kan inte garantera absolut datas\u00e4kerhet. Vid behov kan vi beh\u00e5lla dina personuppgifter f\u00f6r att uppfylla en r\u00e4ttslig f\u00f6rpliktelse eller f\u00f6r att skydda dina vitala intressen eller en annan fysisk persons vitala intressen.<\/p>\n\n<h3 class=\"wp-block-heading\"><strong>3. Insamling och anv\u00e4ndning av information<\/strong><\/h3>\n\n<p>Vi kan samla in, beh\u00e5lla, anv\u00e4nda och avsl\u00f6ja information f\u00f6r f\u00f6ljande syften och personlig information kommer inte att behandlas vidare p\u00e5 ett s\u00e4tt som \u00e4r of\u00f6renligt med dessa syften:<\/p>\n\n<ul class=\"wp-block-list\"><li>f\u00f6r att du ska kunna anpassa eller personifiera din upplevelse av v\u00e5r webbplats;<\/li><li>f\u00f6r att du ska kunna f\u00e5 tillg\u00e5ng till och anv\u00e4nda v\u00e5r webbplats, tillh\u00f6rande applikationer och tillh\u00f6rande plattformar f\u00f6r sociala medier;<\/li><li>f\u00f6r att kontakta och kommunicera med dig;<\/li><li>f\u00f6r interna register och administrativa \u00e4ndam\u00e5l;<\/li><li>f\u00f6r analys, marknadsunders\u00f6kningar och aff\u00e4rsutveckling, bland annat f\u00f6r att driva och f\u00f6rb\u00e4ttra v\u00e5r webbplats, tillh\u00f6rande applikationer och tillh\u00f6rande plattformar f\u00f6r sociala medier;<\/li><li>f\u00f6r att genomf\u00f6ra t\u00e4vlingar och\/eller erbjuda dig ytterligare f\u00f6rm\u00e5ner;<\/li><li>F\u00f6r reklam och marknadsf\u00f6ring, inklusive f\u00f6r att skicka dig reklaminformation om v\u00e5ra produkter och tj\u00e4nster och information om tredje part som vi anser kan vara av intresse f\u00f6r dig;<\/li><li>f\u00f6r att uppfylla v\u00e5ra r\u00e4ttsliga skyldigheter och l\u00f6sa eventuella tvister som vi kan ha, och<\/li><li>att beakta din ans\u00f6kan om anst\u00e4llning.<\/li><\/ul>\n\n<h3 class=\"wp-block-heading\"><strong>4. Utl\u00e4mnande av personuppgifter till tredje part<\/strong><\/h3>\n\n<p>Vi kan l\u00e4mna ut personlig information till:<\/p>\n\n<ul class=\"wp-block-list\"><li>Tredjepartstj\u00e4nsteleverant\u00f6rer i syfte att g\u00f6ra det m\u00f6jligt f\u00f6r dem att tillhandah\u00e5lla sina tj\u00e4nster, inklusive (utan begr\u00e4nsning) leverant\u00f6rer av IT-tj\u00e4nster, datalagring, hosting- och serverleverant\u00f6rer, annonsn\u00e4tverk, analytiker, felloggare, inkassobolag, underh\u00e5lls- eller probleml\u00f6sningsleverant\u00f6rer, marknadsf\u00f6rings- eller annonseringsleverant\u00f6rer, professionella r\u00e5dgivare och operat\u00f6rer av betalningssystem;<\/li><li>v\u00e5ra anst\u00e4llda, entrepren\u00f6rer och\/eller n\u00e4rst\u00e5ende enheter;<\/li><li>sponsorer eller arrang\u00f6rer av t\u00e4vlingar som vi anordnar;<\/li><li>kreditupplysningsf\u00f6retag, domstolar, tribunaler och tillsynsmyndigheter, om du inte betalar f\u00f6r varor eller tj\u00e4nster som vi har tillhandah\u00e5llit dig;<\/li><li>domstolar, tribunaler, tillsynsmyndigheter och brottsbek\u00e4mpande tj\u00e4nstem\u00e4n, enligt lagens krav, i samband med aktuella eller potentiella r\u00e4ttsliga f\u00f6rfaranden eller f\u00f6r att fastst\u00e4lla, ut\u00f6va eller f\u00f6rsvara v\u00e5ra r\u00e4ttsliga r\u00e4ttigheter;<\/li><li>Tredje part, inklusive agenter och underleverant\u00f6rer, som hj\u00e4lper oss att tillhandah\u00e5lla information, produkter, tj\u00e4nster eller direktmarknadsf\u00f6ring till dig.<\/li><li>tredje parter f\u00f6r att samla in och behandla uppgifter.<\/li><\/ul>\n\n<h3 class=\"wp-block-heading\"><strong>5. Internationella \u00f6verf\u00f6ringar av personuppgifter<\/strong><\/h3>\n\n<p>Den personliga information vi samlar in lagras och behandlas i Storbritannien och USA, eller d\u00e4r vi eller v\u00e5ra partners, dotterbolag och tredjepartsleverant\u00f6rer har anl\u00e4ggningar. Genom att f\u00f6rse oss med dina personuppgifter samtycker du till att de l\u00e4mnas ut till dessa utl\u00e4ndska tredje parter.<\/p>\n\n<p>Vi kommer att se till att all \u00f6verf\u00f6ring av personuppgifter fr\u00e5n l\u00e4nder inom Europeiska ekonomiska samarbetsomr\u00e5det (EES) till l\u00e4nder utanf\u00f6r EES skyddas av l\u00e4mpliga skydds\u00e5tg\u00e4rder, t.ex. genom att anv\u00e4nda standardklausuler f\u00f6r dataskydd som godk\u00e4nts av Europeiska kommissionen, eller genom att anv\u00e4nda bindande f\u00f6retagsregler eller andra juridiskt accepterade metoder.<\/p>\n\n<p>N\u00e4r vi \u00f6verf\u00f6r personuppgifter fr\u00e5n ett land utanf\u00f6r EES till ett annat land, godk\u00e4nner du att tredje parter i andra jurisdiktioner kanske inte omfattas av liknande dataskyddslagar som de i v\u00e5r jurisdiktion. Det finns risker om en s\u00e5dan tredje part utf\u00f6r n\u00e5gon handling eller praktik som strider mot dataskyddslagarna i v\u00e5r jurisdiktion, vilket kan inneb\u00e4ra att du inte kan s\u00f6ka uppr\u00e4ttelse enligt v\u00e5r jurisdiktions sekretesslagar.<\/p>\n\n<h3 class=\"wp-block-heading\"><strong>6. Dina r\u00e4ttigheter och kontroll av dina personuppgifter<\/strong><\/h3>\n\n<p><strong>Val och samtycke:<\/strong> Genom att l\u00e4mna personuppgifter till oss samtycker du till att vi samlar in, beh\u00e5ller, anv\u00e4nder och avsl\u00f6jar dina personuppgifter i enlighet med denna sekretesspolicy. Om du \u00e4r under 16 \u00e5r m\u00e5ste du ha, och garantera oss i den utstr\u00e4ckning som lagen till\u00e5ter, att du har dina f\u00f6r\u00e4ldrars eller v\u00e5rdnadshavares tillst\u00e5nd att komma \u00e5t och anv\u00e4nda webbplatsen och att de (dina f\u00f6r\u00e4ldrar eller v\u00e5rdnadshavare) har samtyckt till att du l\u00e4mnar dina personuppgifter till oss. Du beh\u00f6ver inte l\u00e4mna personlig information till oss, men om du inte g\u00f6r det kan det p\u00e5verka din anv\u00e4ndning av denna webbplats eller de produkter och\/eller tj\u00e4nster som erbjuds p\u00e5 eller via den.<\/p>\n\n<p><strong>Information fr\u00e5n tredje part:<\/strong> Om vi f\u00e5r personlig information om dig fr\u00e5n en tredje part kommer vi att skydda den p\u00e5 det s\u00e4tt som anges i denna sekretesspolicy. Om du \u00e4r en tredje part som tillhandah\u00e5ller personuppgifter om n\u00e5gon annan, f\u00f6rs\u00e4krar och garanterar du att du har den personens samtycke till att tillhandah\u00e5lla personuppgifterna till oss.<\/p>\n\n<p><strong>Begr\u00e4nsa:<\/strong> Du kan v\u00e4lja att begr\u00e4nsa insamlingen eller anv\u00e4ndningen av dina personuppgifter. Om du tidigare har samtyckt till att vi anv\u00e4nder dina personuppgifter f\u00f6r direktmarknadsf\u00f6ring kan du \u00e4ndra dig n\u00e4r som helst genom att kontakta oss p\u00e5 nedanst\u00e5ende adress. Om du ber oss att begr\u00e4nsa eller begr\u00e4nsa hur vi behandlar dina personuppgifter kommer vi att informera dig om hur begr\u00e4nsningen p\u00e5verkar din anv\u00e4ndning av v\u00e5r webbplats eller v\u00e5ra produkter och tj\u00e4nster.<\/p>\n\n<p><strong>Tillg\u00e5ng och dataportabilitet:<\/strong> Du kan beg\u00e4ra information om de personuppgifter som vi har om dig. Du kan beg\u00e4ra en kopia av de personuppgifter som vi har om dig. Om m\u00f6jligt kommer vi att tillhandah\u00e5lla denna information i CSV-format eller annat l\u00e4ttl\u00e4st maskinformat. Du kan n\u00e4r som helst beg\u00e4ra att vi raderar de personuppgifter som vi har om dig. Du kan ocks\u00e5 beg\u00e4ra att vi \u00f6verf\u00f6r dessa personuppgifter till en annan tredje part.<\/p>\n\n<p><strong>R\u00e4ttelse:<\/strong> Om du anser att n\u00e5gon information som vi har om dig \u00e4r felaktig, inaktuell, ofullst\u00e4ndig, irrelevant eller vilseledande, v\u00e4nligen kontakta oss p\u00e5 nedanst\u00e5ende s\u00e4tt. Vi kommer att vidta rimliga \u00e5tg\u00e4rder f\u00f6r att korrigera information som \u00e4r felaktig, ofullst\u00e4ndig, vilseledande eller inaktuell.<\/p>\n\n<p><strong>Anm\u00e4lan av dataintr\u00e5ng:<\/strong> Vi kommer att f\u00f6lja de lagar som \u00e4r till\u00e4mpliga p\u00e5 oss n\u00e4r det g\u00e4ller eventuella dataintr\u00e5ng.<\/p>\n\n<p><strong>Klagom\u00e5l:<\/strong> Om du anser att vi har brutit mot en relevant lag om dataskydd och vill l\u00e4mna in ett klagom\u00e5l, v\u00e4nligen kontakta oss via nedanst\u00e5ende kontaktuppgifter och ge oss fullst\u00e4ndiga uppgifter om den p\u00e5st\u00e5dda \u00f6vertr\u00e4delsen. Vi kommer omedelbart att utreda ditt klagom\u00e5l och svara dig skriftligen med resultatet av v\u00e5r utredning och de \u00e5tg\u00e4rder vi kommer att vidta f\u00f6r att hantera ditt klagom\u00e5l. Du har ocks\u00e5 r\u00e4tt att kontakta ett tillsynsorgan eller en dataskyddsmyndighet i samband med ditt klagom\u00e5l.<\/p>\n\n<p><strong>Avsluta prenumeration:<\/strong> Om du vill avregistrera dig fr\u00e5n v\u00e5r e-postdatabas eller avst\u00e5 fr\u00e5n kommunikation (inklusive marknadsf\u00f6ringskommunikation), v\u00e4nligen kontakta oss med hj\u00e4lp av uppgifterna nedan eller avst\u00e5 med hj\u00e4lp av de m\u00f6jligheter till avst\u00e4ngning som finns i meddelandet.<\/p>\n\n<h3 class=\"wp-block-heading\"><strong>7. Cookies<\/strong><\/h3>\n\n<p>Vi anv\u00e4nder &#8221;cookies&#8221; f\u00f6r att samla in information om dig och din aktivitet p\u00e5 v\u00e5r webbplats. En cookie \u00e4r en liten bit data som v\u00e5r webbplats lagrar p\u00e5 din dator och som vi f\u00e5r tillg\u00e5ng till varje g\u00e5ng du bes\u00f6ker den, s\u00e5 att vi kan f\u00f6rst\u00e5 hur du anv\u00e4nder v\u00e5r webbplats. Detta hj\u00e4lper oss att visa dig inneh\u00e5ll baserat p\u00e5 de preferenser du har angett. Se v\u00e5r Cookiepolicy f\u00f6r mer information.<\/p>\n\n<h3 class=\"wp-block-heading\"><strong>8. \u00d6verf\u00f6ringar av f\u00f6retag<\/strong><\/h3>\n\n<p>Om vi eller v\u00e5ra tillg\u00e5ngar f\u00f6rv\u00e4rvas, eller i den osannolika h\u00e4ndelsen att vi g\u00e5r i konkurs eller g\u00e5r i konkurs, skulle vi inkludera uppgifter bland de tillg\u00e5ngar som \u00f6verf\u00f6rs till de parter som f\u00f6rv\u00e4rvar oss. Du bekr\u00e4ftar att s\u00e5dana \u00f6verf\u00f6ringar kan ske och att de parter som f\u00f6rv\u00e4rvar oss kan forts\u00e4tta att anv\u00e4nda din personliga information i enlighet med denna policy.<\/p>\n\n<h3 class=\"wp-block-heading\"><strong>9. Gr\u00e4nserna f\u00f6r v\u00e5r politik<\/strong><\/h3>\n\n<p>V\u00e5r webbplats kan l\u00e4nka till externa webbplatser som inte drivs av oss. Observera att vi inte har n\u00e5gon kontroll \u00f6ver inneh\u00e5llet och policyn p\u00e5 dessa webbplatser och att vi inte kan ta ansvar f\u00f6r deras respektive sekretessrutiner.<\/p>\n\n<h3 class=\"wp-block-heading\"><strong>10. \u00c4ndringar av denna policy<\/strong><\/h3>\n\n<p>Vi kan efter eget gottfinnande \u00e4ndra v\u00e5r sekretesspolicy s\u00e5 att den \u00e5terspeglar nuvarande godtagbara praxis. Vi kommer att vidta rimliga \u00e5tg\u00e4rder f\u00f6r att informera anv\u00e4ndarna om \u00e4ndringar via v\u00e5r webbplats. Din fortsatta anv\u00e4ndning av denna webbplats efter eventuella \u00e4ndringar av denna policy kommer att betraktas som ett godk\u00e4nnande av v\u00e5r praxis n\u00e4r det g\u00e4ller sekretess och personlig information.<\/p>\n\n<p>Om vi g\u00f6r en betydande \u00e4ndring av denna sekretesspolicy, till exempel genom att \u00e4ndra den lagliga grunden f\u00f6r att behandla dina personuppgifter, kommer vi att be dig att \u00e5terigen godk\u00e4nna den \u00e4ndrade sekretesspolicyn.<\/p>\n\n<p><strong>Crypto Media Group Personuppgiftsansvarig<\/strong><\/p>\n\n<p>info [at] cryptocurrencycodes[dot]com<\/p>\n\n<p>Denna policy g\u00e4ller fr\u00e5n och med den 12 mars 2021.<\/p>\n","protected":false},"excerpt":{"rendered":"<p>Din integritet \u00e4r viktig f\u00f6r oss. Det \u00e4r Crypto Media Groups policy att respektera din integritet n\u00e4r det g\u00e4ller all information som vi kan samla in fr\u00e5n dig p\u00e5 v\u00e5r webbplats, cryptocurrencycodes.com, och andra webbplatser &#8230; <a title=\"Integritetspolicy\" class=\"read-more\" href=\"https:\/\/cryptocurrencycodes.com\/sv\/integritetspolicy\/\" aria-label=\"Mer p\u00e5 Integritetspolicy\">read more<\/a><\/p>\n","protected":false},"author":1,"featured_media":0,"parent":0,"menu_order":0,"comment_status":"closed","ping_status":"closed","template":"","meta":{"_uag_custom_page_level_css":"","footnotes":""},"class_list":{"0":"post-15178","1":"page","2":"type-page","3":"status-publish","5":"infinite-scroll-item"},"uagb_featured_image_src":{"full":false,"thumbnail":false,"medium":false,"medium_large":false,"large":false,"1536x1536":false,"2048x2048":false},"uagb_author_info":{"display_name":"CryptocurrencyCodes.com","author_link":"https:\/\/cryptocurrencycodes.com\/sv\/author\/blacksands\/"},"uagb_comment_info":0,"uagb_excerpt":"Din integritet \u00e4r viktig f\u00f6r oss. Det \u00e4r Crypto Media Groups policy att respektera din integritet n\u00e4r det g\u00e4ller all information som vi kan samla in fr\u00e5n dig p\u00e5 v\u00e5r webbplats, cryptocurrencycodes.com, och andra webbplatser ... read more","_links":{"self":[{"href":"https:\/\/cryptocurrencycodes.com\/sv\/wp-json\/wp\/v2\/pages\/15178","targetHints":{"allow":["GET"]}}],"collection":[{"href":"https:\/\/cryptocurrencycodes.com\/sv\/wp-json\/wp\/v2\/pages"}],"about":[{"href":"https:\/\/cryptocurrencycodes.com\/sv\/wp-json\/wp\/v2\/types\/page"}],"author":[{"embeddable":true,"href":"https:\/\/cryptocurrencycodes.com\/sv\/wp-json\/wp\/v2\/users\/1"}],"replies":[{"embeddable":true,"href":"https:\/\/cryptocurrencycodes.com\/sv\/wp-json\/wp\/v2\/comments?post=15178"}],"version-history":[{"count":1,"href":"https:\/\/cryptocurrencycodes.com\/sv\/wp-json\/wp\/v2\/pages\/15178\/revisions"}],"predecessor-version":[{"id":15180,"href":"https:\/\/cryptocurrencycodes.com\/sv\/wp-json\/wp\/v2\/pages\/15178\/revisions\/15180"}],"wp:attachment":[{"href":"https:\/\/cryptocurrencycodes.com\/sv\/wp-json\/wp\/v2\/media?parent=15178"}],"curies":[{"name":"wp","href":"https:\/\/api.w.org\/{rel}","templated":true}]}}