{"id":15214,"date":"2021-03-17T16:14:34","date_gmt":"2021-03-17T16:14:34","guid":{"rendered":"https:\/\/cryptocurrencycodes.com\/webbkarta\/"},"modified":"2023-01-21T12:56:43","modified_gmt":"2023-01-21T12:56:43","slug":"webbkarta","status":"publish","type":"page","link":"https:\/\/cryptocurrencycodes.com\/sv\/webbkarta\/","title":{"rendered":"Webbkarta"},"content":{"rendered":"\n<p>Vi har skapat den h\u00e4r sidan f\u00f6r att hj\u00e4lpa dig att hitta r\u00e4tt p\u00e5 <a href=\"https:\/\/cryptocurrencycodes.com\/sv\/\" class=\"rank-math-link\">CryptocurrencyCodes.com<\/a>.<\/p>\n<form role=\"search\" method=\"get\" action=\"https:\/\/cryptocurrencycodes.com\/sv\/\" class=\"wp-block-search__button-outside wp-block-search__text-button wp-block-search\"    ><label class=\"wp-block-search__label screen-reader-text\" for=\"wp-block-search__input-2\" >S\u00f6k<\/label><div class=\"wp-block-search__inside-wrapper\" ><input class=\"wp-block-search__input\" id=\"wp-block-search__input-2\" placeholder=\"S\u00f6k p\u00e5\" value=\"\" type=\"search\" name=\"s\" required \/><button aria-label=\"S\u00f6k p\u00e5\" class=\"wp-block-search__button wp-element-button\" type=\"submit\" >S\u00f6k p\u00e5<\/button><\/div><\/form>\n<h2 class=\"wp-block-heading\">Utbyten<\/h2>\n\n<ul class=\"wp-block-list\"><li><a href=\"https:\/\/cryptocurrencycodes.com\/sv\/ftx\/\" class=\"rank-math-link\">FTX<\/a><\/li><li>AAX<\/li><li><a href=\"https:\/\/cryptocurrencycodes.com\/sv\/ascendex\/\" class=\"rank-math-link\">AscendEX<\/a><\/li><li><a href=\"https:\/\/cryptocurrencycodes.com\/sv\/bityard\/\" class=\"rank-math-link\">Bityard<\/a><\/li><li>Bexplus<\/li><li><a href=\"https:\/\/cryptocurrencycodes.com\/sv\/coinbase\/\" class=\"rank-math-link\">Coinbase<\/a><\/li><li>Dsdaq<\/li><li><a href=\"https:\/\/cryptocurrencycodes.com\/sv\/bitforex\/\" class=\"rank-math-link\">BitForex<\/a><\/li><li>Bit.com<\/li><li>CoinSpot<\/li><li><a href=\"https:\/\/cryptocurrencycodes.com\/sv\/stormgain\/\" class=\"rank-math-link\">StormGain<\/a><\/li><li><a href=\"https:\/\/cryptocurrencycodes.com\/sv\/phemex\/\" class=\"rank-math-link\">Phemex<\/a><\/li><li>BitZ<\/li><li><a href=\"https:\/\/cryptocurrencycodes.com\/sv\/binance\/\" class=\"rank-math-link\">Binance<\/a><\/li><li>BKEX<\/li><li><a href=\"https:\/\/cryptocurrencycodes.com\/sv\/bitfinex\/\" class=\"rank-math-link\">Bitfinex<\/a><\/li><li><a href=\"https:\/\/cryptocurrencycodes.com\/sv\/bitmart\/\" class=\"rank-math-link\">BitMart<\/a><\/li><li><a href=\"https:\/\/cryptocurrencycodes.com\/sv\/btse\/\" class=\"rank-math-link\">BTSE<\/a><\/li><li><a href=\"https:\/\/cryptocurrencycodes.com\/sv\/crypto-com\/\" class=\"rank-math-link\">Crypto.com<\/a><\/li><li><a href=\"https:\/\/cryptocurrencycodes.com\/sv\/margex\/\" class=\"rank-math-link\">Margex<\/a><\/li><\/ul>\n\n<h2 class=\"wp-block-heading\">Butiker<\/h2>\n\n<ul class=\"wp-block-list\"><li><a href=\"https:\/\/cryptocurrencycodes.com\/sv\/bitrefill\/\" class=\"rank-math-link\">Bitrefill<\/a><\/li><\/ul>\n\n<h2 class=\"wp-block-heading\">Appar<\/h2>\n\n<ul class=\"wp-block-list\"><li><a href=\"https:\/\/cryptocurrencycodes.com\/sv\/stormx-2\/\" class=\"rank-math-link\">StormX<\/a><\/li><li>Maiar<\/li><\/ul>\n\n<h2 class=\"wp-block-heading\"><a href=\"https:\/\/cryptocurrencycodes.com\/sv\/de-basta-erbjudandena-for-bitcoin-och-kryptoplanbocker-2021\/\" class=\"rank-math-link\">Pl\u00e5nb\u00f6cker<\/a><\/h2>\n\n<h2 class=\"wp-block-heading\">Information<\/h2>\n\n<ul class=\"wp-block-list\"><li><a href=\"https:\/\/cryptocurrencycodes.com\/sv\/om\/\" class=\"rank-math-link\">Om<\/a><\/li><li><a href=\"https:\/\/cryptocurrencycodes.com\/sv\/kontakta\/\" class=\"rank-math-link\">Kontakta<\/a><\/li><li><a href=\"https:\/\/cryptocurrencycodes.com\/sv\/integritetspolicy\/\" class=\"rank-math-link\">Integritetspolicy<\/a><\/li><\/ul>\n\n<h2 class=\"wp-block-heading\">\u00d6vriga<\/h2>\n\n<ul class=\"wp-block-list\"><li><a href=\"https:\/\/cryptocurrencycodes.com\/sv\/\" class=\"rank-math-link\">De b\u00e4sta kryptoaff\u00e4rerna<\/a><\/li><\/ul>\n","protected":false},"excerpt":{"rendered":"<p>Vi har skapat den h\u00e4r sidan f\u00f6r att hj\u00e4lpa dig att hitta r\u00e4tt p\u00e5 CryptocurrencyCodes.com. Utbyten FTX AAX AscendEX Bityard Bexplus Coinbase Dsdaq BitForex Bit.com CoinSpot StormGain Phemex BitZ Binance BKEX Bitfinex BitMart BTSE Crypto.com &#8230; <a title=\"Webbkarta\" class=\"read-more\" href=\"https:\/\/cryptocurrencycodes.com\/sv\/webbkarta\/\" aria-label=\"Mer p\u00e5 Webbkarta\">read more<\/a><\/p>\n","protected":false},"author":1,"featured_media":0,"parent":0,"menu_order":0,"comment_status":"closed","ping_status":"closed","template":"","meta":{"_uag_custom_page_level_css":"","footnotes":""},"class_list":{"0":"post-15214","1":"page","2":"type-page","3":"status-publish","5":"infinite-scroll-item"},"uagb_featured_image_src":{"full":false,"thumbnail":false,"medium":false,"medium_large":false,"large":false,"1536x1536":false,"2048x2048":false},"uagb_author_info":{"display_name":"CryptocurrencyCodes.com","author_link":"https:\/\/cryptocurrencycodes.com\/sv\/author\/blacksands\/"},"uagb_comment_info":0,"uagb_excerpt":"Vi har skapat den h\u00e4r sidan f\u00f6r att hj\u00e4lpa dig att hitta r\u00e4tt p\u00e5 CryptocurrencyCodes.com. Utbyten FTX AAX AscendEX Bityard Bexplus Coinbase Dsdaq BitForex Bit.com CoinSpot StormGain Phemex BitZ Binance BKEX Bitfinex BitMart BTSE Crypto.com ... read more","_links":{"self":[{"href":"https:\/\/cryptocurrencycodes.com\/sv\/wp-json\/wp\/v2\/pages\/15214","targetHints":{"allow":["GET"]}}],"collection":[{"href":"https:\/\/cryptocurrencycodes.com\/sv\/wp-json\/wp\/v2\/pages"}],"about":[{"href":"https:\/\/cryptocurrencycodes.com\/sv\/wp-json\/wp\/v2\/types\/page"}],"author":[{"embeddable":true,"href":"https:\/\/cryptocurrencycodes.com\/sv\/wp-json\/wp\/v2\/users\/1"}],"replies":[{"embeddable":true,"href":"https:\/\/cryptocurrencycodes.com\/sv\/wp-json\/wp\/v2\/comments?post=15214"}],"version-history":[{"count":9,"href":"https:\/\/cryptocurrencycodes.com\/sv\/wp-json\/wp\/v2\/pages\/15214\/revisions"}],"predecessor-version":[{"id":23312,"href":"https:\/\/cryptocurrencycodes.com\/sv\/wp-json\/wp\/v2\/pages\/15214\/revisions\/23312"}],"wp:attachment":[{"href":"https:\/\/cryptocurrencycodes.com\/sv\/wp-json\/wp\/v2\/media?parent=15214"}],"curies":[{"name":"wp","href":"https:\/\/api.w.org\/{rel}","templated":true}]}}