{"id":15028,"date":"2021-03-12T17:30:42","date_gmt":"2021-03-12T17:30:42","guid":{"rendered":"https:\/\/cryptocurrencycodes.com\/hakkinda\/"},"modified":"2022-10-24T07:02:39","modified_gmt":"2022-10-24T07:02:39","slug":"hakkinda","status":"publish","type":"page","link":"https:\/\/cryptocurrencycodes.com\/tr\/hakkinda\/","title":{"rendered":"Hakk\u0131nda"},"content":{"rendered":"\n<p> <a href=\"https:\/\/cryptocurrencycodes.com\/tr\/\" class=\"rank-math-link\">Kripto Para Kodlar\u0131na<\/a> Ho\u015f Geldiniz!<\/p>\n\n<p>Kripto d\u00fcnyas\u0131ndaki en iyi bonuslar\u0131, y\u00f6nlendirmeleri ve f\u0131rsatlar\u0131 bulup hepsini tek bir yerde bir araya getiriyoruz &#8211; bu da bizi internetteki kripto teklifleri i\u00e7in nihai kaynak haline getiriyor.<\/p>\n\n<p>Bu site 2021 y\u0131l\u0131nda kurulmu\u015ftur ve k\u00fcresel bir kitleye hizmet veren bir dijital medya \u015firketi olan Black Sands Media Limited&#8217;e aittir ve onun taraf\u0131ndan i\u015fletilmektedir.<\/p>\n\n<p>\u0130leti\u015fime ge\u00e7meniz mi gerekiyor?  <a href=\"https:\/\/cryptocurrencycodes.com\/tr\/iletisim\/\" class=\"rank-math-link\">\u0130leti\u015fim sayfas\u0131n\u0131<\/a> ziyaret edin ve formu doldurun.<\/p>\n","protected":false},"excerpt":{"rendered":"<p>Kripto Para Kodlar\u0131na Ho\u015f Geldiniz! Kripto d\u00fcnyas\u0131ndaki en iyi bonuslar\u0131, y\u00f6nlendirmeleri ve f\u0131rsatlar\u0131 bulup hepsini tek bir yerde bir araya getiriyoruz &#8211; bu da bizi internetteki kripto teklifleri i\u00e7in nihai kaynak haline getiriyor. Bu site &#8230; <a title=\"Hakk\u0131nda\" class=\"read-more\" href=\"https:\/\/cryptocurrencycodes.com\/tr\/hakkinda\/\" aria-label=\"More on Hakk\u0131nda\">read more<\/a><\/p>\n","protected":false},"author":1,"featured_media":0,"parent":0,"menu_order":0,"comment_status":"closed","ping_status":"closed","template":"","meta":{"_uag_custom_page_level_css":"","footnotes":""},"class_list":{"0":"post-15028","1":"page","2":"type-page","3":"status-publish","5":"infinite-scroll-item"},"uagb_featured_image_src":{"full":false,"thumbnail":false,"medium":false,"medium_large":false,"large":false,"1536x1536":false,"2048x2048":false},"uagb_author_info":{"display_name":"CryptocurrencyCodes.com","author_link":"https:\/\/cryptocurrencycodes.com\/tr\/author\/blacksands\/"},"uagb_comment_info":0,"uagb_excerpt":"Kripto Para Kodlar\u0131na Ho\u015f Geldiniz! Kripto d\u00fcnyas\u0131ndaki en iyi bonuslar\u0131, y\u00f6nlendirmeleri ve f\u0131rsatlar\u0131 bulup hepsini tek bir yerde bir araya getiriyoruz &#8211; bu da bizi internetteki kripto teklifleri i\u00e7in nihai kaynak haline getiriyor. Bu site ... read more","_links":{"self":[{"href":"https:\/\/cryptocurrencycodes.com\/tr\/wp-json\/wp\/v2\/pages\/15028","targetHints":{"allow":["GET"]}}],"collection":[{"href":"https:\/\/cryptocurrencycodes.com\/tr\/wp-json\/wp\/v2\/pages"}],"about":[{"href":"https:\/\/cryptocurrencycodes.com\/tr\/wp-json\/wp\/v2\/types\/page"}],"author":[{"embeddable":true,"href":"https:\/\/cryptocurrencycodes.com\/tr\/wp-json\/wp\/v2\/users\/1"}],"replies":[{"embeddable":true,"href":"https:\/\/cryptocurrencycodes.com\/tr\/wp-json\/wp\/v2\/comments?post=15028"}],"version-history":[{"count":3,"href":"https:\/\/cryptocurrencycodes.com\/tr\/wp-json\/wp\/v2\/pages\/15028\/revisions"}],"predecessor-version":[{"id":15093,"href":"https:\/\/cryptocurrencycodes.com\/tr\/wp-json\/wp\/v2\/pages\/15028\/revisions\/15093"}],"wp:attachment":[{"href":"https:\/\/cryptocurrencycodes.com\/tr\/wp-json\/wp\/v2\/media?parent=15028"}],"curies":[{"name":"wp","href":"https:\/\/api.w.org\/{rel}","templated":true}]}}