{"id":15122,"date":"2021-03-12T17:34:38","date_gmt":"2021-03-12T17:34:38","guid":{"rendered":"https:\/\/cryptocurrencycodes.com\/iletisim\/"},"modified":"2022-10-24T07:02:43","modified_gmt":"2022-10-24T07:02:43","slug":"iletisim","status":"publish","type":"page","link":"https:\/\/cryptocurrencycodes.com\/tr\/iletisim\/","title":{"rendered":"\u0130leti\u015fim"},"content":{"rendered":"\n<p>info[at]cryptocurrencycodes.com adresine bir e-posta g\u00f6ndererek bizimle ileti\u015fime ge\u00e7in.<\/p>\n","protected":false},"excerpt":{"rendered":"<p>info[at]cryptocurrencycodes.com adresine bir e-posta g\u00f6ndererek bizimle ileti\u015fime ge\u00e7in.<\/p>\n","protected":false},"author":1,"featured_media":0,"parent":0,"menu_order":0,"comment_status":"closed","ping_status":"closed","template":"","meta":{"_uag_custom_page_level_css":"","footnotes":""},"class_list":{"0":"post-15122","1":"page","2":"type-page","3":"status-publish","5":"infinite-scroll-item"},"uagb_featured_image_src":{"full":false,"thumbnail":false,"medium":false,"medium_large":false,"large":false,"1536x1536":false,"2048x2048":false},"uagb_author_info":{"display_name":"CryptocurrencyCodes.com","author_link":"https:\/\/cryptocurrencycodes.com\/tr\/author\/blacksands\/"},"uagb_comment_info":0,"uagb_excerpt":"info[at]cryptocurrencycodes.com adresine bir e-posta g\u00f6ndererek bizimle ileti\u015fime ge\u00e7in.","_links":{"self":[{"href":"https:\/\/cryptocurrencycodes.com\/tr\/wp-json\/wp\/v2\/pages\/15122","targetHints":{"allow":["GET"]}}],"collection":[{"href":"https:\/\/cryptocurrencycodes.com\/tr\/wp-json\/wp\/v2\/pages"}],"about":[{"href":"https:\/\/cryptocurrencycodes.com\/tr\/wp-json\/wp\/v2\/types\/page"}],"author":[{"embeddable":true,"href":"https:\/\/cryptocurrencycodes.com\/tr\/wp-json\/wp\/v2\/users\/1"}],"replies":[{"embeddable":true,"href":"https:\/\/cryptocurrencycodes.com\/tr\/wp-json\/wp\/v2\/comments?post=15122"}],"version-history":[{"count":1,"href":"https:\/\/cryptocurrencycodes.com\/tr\/wp-json\/wp\/v2\/pages\/15122\/revisions"}],"predecessor-version":[{"id":15124,"href":"https:\/\/cryptocurrencycodes.com\/tr\/wp-json\/wp\/v2\/pages\/15122\/revisions\/15124"}],"wp:attachment":[{"href":"https:\/\/cryptocurrencycodes.com\/tr\/wp-json\/wp\/v2\/media?parent=15122"}],"curies":[{"name":"wp","href":"https:\/\/api.w.org\/{rel}","templated":true}]}}