{"id":15142,"date":"2021-03-12T20:22:13","date_gmt":"2021-03-12T20:22:13","guid":{"rendered":"https:\/\/cryptocurrencycodes.com\/gizlilik-politikasi\/"},"modified":"2022-10-24T07:02:46","modified_gmt":"2022-10-24T07:02:46","slug":"gizlilik-politikasi","status":"publish","type":"page","link":"https:\/\/cryptocurrencycodes.com\/tr\/gizlilik-politikasi\/","title":{"rendered":"Gizlilik Politikas\u0131"},"content":{"rendered":"\n<p>Gizlili\u011finiz bizim i\u00e7in \u00f6nemlidir. Crypto Media Group&#8217;un politikas\u0131, web sitemiz, cryptocurrencycodes.com ve sahip oldu\u011fumuz ve i\u015fletti\u011fimiz di\u011fer sitelerde sizden toplayabilece\u011fimiz her t\u00fcrl\u00fc bilgi ile ilgili gizlili\u011finize sayg\u0131 duymakt\u0131r.<\/p>\n\n<h3 class=\"wp-block-heading\"><strong>1. Toplad\u0131\u011f\u0131m\u0131z bilgiler<\/strong><\/h3>\n\n<h4 class=\"wp-block-heading\"><strong>G\u00fcnl\u00fck verileri<\/strong><\/h4>\n\n<p>Web sitemizi ziyaret etti\u011finizde, sunucular\u0131m\u0131z web taray\u0131c\u0131n\u0131z taraf\u0131ndan sa\u011flanan standart verileri otomatik olarak kaydedebilir. Bilgisayar\u0131n\u0131z\u0131n \u0130nternet Protokol\u00fc (IP) adresini, taray\u0131c\u0131n\u0131z\u0131n t\u00fcr\u00fcn\u00fc ve s\u00fcr\u00fcm\u00fcn\u00fc, ziyaret etti\u011finiz sayfalar\u0131, ziyaretinizin saatini ve tarihini, her sayfada ge\u00e7irdi\u011finiz s\u00fcreyi ve di\u011fer ayr\u0131nt\u0131lar\u0131 i\u00e7erebilir.<\/p>\n\n<h4 class=\"wp-block-heading\"><strong>Cihaz verileri<\/strong><\/h4>\n\n<p>Web sitemize eri\u015fmek i\u00e7in kulland\u0131\u011f\u0131n\u0131z cihaz hakk\u0131nda da veri toplayabiliriz. Bu veriler cihaz t\u00fcr\u00fcn\u00fc, i\u015fletim sistemini, benzersiz cihaz tan\u0131mlay\u0131c\u0131lar\u0131n\u0131, cihaz ayarlar\u0131n\u0131 ve co\u011frafi konum verilerini i\u00e7erebilir. Toplad\u0131klar\u0131m\u0131z, cihaz\u0131n\u0131z\u0131n ve yaz\u0131l\u0131m\u0131n\u0131z\u0131n bireysel ayarlar\u0131na ba\u011fl\u0131 olabilir. Hangi bilgileri bize sunduklar\u0131n\u0131 \u00f6\u011frenmek i\u00e7in cihaz \u00fcreticinizin veya yaz\u0131l\u0131m sa\u011flay\u0131c\u0131n\u0131z\u0131n politikalar\u0131n\u0131 kontrol etmenizi \u00f6neririz.<\/p>\n\n<h4 class=\"wp-block-heading\"><strong>Ki\u015fisel bilgiler<\/strong><\/h4>\n\n<p>Sizin gibi ki\u015fisel bilgilerinizi isteyebiliriz:<\/p>\n\n<ul class=\"wp-block-list\"><li>\u0130sim<\/li><li>E-posta<\/li><li>Sosyal medya profilleri<\/li><li>Do\u011fum tarihi<\/li><li>Telefon\/cep telefonu numaras\u0131<\/li><li>Ev\/Posta adresi<\/li><li>\u0130\u015f adresi<\/li><li>\u00d6deme bilgileri<\/li><\/ul>\n\n<h3 class=\"wp-block-heading\"><strong>2. \u0130\u015fleme i\u00e7in yasal dayanaklar<\/strong><\/h3>\n\n<p>Ki\u015fisel bilgilerinizi yasalara uygun, adil ve \u015feffaf bir \u015fekilde i\u015fleyece\u011fiz. Hakk\u0131n\u0131zdaki bilgileri yaln\u0131zca bunu yapmak i\u00e7in yasal dayanaklar\u0131m\u0131z oldu\u011funda toplar ve i\u015fleriz.<\/p>\n\n<p>Bu yasal dayanaklar, kulland\u0131\u011f\u0131n\u0131z hizmetlere ve bunlar\u0131 nas\u0131l kulland\u0131\u011f\u0131n\u0131za ba\u011fl\u0131d\u0131r, yani bilgilerinizi yaln\u0131zca a\u015fa\u011f\u0131daki durumlarda toplar ve kullan\u0131r\u0131z:<\/p>\n\n<ul class=\"wp-block-list\"><li>taraf oldu\u011funuz bir s\u00f6zle\u015fmenin ifas\u0131 i\u00e7in veya b\u00f6yle bir s\u00f6zle\u015fmeye girmeden \u00f6nce talebiniz \u00fczerine ad\u0131mlar atmak i\u00e7in gereklidir (\u00f6rne\u011fin, bizden talep etti\u011finiz bir hizmeti sa\u011flad\u0131\u011f\u0131m\u0131zda);<\/li><li>ara\u015ft\u0131rma ve geli\u015ftirme, hizmetlerimizi pazarlamak ve tan\u0131tmak ve yasal haklar\u0131m\u0131z\u0131 ve \u00e7\u0131karlar\u0131m\u0131z\u0131 korumak gibi me\u015fru bir menfaati (veri koruma menfaatleriniz taraf\u0131ndan ge\u00e7ersiz k\u0131l\u0131nmayan) kar\u015f\u0131lar;<\/li><li>belirli bir ama\u00e7 i\u00e7in bunu yapmam\u0131za izin verirseniz (\u00f6rne\u011fin, size haber b\u00fcltenimizi g\u00f6ndermemize izin verebilirsiniz); veya<\/li><li>yasal bir y\u00fck\u00fcml\u00fcl\u00fc\u011fe uymak i\u00e7in verilerinizi i\u015flememiz gerekir.<\/li><\/ul>\n\n<p>Hakk\u0131n\u0131zdaki bilgileri belirli bir ama\u00e7 i\u00e7in kullanmam\u0131za izin verdi\u011finizde, fikrinizi istedi\u011finiz zaman de\u011fi\u015ftirme hakk\u0131na sahipsiniz (ancak bu, halihaz\u0131rda ger\u00e7ekle\u015fmi\u015f olan herhangi bir i\u015flemi etkilemeyecektir).<\/p>\n\n<p>Ki\u015fisel bilgileri gerekenden daha uzun s\u00fcre saklam\u0131yoruz. Bu bilgileri saklad\u0131\u011f\u0131m\u0131z s\u00fcrece, kay\u0131p ve h\u0131rs\u0131zl\u0131\u011f\u0131n yan\u0131 s\u0131ra yetkisiz eri\u015fim, if\u015fa, kopyalama, kullan\u0131m veya de\u011fi\u015fiklikleri \u00f6nlemek i\u00e7in ticari olarak kabul edilebilir yollarla koruyaca\u011f\u0131z. Bununla birlikte, hi\u00e7bir elektronik iletim veya depolama y\u00f6nteminin %100 g\u00fcvenli olmad\u0131\u011f\u0131n\u0131 ve mutlak veri g\u00fcvenli\u011fini garanti edemeyece\u011fimizi bildiririz. Gerekirse, ki\u015fisel bilgilerinizi yasal bir y\u00fck\u00fcml\u00fcl\u00fc\u011fe uymak veya sizin veya ba\u015fka bir ger\u00e7ek ki\u015finin hayati \u00e7\u0131karlar\u0131n\u0131 korumak i\u00e7in saklayabiliriz.<\/p>\n\n<h3 class=\"wp-block-heading\"><strong>3. Bilgilerin toplanmas\u0131 ve kullan\u0131lmas\u0131<\/strong><\/h3>\n\n<p>A\u015fa\u011f\u0131daki ama\u00e7lar i\u00e7in bilgi toplayabilir, tutabilir, kullanabilir ve if\u015fa edebiliriz ve ki\u015fisel bilgiler bu ama\u00e7larla uyumsuz bir \u015fekilde daha fazla i\u015flenmeyecektir:<\/p>\n\n<ul class=\"wp-block-list\"><li>web sitemizdeki deneyiminizi \u00f6zelle\u015ftirmenizi veya ki\u015fiselle\u015ftirmenizi sa\u011flamak i\u00e7in;<\/li><li>web sitemize, ilgili uygulamalar\u0131m\u0131za ve ilgili sosyal medya platformlar\u0131m\u0131za eri\u015fmenizi ve bunlar\u0131 kullanman\u0131z\u0131 sa\u011flamak i\u00e7in;<\/li><li>sizinle ileti\u015fime ge\u00e7mek ve ileti\u015fim kurmak i\u00e7in;<\/li><li>dahili kay\u0131t tutma ve idari ama\u00e7lar i\u00e7in;<\/li><li>Web sitemizi, ilgili uygulamalar\u0131 ve ilgili sosyal medya platformlar\u0131n\u0131 i\u015fletmek ve geli\u015ftirmek de dahil olmak \u00fczere analitik, pazar ara\u015ft\u0131rmas\u0131 ve i\u015f geli\u015ftirme i\u00e7in;<\/li><li>yar\u0131\u015fmalar d\u00fczenlemek ve\/veya size ek avantajlar sunmak i\u00e7in;<\/li><li>Size \u00fcr\u00fcnlerimiz ve hizmetlerimiz hakk\u0131nda tan\u0131t\u0131m bilgileri ve ilginizi \u00e7ekebilece\u011fini d\u00fc\u015f\u00fcnd\u00fc\u011f\u00fcm\u00fcz \u00fc\u00e7\u00fcnc\u00fc taraflar hakk\u0131nda bilgiler g\u00f6ndermek de dahil olmak \u00fczere reklam ve pazarlama i\u00e7in;<\/li><li>yasal y\u00fck\u00fcml\u00fcl\u00fcklerimize uymak ve sahip olabilece\u011fimiz anla\u015fmazl\u0131klar\u0131 \u00e7\u00f6zmek i\u00e7in; ve<\/li><li>i\u015f ba\u015fvurunuzu de\u011ferlendirmek i\u00e7in.<\/li><\/ul>\n\n<h3 class=\"wp-block-heading\"><strong>4. Ki\u015fisel bilgilerin \u00fc\u00e7\u00fcnc\u00fc taraflara if\u015fa edilmesi<\/strong><\/h3>\n\n<p>Ki\u015fisel bilgileri \u015fu ki\u015filere if\u015fa edebiliriz:<\/p>\n\n<ul class=\"wp-block-list\"><li>BT hizmet sa\u011flay\u0131c\u0131lar\u0131, veri depolama, bar\u0131nd\u0131rma ve sunucu sa\u011flay\u0131c\u0131lar\u0131, reklam a\u011flar\u0131, analizler, hata kaydediciler, bor\u00e7 tahsildarlar\u0131, bak\u0131m veya sorun \u00e7\u00f6zme sa\u011flay\u0131c\u0131lar\u0131, pazarlama veya reklam sa\u011flay\u0131c\u0131lar\u0131, profesyonel dan\u0131\u015fmanlar ve \u00f6deme sistemleri operat\u00f6rleri dahil olmak \u00fczere (bunlarla s\u0131n\u0131rl\u0131 olmamak \u00fczere) hizmetlerini sunmalar\u0131n\u0131 sa\u011flamak amac\u0131yla \u00fc\u00e7\u00fcnc\u00fc taraf hizmet sa\u011flay\u0131c\u0131lar\u0131;<\/li><li>\u00e7al\u0131\u015fanlar\u0131m\u0131z, y\u00fcklenicilerimiz ve\/veya ilgili kurulu\u015flar;<\/li><li>d\u00fczenledi\u011fimiz herhangi bir yar\u0131\u015fman\u0131n sponsorlar\u0131 veya destekleyicileri;<\/li><li>Size sa\u011flad\u0131\u011f\u0131m\u0131z mal veya hizmetler i\u00e7in \u00f6deme yapmaman\u0131z durumunda kredi raporlama kurulu\u015flar\u0131, mahkemeler, hakem heyetleri ve d\u00fczenleyici makamlar;<\/li><li>mahkemeler, mahkemeler, d\u00fczenleyici makamlar ve kolluk kuvvetleri, yasalar\u0131n gerektirdi\u011fi \u015fekilde, mevcut veya muhtemel yasal i\u015flemlerle ba\u011flant\u0131l\u0131 olarak veya yasal haklar\u0131m\u0131z\u0131 tesis etmek, kullanmak veya savunmak i\u00e7in;<\/li><li>acenteler veya alt y\u00fckleniciler dahil olmak \u00fczere, size bilgi, \u00fcr\u00fcn, hizmet veya do\u011frudan pazarlama sa\u011flamam\u0131za yard\u0131mc\u0131 olan \u00fc\u00e7\u00fcnc\u00fc taraflar; ve<\/li><li>veri toplamak ve i\u015flemek i\u00e7in \u00fc\u00e7\u00fcnc\u00fc taraflar.<\/li><\/ul>\n\n<h3 class=\"wp-block-heading\"><strong>5. Ki\u015fisel bilgilerin uluslararas\u0131 transferi<\/strong><\/h3>\n\n<p>Toplad\u0131\u011f\u0131m\u0131z ki\u015fisel bilgiler Birle\u015fik Krall\u0131k ve Amerika Birle\u015fik Devletleri&#8217;nde veya bizim ya da ortaklar\u0131m\u0131z\u0131n, i\u015ftiraklerimizin ve \u00fc\u00e7\u00fcnc\u00fc taraf sa\u011flay\u0131c\u0131lar\u0131n tesislerinin bulundu\u011fu yerlerde saklan\u0131r ve i\u015flenir. Bize ki\u015fisel bilgilerinizi vererek, bu deniza\u015f\u0131r\u0131 \u00fc\u00e7\u00fcnc\u00fc taraflara if\u015fa edilmesine izin vermi\u015f olursunuz.<\/p>\n\n<p>Ki\u015fisel bilgilerin Avrupa Ekonomik Alan\u0131&#8217;ndaki (AEA) \u00fclkelerden AEA d\u0131\u015f\u0131ndaki \u00fclkelere aktar\u0131lmas\u0131n\u0131n, \u00f6rne\u011fin Avrupa Komisyonu taraf\u0131ndan onaylanan standart veri koruma maddelerinin kullan\u0131lmas\u0131 veya ba\u011flay\u0131c\u0131 kurumsal kurallar\u0131n veya yasal olarak kabul edilen di\u011fer ara\u00e7lar\u0131n kullan\u0131lmas\u0131 gibi uygun \u00f6nlemlerle korunmas\u0131n\u0131 sa\u011flayaca\u011f\u0131z.<\/p>\n\n<p>Ki\u015fisel bilgileri AEA \u00fcyesi olmayan bir \u00fclkeden ba\u015fka bir \u00fclkeye aktard\u0131\u011f\u0131m\u0131zda, di\u011fer yarg\u0131 alanlar\u0131ndaki \u00fc\u00e7\u00fcnc\u00fc taraflar\u0131n bizim yarg\u0131 alan\u0131m\u0131zdakilere benzer veri koruma yasalar\u0131na tabi olmayabilece\u011fini kabul edersiniz. Bu t\u00fcr bir \u00fc\u00e7\u00fcnc\u00fc taraf\u0131n yarg\u0131 alan\u0131m\u0131zdaki veri gizlili\u011fi yasalar\u0131na ayk\u0131r\u0131 herhangi bir eylem veya uygulamada bulunmas\u0131 durumunda riskler vard\u0131r ve bu, yarg\u0131 alan\u0131m\u0131z\u0131n gizlilik yasalar\u0131 kapsam\u0131nda tazminat talep edemeyece\u011finiz anlam\u0131na gelebilir.<\/p>\n\n<h3 class=\"wp-block-heading\"><strong>6. Haklar\u0131n\u0131z ve ki\u015fisel bilgilerinizin kontrol\u00fc<\/strong><\/h3>\n\n<p><strong>Se\u00e7im ve r\u0131za:<\/strong> Bize ki\u015fisel bilgilerinizi vererek, ki\u015fisel bilgilerinizi bu gizlilik politikas\u0131na uygun olarak toplamam\u0131za, tutmam\u0131za, kullanmam\u0131za ve if\u015fa etmemize izin vermi\u015f olursunuz. 16 ya\u015f\u0131ndan k\u00fc\u00e7\u00fckseniz, web sitesine eri\u015fmek ve web sitesini kullanmak i\u00e7in ebeveyninizin veya yasal vasinizin iznine sahip oldu\u011funuzu ve onlar\u0131n (ebeveynlerinizin veya vasinizin) bize ki\u015fisel bilgilerinizi vermenize izin verdi\u011fini yasalar\u0131n izin verdi\u011fi \u00f6l\u00e7\u00fcde bize garanti etmelisiniz. Bize ki\u015fisel bilgilerinizi vermek zorunda de\u011filsiniz, ancak vermezseniz, bu web sitesini veya \u00fczerinde veya arac\u0131l\u0131\u011f\u0131yla sunulan \u00fcr\u00fcn ve\/veya hizmetleri kullan\u0131m\u0131n\u0131z\u0131 etkileyebilir.<\/p>\n\n<p><strong>\u00dc\u00e7\u00fcnc\u00fc taraflardan gelen bilgiler:<\/strong> \u00dc\u00e7\u00fcnc\u00fc bir taraftan hakk\u0131n\u0131zda ki\u015fisel bilgiler al\u0131rsak, bu bilgileri bu gizlilik politikas\u0131nda belirtildi\u011fi \u015fekilde koruyaca\u011f\u0131z. Ba\u015fka biri hakk\u0131nda ki\u015fisel bilgi sa\u011flayan bir \u00fc\u00e7\u00fcnc\u00fc taraf iseniz, ki\u015fisel bilgileri bize sa\u011flamak i\u00e7in s\u00f6z konusu ki\u015finin iznine sahip oldu\u011funuzu beyan ve garanti edersiniz.<\/p>\n\n<p><strong>K\u0131s\u0131tlama:<\/strong> Ki\u015fisel bilgilerinizin toplanmas\u0131n\u0131 veya kullan\u0131lmas\u0131n\u0131 k\u0131s\u0131tlamay\u0131 se\u00e7ebilirsiniz. Ki\u015fisel bilgilerinizi do\u011frudan pazarlama amac\u0131yla kullanmam\u0131z\u0131 daha \u00f6nce kabul ettiyseniz, a\u015fa\u011f\u0131daki ayr\u0131nt\u0131lar\u0131 kullanarak bizimle ileti\u015fime ge\u00e7erek fikrinizi istedi\u011finiz zaman de\u011fi\u015ftirebilirsiniz. Ki\u015fisel bilgilerinizi i\u015fleme \u015feklimizi k\u0131s\u0131tlamam\u0131z\u0131 veya s\u0131n\u0131rland\u0131rmam\u0131z\u0131 isterseniz, k\u0131s\u0131tlaman\u0131n web sitemizi veya \u00fcr\u00fcn ve hizmetlerimizi kullan\u0131m\u0131n\u0131z\u0131 nas\u0131l etkileyece\u011fini size bildirece\u011fiz.<\/p>\n\n<p><strong>Eri\u015fim ve veri ta\u015f\u0131nabilirli\u011fi:<\/strong> Hakk\u0131n\u0131zda tuttu\u011fumuz ki\u015fisel bilgilerin ayr\u0131nt\u0131lar\u0131n\u0131 talep edebilirsiniz. Hakk\u0131n\u0131zda tuttu\u011fumuz ki\u015fisel bilgilerin bir kopyas\u0131n\u0131 talep edebilirsiniz. M\u00fcmk\u00fcn olan durumlarda, bu bilgileri CSV format\u0131nda veya kolay okunabilir ba\u015fka bir makine format\u0131nda sa\u011flayaca\u011f\u0131z. \u0130stedi\u011finiz zaman hakk\u0131n\u0131zda tuttu\u011fumuz ki\u015fisel bilgileri silmemizi talep edebilirsiniz. Bu ki\u015fisel bilgileri ba\u015fka bir \u00fc\u00e7\u00fcnc\u00fc tarafa aktarmam\u0131z\u0131 da talep edebilirsiniz.<\/p>\n\n<p><strong>D\u00fczeltme:<\/strong> Hakk\u0131n\u0131zda tuttu\u011fumuz herhangi bir bilginin yanl\u0131\u015f, g\u00fcncel olmayan, eksik, ilgisiz veya yan\u0131lt\u0131c\u0131 oldu\u011funu d\u00fc\u015f\u00fcn\u00fcyorsan\u0131z, l\u00fctfen a\u015fa\u011f\u0131daki ayr\u0131nt\u0131lar\u0131 kullanarak bizimle ileti\u015fime ge\u00e7in. Yanl\u0131\u015f, eksik, yan\u0131lt\u0131c\u0131 veya g\u00fcncel olmad\u0131\u011f\u0131 tespit edilen her t\u00fcrl\u00fc bilgiyi d\u00fczeltmek i\u00e7in makul ad\u0131mlar\u0131 ataca\u011f\u0131z.<\/p>\n\n<p><strong>Veri ihlallerinin bildirilmesi:<\/strong> Herhangi bir veri ihlali ile ilgili olarak bizim i\u00e7in ge\u00e7erli olan yasalara uyaca\u011f\u0131z.<\/p>\n\n<p><strong>\u015eikayetler:<\/strong> \u0130lgili bir veri koruma yasas\u0131n\u0131 ihlal etti\u011fimizi d\u00fc\u015f\u00fcn\u00fcyorsan\u0131z ve bir \u015fikayette bulunmak istiyorsan\u0131z, l\u00fctfen a\u015fa\u011f\u0131daki ayr\u0131nt\u0131lar\u0131 kullanarak bizimle ileti\u015fime ge\u00e7in ve iddia edilen ihlalin t\u00fcm ayr\u0131nt\u0131lar\u0131n\u0131 bize sa\u011flay\u0131n. \u015eikayetinizi derhal inceleyecek ve incelememizin sonucunu ve \u015fikayetinizle ilgilenmek i\u00e7in ataca\u011f\u0131m\u0131z ad\u0131mlar\u0131 belirterek size yaz\u0131l\u0131 olarak yan\u0131t verece\u011fiz. Ayr\u0131ca, \u015fikayetinizle ilgili olarak bir d\u00fczenleyici kurum veya veri koruma yetkilisi ile ileti\u015fime ge\u00e7me hakk\u0131na da sahipsiniz.<\/p>\n\n<p><strong>Abonelikten \u00e7\u0131k\u0131n:<\/strong> E-posta veritaban\u0131m\u0131zdan \u00e7\u0131kmak veya ileti\u015fimlerden (pazarlama ileti\u015fimleri dahil) \u00e7\u0131kmak i\u00e7in l\u00fctfen a\u015fa\u011f\u0131daki bilgileri kullanarak bizimle ileti\u015fime ge\u00e7in veya ileti\u015fimde sa\u011flanan devre d\u0131\u015f\u0131 b\u0131rakma olanaklar\u0131n\u0131 kullanarak devre d\u0131\u015f\u0131 b\u0131rak\u0131n.<\/p>\n\n<h3 class=\"wp-block-heading\"><strong>7. \u00c7erezler<\/strong><\/h3>\n\n<p>Siz ve sitemizdeki faaliyetleriniz hakk\u0131nda bilgi toplamak i\u00e7in &#8220;\u00e7erezler&#8221; kullan\u0131yoruz. \u00c7erez, sitemizi nas\u0131l kulland\u0131\u011f\u0131n\u0131z\u0131 anlayabilmemiz i\u00e7in web sitemizin bilgisayar\u0131n\u0131zda depolad\u0131\u011f\u0131 ve her ziyaretinizde eri\u015fti\u011fi k\u00fc\u00e7\u00fck bir veri par\u00e7as\u0131d\u0131r. Bu, belirtti\u011finiz tercihlere g\u00f6re size i\u00e7erik sunmam\u0131za yard\u0131mc\u0131 olur. Daha fazla bilgi i\u00e7in l\u00fctfen \u00c7erez Politikam\u0131za bak\u0131n.<\/p>\n\n<h3 class=\"wp-block-heading\"><strong>8. \u0130\u015f transferleri<\/strong><\/h3>\n\n<p>Biz veya varl\u0131klar\u0131m\u0131z sat\u0131n al\u0131n\u0131rsa ya da beklenmedik bir \u015fekilde iflas edersek, bizi sat\u0131n alan taraflara aktar\u0131lan varl\u0131klar aras\u0131nda veriler de yer alacakt\u0131r. Bu t\u00fcr transferlerin ger\u00e7ekle\u015febilece\u011fini ve bizi sat\u0131n alan herhangi bir taraf\u0131n ki\u015fisel bilgilerinizi bu politikaya g\u00f6re kullanmaya devam edebilece\u011fini kabul edersiniz.<\/p>\n\n<h3 class=\"wp-block-heading\"><strong>9. Politikam\u0131z\u0131n s\u0131n\u0131rlar\u0131<\/strong><\/h3>\n\n<p>Web sitemiz bizim taraf\u0131m\u0131zdan i\u015fletilmeyen harici sitelere ba\u011flant\u0131 verebilir. L\u00fctfen bu sitelerin i\u00e7eri\u011fi ve politikalar\u0131 \u00fczerinde hi\u00e7bir kontrol\u00fcm\u00fcz olmad\u0131\u011f\u0131n\u0131 ve ilgili gizlilik uygulamalar\u0131 i\u00e7in sorumluluk veya y\u00fck\u00fcml\u00fcl\u00fck kabul edemeyece\u011fimizi unutmay\u0131n.<\/p>\n\n<h3 class=\"wp-block-heading\"><strong>10. Bu politikada yap\u0131lan de\u011fi\u015fiklikler<\/strong><\/h3>\n\n<p>Kendi takdirimize ba\u011fl\u0131 olarak, gizlilik politikam\u0131z\u0131 mevcut kabul edilebilir uygulamalar\u0131 yans\u0131tacak \u015fekilde de\u011fi\u015ftirebiliriz. Kullan\u0131c\u0131lar\u0131 web sitemiz arac\u0131l\u0131\u011f\u0131yla de\u011fi\u015fiklikler hakk\u0131nda bilgilendirmek i\u00e7in makul ad\u0131mlar ataca\u011f\u0131z. Bu politikada yap\u0131lan herhangi bir de\u011fi\u015fiklikten sonra bu siteyi kullanmaya devam etmeniz, gizlilik ve ki\u015fisel bilgilerle ilgili uygulamalar\u0131m\u0131z\u0131 kabul etti\u011finiz anlam\u0131na gelecektir.<\/p>\n\n<p>Bu gizlilik politikas\u0131nda \u00f6nemli bir de\u011fi\u015fiklik yaparsak, \u00f6rne\u011fin ki\u015fisel bilgilerinizi i\u015fledi\u011fimiz yasal dayana\u011f\u0131 de\u011fi\u015ftirirsek, de\u011fi\u015ftirilen gizlilik politikas\u0131na yeniden onay vermenizi isteyece\u011fiz.<\/p>\n\n<p><strong>Crypto Media Group Veri Sorumlusu<\/strong><\/p>\n\n<p>info [at] cryptocurrencycodes[dot]com<\/p>\n\n<p>Bu politika 12 Mart 2021 tarihinden itibaren ge\u00e7erlidir.<\/p>\n","protected":false},"excerpt":{"rendered":"<p>Gizlili\u011finiz bizim i\u00e7in \u00f6nemlidir. Crypto Media Group&#8217;un politikas\u0131, web sitemiz, cryptocurrencycodes.com ve sahip oldu\u011fumuz ve i\u015fletti\u011fimiz di\u011fer sitelerde sizden toplayabilece\u011fimiz her t\u00fcrl\u00fc bilgi ile ilgili gizlili\u011finize sayg\u0131 duymakt\u0131r. 1. Toplad\u0131\u011f\u0131m\u0131z bilgiler G\u00fcnl\u00fck verileri Web sitemizi &#8230; <a title=\"Gizlilik Politikas\u0131\" class=\"read-more\" href=\"https:\/\/cryptocurrencycodes.com\/tr\/gizlilik-politikasi\/\" aria-label=\"More on Gizlilik Politikas\u0131\">read more<\/a><\/p>\n","protected":false},"author":1,"featured_media":0,"parent":0,"menu_order":0,"comment_status":"closed","ping_status":"closed","template":"","meta":{"_uag_custom_page_level_css":"","footnotes":""},"class_list":{"0":"post-15142","1":"page","2":"type-page","3":"status-publish","5":"infinite-scroll-item"},"uagb_featured_image_src":{"full":false,"thumbnail":false,"medium":false,"medium_large":false,"large":false,"1536x1536":false,"2048x2048":false},"uagb_author_info":{"display_name":"CryptocurrencyCodes.com","author_link":"https:\/\/cryptocurrencycodes.com\/tr\/author\/blacksands\/"},"uagb_comment_info":0,"uagb_excerpt":"Gizlili\u011finiz bizim i\u00e7in \u00f6nemlidir. Crypto Media Group&#8217;un politikas\u0131, web sitemiz, cryptocurrencycodes.com ve sahip oldu\u011fumuz ve i\u015fletti\u011fimiz di\u011fer sitelerde sizden toplayabilece\u011fimiz her t\u00fcrl\u00fc bilgi ile ilgili gizlili\u011finize sayg\u0131 duymakt\u0131r. 1. Toplad\u0131\u011f\u0131m\u0131z bilgiler G\u00fcnl\u00fck verileri Web sitemizi ... read more","_links":{"self":[{"href":"https:\/\/cryptocurrencycodes.com\/tr\/wp-json\/wp\/v2\/pages\/15142","targetHints":{"allow":["GET"]}}],"collection":[{"href":"https:\/\/cryptocurrencycodes.com\/tr\/wp-json\/wp\/v2\/pages"}],"about":[{"href":"https:\/\/cryptocurrencycodes.com\/tr\/wp-json\/wp\/v2\/types\/page"}],"author":[{"embeddable":true,"href":"https:\/\/cryptocurrencycodes.com\/tr\/wp-json\/wp\/v2\/users\/1"}],"replies":[{"embeddable":true,"href":"https:\/\/cryptocurrencycodes.com\/tr\/wp-json\/wp\/v2\/comments?post=15142"}],"version-history":[{"count":1,"href":"https:\/\/cryptocurrencycodes.com\/tr\/wp-json\/wp\/v2\/pages\/15142\/revisions"}],"predecessor-version":[{"id":15146,"href":"https:\/\/cryptocurrencycodes.com\/tr\/wp-json\/wp\/v2\/pages\/15142\/revisions\/15146"}],"wp:attachment":[{"href":"https:\/\/cryptocurrencycodes.com\/tr\/wp-json\/wp\/v2\/media?parent=15142"}],"curies":[{"name":"wp","href":"https:\/\/api.w.org\/{rel}","templated":true}]}}