{"id":15224,"date":"2021-03-17T16:14:34","date_gmt":"2021-03-17T16:14:34","guid":{"rendered":"https:\/\/cryptocurrencycodes.com\/site-haritasi\/"},"modified":"2023-01-21T12:53:58","modified_gmt":"2023-01-21T12:53:58","slug":"site-haritasi","status":"publish","type":"page","link":"https:\/\/cryptocurrencycodes.com\/tr\/site-haritasi\/","title":{"rendered":"Site Haritas\u0131"},"content":{"rendered":"\n<p>Bu sayfay\u0131 <a href=\"https:\/\/cryptocurrencycodes.com\/tr\/\" class=\"rank-math-link\">CryptocurrencyCodes.com<\/a>&#8216;da yolunuzu bulman\u0131za yard\u0131mc\u0131 olmak i\u00e7in olu\u015fturduk.<\/p>\n<form role=\"search\" method=\"get\" action=\"https:\/\/cryptocurrencycodes.com\/tr\/\" class=\"wp-block-search__button-outside wp-block-search__text-button wp-block-search\"    ><label class=\"wp-block-search__label screen-reader-text\" for=\"wp-block-search__input-2\" >Ara<\/label><div class=\"wp-block-search__inside-wrapper\" ><input class=\"wp-block-search__input\" id=\"wp-block-search__input-2\" placeholder=\"Arama\" value=\"\" type=\"search\" name=\"s\" required \/><button aria-label=\"Arama\" class=\"wp-block-search__button wp-element-button\" type=\"submit\" >Arama<\/button><\/div><\/form>\n<h2 class=\"wp-block-heading\">De\u011fi\u015fimler<\/h2>\n\n<ul class=\"wp-block-list\"><li><a href=\"https:\/\/cryptocurrencycodes.com\/tr\/ftx\/\" class=\"rank-math-link\">FTX<\/a><\/li><li>AAX<\/li><li><a href=\"https:\/\/cryptocurrencycodes.com\/tr\/ascendex\/\" class=\"rank-math-link\">AscendEX<\/a><\/li><li><a href=\"https:\/\/cryptocurrencycodes.com\/tr\/bityard\/\" class=\"rank-math-link\">Bityard<\/a><\/li><li>Bexplus<\/li><li><a href=\"https:\/\/cryptocurrencycodes.com\/tr\/coinbase\/\" class=\"rank-math-link\">Coinbase<\/a><\/li><li>Dsdaq<\/li><li><a href=\"https:\/\/cryptocurrencycodes.com\/tr\/bitforex\/\" class=\"rank-math-link\">BitForex<\/a><\/li><li>Bit.com<\/li><li>CoinSpot<\/li><li><a href=\"https:\/\/cryptocurrencycodes.com\/tr\/stormgain\/\" class=\"rank-math-link\">StormGain<\/a><\/li><li><a href=\"https:\/\/cryptocurrencycodes.com\/tr\/phemex\/\" class=\"rank-math-link\">Phemex<\/a><\/li><li>BitZ<\/li><li><a href=\"https:\/\/cryptocurrencycodes.com\/tr\/binance\/\" class=\"rank-math-link\">Binance<\/a><\/li><li>BKEX<\/li><li><a href=\"https:\/\/cryptocurrencycodes.com\/tr\/bitfinex\/\" class=\"rank-math-link\">Bitfinex<\/a><\/li><li><a href=\"https:\/\/cryptocurrencycodes.com\/tr\/bitmart\/\" class=\"rank-math-link\">BitMart<\/a><\/li><li><a href=\"https:\/\/cryptocurrencycodes.com\/tr\/btse\/\" class=\"rank-math-link\">BTSE<\/a><\/li><li><a href=\"https:\/\/cryptocurrencycodes.com\/tr\/crypto-com\/\" class=\"rank-math-link\">Kripto.com<\/a><\/li><li><a href=\"https:\/\/cryptocurrencycodes.com\/tr\/margex\/\" class=\"rank-math-link\">Margex<\/a><\/li><\/ul>\n\n<h2 class=\"wp-block-heading\">Ma\u011fazalar<\/h2>\n\n<ul class=\"wp-block-list\"><li><a href=\"https:\/\/cryptocurrencycodes.com\/tr\/bitrefill\/\" class=\"rank-math-link\">Bitrefill<\/a><\/li><\/ul>\n\n<h2 class=\"wp-block-heading\">Uygulamalar<\/h2>\n\n<ul class=\"wp-block-list\"><li><a href=\"https:\/\/cryptocurrencycodes.com\/tr\/stormx-2\/\" class=\"rank-math-link\">StormX<\/a><\/li><li>Maiar<\/li><\/ul>\n\n<h2 class=\"wp-block-heading\"><a href=\"https:\/\/cryptocurrencycodes.com\/tr\/en-iyi-bitcoin-kripto-cuzdan-firsatlari-2021\/\" class=\"rank-math-link\">C\u00fczdanlar<\/a><\/h2>\n\n<h2 class=\"wp-block-heading\">Bilgi<\/h2>\n\n<ul class=\"wp-block-list\"><li><a href=\"https:\/\/cryptocurrencycodes.com\/tr\/hakkinda\/\" class=\"rank-math-link\">Hakk\u0131nda<\/a><\/li><li><a href=\"https:\/\/cryptocurrencycodes.com\/tr\/iletisim\/\" class=\"rank-math-link\">\u0130leti\u015fim<\/a><\/li><li><a href=\"https:\/\/cryptocurrencycodes.com\/tr\/gizlilik-politikasi\/\" class=\"rank-math-link\">Gizlilik Politikas\u0131<\/a><\/li><\/ul>\n\n<h2 class=\"wp-block-heading\">Di\u011fer<\/h2>\n\n<ul class=\"wp-block-list\"><li><a href=\"https:\/\/cryptocurrencycodes.com\/tr\/\" class=\"rank-math-link\">En \u0130yi Kripto F\u0131rsatlar\u0131<\/a><\/li><\/ul>\n","protected":false},"excerpt":{"rendered":"<p>Bu sayfay\u0131 CryptocurrencyCodes.com&#8216;da yolunuzu bulman\u0131za yard\u0131mc\u0131 olmak i\u00e7in olu\u015fturduk. De\u011fi\u015fimler FTX AAX AscendEX Bityard Bexplus Coinbase Dsdaq BitForex Bit.com CoinSpot StormGain Phemex BitZ Binance BKEX Bitfinex BitMart BTSE Kripto.com Margex Ma\u011fazalar Bitrefill Uygulamalar StormX Maiar &#8230; <a title=\"Site Haritas\u0131\" class=\"read-more\" href=\"https:\/\/cryptocurrencycodes.com\/tr\/site-haritasi\/\" aria-label=\"More on Site Haritas\u0131\">read more<\/a><\/p>\n","protected":false},"author":1,"featured_media":0,"parent":0,"menu_order":0,"comment_status":"closed","ping_status":"closed","template":"","meta":{"_uag_custom_page_level_css":"","footnotes":""},"class_list":{"0":"post-15224","1":"page","2":"type-page","3":"status-publish","5":"infinite-scroll-item"},"uagb_featured_image_src":{"full":false,"thumbnail":false,"medium":false,"medium_large":false,"large":false,"1536x1536":false,"2048x2048":false},"uagb_author_info":{"display_name":"CryptocurrencyCodes.com","author_link":"https:\/\/cryptocurrencycodes.com\/tr\/author\/blacksands\/"},"uagb_comment_info":0,"uagb_excerpt":"Bu sayfay\u0131 CryptocurrencyCodes.com&#8216;da yolunuzu bulman\u0131za yard\u0131mc\u0131 olmak i\u00e7in olu\u015fturduk. De\u011fi\u015fimler FTX AAX AscendEX Bityard Bexplus Coinbase Dsdaq BitForex Bit.com CoinSpot StormGain Phemex BitZ Binance BKEX Bitfinex BitMart BTSE Kripto.com Margex Ma\u011fazalar Bitrefill Uygulamalar StormX Maiar ... read more","_links":{"self":[{"href":"https:\/\/cryptocurrencycodes.com\/tr\/wp-json\/wp\/v2\/pages\/15224","targetHints":{"allow":["GET"]}}],"collection":[{"href":"https:\/\/cryptocurrencycodes.com\/tr\/wp-json\/wp\/v2\/pages"}],"about":[{"href":"https:\/\/cryptocurrencycodes.com\/tr\/wp-json\/wp\/v2\/types\/page"}],"author":[{"embeddable":true,"href":"https:\/\/cryptocurrencycodes.com\/tr\/wp-json\/wp\/v2\/users\/1"}],"replies":[{"embeddable":true,"href":"https:\/\/cryptocurrencycodes.com\/tr\/wp-json\/wp\/v2\/comments?post=15224"}],"version-history":[{"count":9,"href":"https:\/\/cryptocurrencycodes.com\/tr\/wp-json\/wp\/v2\/pages\/15224\/revisions"}],"predecessor-version":[{"id":23273,"href":"https:\/\/cryptocurrencycodes.com\/tr\/wp-json\/wp\/v2\/pages\/15224\/revisions\/23273"}],"wp:attachment":[{"href":"https:\/\/cryptocurrencycodes.com\/tr\/wp-json\/wp\/v2\/media?parent=15224"}],"curies":[{"name":"wp","href":"https:\/\/api.w.org\/{rel}","templated":true}]}}