{"id":15027,"date":"2021-03-12T17:30:42","date_gmt":"2021-03-12T17:30:42","guid":{"rendered":"https:\/\/cryptocurrencycodes.com\/ve\/"},"modified":"2022-10-24T07:02:39","modified_gmt":"2022-10-24T07:02:39","slug":"ve","status":"publish","type":"page","link":"https:\/\/cryptocurrencycodes.com\/vi\/ve\/","title":{"rendered":"V\u1ec1"},"content":{"rendered":"\n<p>Ch\u00e0o m\u1eebng b\u1ea1n \u0111\u1ebfn v\u1edbi <a href=\"https:\/\/cryptocurrencycodes.com\/vi\/\" class=\"rank-math-link\">M\u00e3 ti\u1ec1n \u0111i\u1ec7n t\u1eed<\/a> !<\/p>\n\n<p>Ch\u00fang t\u00f4i t\u00ecm th\u1ea5y c\u00e1c kho\u1ea3n ti\u1ec1n th\u01b0\u1edfng, gi\u1edbi thi\u1ec7u v\u00e0 giao d\u1ecbch t\u1ed1t nh\u1ea5t hi\u1ec7n c\u00f3 trong th\u1ebf gi\u1edbi ti\u1ec1n \u0111i\u1ec7n t\u1eed v\u00e0 t\u1eadp h\u1ee3p t\u1ea5t c\u1ea3 ch\u00fang l\u1ea1i v\u1edbi nhau \u1edf m\u1ed9t n\u01a1i &#8211; bi\u1ebfn ch\u00fang t\u00f4i th\u00e0nh t\u00e0i nguy\u00ean cu\u1ed1i c\u00f9ng cho c\u00e1c \u01b0u \u0111\u00e3i ti\u1ec1n \u0111i\u1ec7n t\u1eed tr\u00ean internet.<\/p>\n\n<p>Trang web n\u00e0y \u0111\u01b0\u1ee3c th\u00e0nh l\u1eadp v\u00e0o n\u0103m 2021 v\u00e0 \u0111\u01b0\u1ee3c s\u1edf h\u1eefu v\u00e0 \u0111i\u1ec1u h\u00e0nh b\u1edfi Black Sands Media Limited &#8211; m\u1ed9t c\u00f4ng ty truy\u1ec1n th\u00f4ng k\u1ef9 thu\u1eadt s\u1ed1 ph\u1ee5c v\u1ee5 kh\u00e1n gi\u1ea3 to\u00e0n c\u1ea7u.<\/p>\n\n<p>C\u1ea7n ti\u1ebfp x\u00fac? Truy c\u1eadp <a href=\"https:\/\/cryptocurrencycodes.com\/vi\/tiep-xuc\/\" class=\"rank-math-link\">trang li\u00ean h\u1ec7<\/a> v\u00e0 \u0111i\u1ec1n v\u00e0o bi\u1ec3u m\u1eabu.<\/p>\n","protected":false},"excerpt":{"rendered":"<p>Ch\u00e0o m\u1eebng b\u1ea1n \u0111\u1ebfn v\u1edbi M\u00e3 ti\u1ec1n \u0111i\u1ec7n t\u1eed ! Ch\u00fang t\u00f4i t\u00ecm th\u1ea5y c\u00e1c kho\u1ea3n ti\u1ec1n th\u01b0\u1edfng, gi\u1edbi thi\u1ec7u v\u00e0 giao d\u1ecbch t\u1ed1t nh\u1ea5t hi\u1ec7n c\u00f3 trong th\u1ebf gi\u1edbi ti\u1ec1n \u0111i\u1ec7n t\u1eed v\u00e0 t\u1eadp &#8230; <a title=\"V\u1ec1\" class=\"read-more\" href=\"https:\/\/cryptocurrencycodes.com\/vi\/ve\/\" aria-label=\"More on V\u1ec1\">read more<\/a><\/p>\n","protected":false},"author":1,"featured_media":0,"parent":0,"menu_order":0,"comment_status":"closed","ping_status":"closed","template":"","meta":{"_uag_custom_page_level_css":"","footnotes":""},"class_list":{"0":"post-15027","1":"page","2":"type-page","3":"status-publish","5":"infinite-scroll-item"},"uagb_featured_image_src":{"full":false,"thumbnail":false,"medium":false,"medium_large":false,"large":false,"1536x1536":false,"2048x2048":false},"uagb_author_info":{"display_name":"CryptocurrencyCodes.com","author_link":"https:\/\/cryptocurrencycodes.com\/vi\/author\/blacksands\/"},"uagb_comment_info":0,"uagb_excerpt":"Ch\u00e0o m\u1eebng b\u1ea1n \u0111\u1ebfn v\u1edbi M\u00e3 ti\u1ec1n \u0111i\u1ec7n t\u1eed ! Ch\u00fang t\u00f4i t\u00ecm th\u1ea5y c\u00e1c kho\u1ea3n ti\u1ec1n th\u01b0\u1edfng, gi\u1edbi thi\u1ec7u v\u00e0 giao d\u1ecbch t\u1ed1t nh\u1ea5t hi\u1ec7n c\u00f3 trong th\u1ebf gi\u1edbi ti\u1ec1n \u0111i\u1ec7n t\u1eed v\u00e0 t\u1eadp ... read more","_links":{"self":[{"href":"https:\/\/cryptocurrencycodes.com\/vi\/wp-json\/wp\/v2\/pages\/15027","targetHints":{"allow":["GET"]}}],"collection":[{"href":"https:\/\/cryptocurrencycodes.com\/vi\/wp-json\/wp\/v2\/pages"}],"about":[{"href":"https:\/\/cryptocurrencycodes.com\/vi\/wp-json\/wp\/v2\/types\/page"}],"author":[{"embeddable":true,"href":"https:\/\/cryptocurrencycodes.com\/vi\/wp-json\/wp\/v2\/users\/1"}],"replies":[{"embeddable":true,"href":"https:\/\/cryptocurrencycodes.com\/vi\/wp-json\/wp\/v2\/comments?post=15027"}],"version-history":[{"count":3,"href":"https:\/\/cryptocurrencycodes.com\/vi\/wp-json\/wp\/v2\/pages\/15027\/revisions"}],"predecessor-version":[{"id":15104,"href":"https:\/\/cryptocurrencycodes.com\/vi\/wp-json\/wp\/v2\/pages\/15027\/revisions\/15104"}],"wp:attachment":[{"href":"https:\/\/cryptocurrencycodes.com\/vi\/wp-json\/wp\/v2\/media?parent=15027"}],"curies":[{"name":"wp","href":"https:\/\/api.w.org\/{rel}","templated":true}]}}