{"id":15208,"date":"2021-03-17T16:14:34","date_gmt":"2021-03-17T16:14:34","guid":{"rendered":"https:\/\/cryptocurrencycodes.com\/so-do-trang-web\/"},"modified":"2023-01-21T12:56:28","modified_gmt":"2023-01-21T12:56:28","slug":"so-do-trang-web","status":"publish","type":"page","link":"https:\/\/cryptocurrencycodes.com\/vi\/so-do-trang-web\/","title":{"rendered":"S\u01a1 \u0111\u1ed3 trang web"},"content":{"rendered":"\n<p>Ch\u00fang t\u00f4i \u0111\u00e3 t\u1ea1o trang n\u00e0y \u0111\u1ec3 gi\u00fap b\u1ea1n t\u00ecm \u0111\u01b0\u1eddng tr\u00ean <a href=\"https:\/\/cryptocurrencycodes.com\/vi\/\" class=\"rank-math-link\">CryptocurrencyCodes.com.<\/a><\/p>\n<form role=\"search\" method=\"get\" action=\"https:\/\/cryptocurrencycodes.com\/vi\/\" class=\"wp-block-search__button-outside wp-block-search__text-button wp-block-search\"    ><label class=\"wp-block-search__label screen-reader-text\" for=\"wp-block-search__input-2\" >Search<\/label><div class=\"wp-block-search__inside-wrapper\" ><input class=\"wp-block-search__input\" id=\"wp-block-search__input-2\" placeholder=\"T\u00ecm ki\u1ebfm\" value=\"\" type=\"search\" name=\"s\" required \/><button aria-label=\"T\u00ecm ki\u1ebfm\" class=\"wp-block-search__button wp-element-button\" type=\"submit\" >T\u00ecm ki\u1ebfm<\/button><\/div><\/form>\n<h2 class=\"wp-block-heading\">S\u1edf giao d\u1ecbch<\/h2>\n\n<ul class=\"wp-block-list\"><li><a href=\"https:\/\/cryptocurrencycodes.com\/vi\/ftx\/\" class=\"rank-math-link\">FTX<\/a><\/li><li>AAX<\/li><li><a href=\"https:\/\/cryptocurrencycodes.com\/vi\/ascendex\/\" class=\"rank-math-link\">AscendEX<\/a><\/li><li><a href=\"https:\/\/cryptocurrencycodes.com\/vi\/bityard\/\" class=\"rank-math-link\">Bityard<\/a><\/li><li>Bexplus<\/li><li><a href=\"https:\/\/cryptocurrencycodes.com\/vi\/coinbase\/\" class=\"rank-math-link\">Coinbase<\/a><\/li><li>Dsdaq<\/li><li><a href=\"https:\/\/cryptocurrencycodes.com\/vi\/bitforex\/\" class=\"rank-math-link\">BitForex<\/a><\/li><li>Bit.com<\/li><li>CoinSpot<\/li><li><a href=\"https:\/\/cryptocurrencycodes.com\/vi\/stormgain\/\" class=\"rank-math-link\">StormGain<\/a><\/li><li><a href=\"https:\/\/cryptocurrencycodes.com\/vi\/phemex\/\" class=\"rank-math-link\">Phemex<\/a><\/li><li>BitZ<\/li><li><a href=\"https:\/\/cryptocurrencycodes.com\/vi\/binance\/\" class=\"rank-math-link\">Binance<\/a><\/li><li>BKEX<\/li><li><a href=\"https:\/\/cryptocurrencycodes.com\/vi\/bitfinex\/\" class=\"rank-math-link\">Bitfinex<\/a><\/li><li><a href=\"https:\/\/cryptocurrencycodes.com\/vi\/bitmart\/\" class=\"rank-math-link\">BitMart<\/a><\/li><li><a href=\"https:\/\/cryptocurrencycodes.com\/vi\/btse\/\" class=\"rank-math-link\">BTSE<\/a><\/li><li><a href=\"https:\/\/cryptocurrencycodes.com\/vi\/crypto-com\/\" class=\"rank-math-link\">Crypto.com<\/a><\/li><li><a href=\"https:\/\/cryptocurrencycodes.com\/vi\/margex\/\" class=\"rank-math-link\">Margex<\/a><\/li><\/ul>\n\n<h2 class=\"wp-block-heading\">C\u1eeda h\u00e0ng<\/h2>\n\n<ul class=\"wp-block-list\"><li><a href=\"https:\/\/cryptocurrencycodes.com\/vi\/bitrefill\/\" class=\"rank-math-link\">Bitrefill<\/a><\/li><\/ul>\n\n<h2 class=\"wp-block-heading\">\u1ee8ng d\u1ee5ng<\/h2>\n\n<ul class=\"wp-block-list\"><li><a href=\"https:\/\/cryptocurrencycodes.com\/vi\/stormx-2\/\" class=\"rank-math-link\">StormX<\/a><\/li><li>Maiar<\/li><\/ul>\n\n<h2 class=\"wp-block-heading\"><a href=\"https:\/\/cryptocurrencycodes.com\/vi\/giao-dich-vi-bitcoin-tien-dien-tu-tot-nhat-2021\/\" class=\"rank-math-link\">V\u00ed<\/a><\/h2>\n\n<h2 class=\"wp-block-heading\">Th\u00f4ng tin<\/h2>\n\n<ul class=\"wp-block-list\"><li><a href=\"https:\/\/cryptocurrencycodes.com\/vi\/ve\/\" class=\"rank-math-link\">V\u1ec1<\/a><\/li><li><a href=\"https:\/\/cryptocurrencycodes.com\/vi\/tiep-xuc\/\" class=\"rank-math-link\">Ti\u1ebfp x\u00fac<\/a><\/li><li><a href=\"https:\/\/cryptocurrencycodes.com\/vi\/chinh-sach-bao-mat\/\" class=\"rank-math-link\">Ch\u00ednh s\u00e1ch b\u1ea3o m\u1eadt<\/a><\/li><\/ul>\n\n<h2 class=\"wp-block-heading\">Kh\u00e1c<\/h2>\n\n<ul class=\"wp-block-list\"><li><a href=\"https:\/\/cryptocurrencycodes.com\/vi\/\" class=\"rank-math-link\">Giao d\u1ecbch ti\u1ec1n \u0111i\u1ec7n t\u1eed t\u1ed1t nh\u1ea5t<\/a><\/li><\/ul>\n","protected":false},"excerpt":{"rendered":"<p>Ch\u00fang t\u00f4i \u0111\u00e3 t\u1ea1o trang n\u00e0y \u0111\u1ec3 gi\u00fap b\u1ea1n t\u00ecm \u0111\u01b0\u1eddng tr\u00ean CryptocurrencyCodes.com. S\u1edf giao d\u1ecbch FTX AAX AscendEX Bityard Bexplus Coinbase Dsdaq BitForex Bit.com CoinSpot StormGain Phemex BitZ Binance BKEX Bitfinex BitMart BTSE Crypto.com &#8230; <a title=\"S\u01a1 \u0111\u1ed3 trang web\" class=\"read-more\" href=\"https:\/\/cryptocurrencycodes.com\/vi\/so-do-trang-web\/\" aria-label=\"More on S\u01a1 \u0111\u1ed3 trang web\">read more<\/a><\/p>\n","protected":false},"author":1,"featured_media":0,"parent":0,"menu_order":0,"comment_status":"closed","ping_status":"closed","template":"","meta":{"_uag_custom_page_level_css":"","footnotes":""},"class_list":{"0":"post-15208","1":"page","2":"type-page","3":"status-publish","5":"infinite-scroll-item"},"uagb_featured_image_src":{"full":false,"thumbnail":false,"medium":false,"medium_large":false,"large":false,"1536x1536":false,"2048x2048":false},"uagb_author_info":{"display_name":"CryptocurrencyCodes.com","author_link":"https:\/\/cryptocurrencycodes.com\/vi\/author\/blacksands\/"},"uagb_comment_info":0,"uagb_excerpt":"Ch\u00fang t\u00f4i \u0111\u00e3 t\u1ea1o trang n\u00e0y \u0111\u1ec3 gi\u00fap b\u1ea1n t\u00ecm \u0111\u01b0\u1eddng tr\u00ean CryptocurrencyCodes.com. S\u1edf giao d\u1ecbch FTX AAX AscendEX Bityard Bexplus Coinbase Dsdaq BitForex Bit.com CoinSpot StormGain Phemex BitZ Binance BKEX Bitfinex BitMart BTSE Crypto.com ... read more","_links":{"self":[{"href":"https:\/\/cryptocurrencycodes.com\/vi\/wp-json\/wp\/v2\/pages\/15208","targetHints":{"allow":["GET"]}}],"collection":[{"href":"https:\/\/cryptocurrencycodes.com\/vi\/wp-json\/wp\/v2\/pages"}],"about":[{"href":"https:\/\/cryptocurrencycodes.com\/vi\/wp-json\/wp\/v2\/types\/page"}],"author":[{"embeddable":true,"href":"https:\/\/cryptocurrencycodes.com\/vi\/wp-json\/wp\/v2\/users\/1"}],"replies":[{"embeddable":true,"href":"https:\/\/cryptocurrencycodes.com\/vi\/wp-json\/wp\/v2\/comments?post=15208"}],"version-history":[{"count":9,"href":"https:\/\/cryptocurrencycodes.com\/vi\/wp-json\/wp\/v2\/pages\/15208\/revisions"}],"predecessor-version":[{"id":23303,"href":"https:\/\/cryptocurrencycodes.com\/vi\/wp-json\/wp\/v2\/pages\/15208\/revisions\/23303"}],"wp:attachment":[{"href":"https:\/\/cryptocurrencycodes.com\/vi\/wp-json\/wp\/v2\/media?parent=15208"}],"curies":[{"name":"wp","href":"https:\/\/api.w.org\/{rel}","templated":true}]}}